{"id":185,"date":"2021-09-09T13:42:23","date_gmt":"2021-09-09T12:42:23","guid":{"rendered":"https:\/\/www.faircobaltalliance.org\/?page_id=185"},"modified":"2026-03-03T11:44:20","modified_gmt":"2026-03-03T11:44:20","slug":"sauvegarde-des-droits-de-lenfant","status":"publish","type":"page","link":"https:\/\/faircobaltalliance.org\/fr\/approche-fr\/sauvegarde-des-droits-de-lenfant\/","title":{"rendered":"Sauvegarde des droits de l&rsquo;enfant"},"content":{"rendered":"\n\n<section class=\"hero user-text\">\n    <div class=\"hero__blocker\"><\/div>\n    <div class=\"hero__image\">\n        <div class=\"hero__image--desktop\" style=\"background-image: url(https:\/\/faircobaltalliance.org\/app\/uploads\/2021\/09\/Safeguarding-Childrens-Rights-hero-1280x617.jpg)\" alt=\"\"><\/div>\n        <div class=\"hero__image--mobile\" style=\"background-image:  url(https:\/\/faircobaltalliance.org\/app\/uploads\/2021\/09\/Safeguarding-Childrens-Rights-hero-768x430.jpg);\" alt=\"\"><\/div>\n    <\/div>\n    <div class=\"hero__container\">\n        <div class=\"hero__content\">\n                            <h1 class=\"hero__title\">Rem\u00e9diation du travail des enfants<\/h1>\n                                <\/div>\n    <\/div>\n<\/section>\n\n\n\n\n<section class=\"callout-block user-text has-bg\">\n    <div class=\"wrapper\">\n        <p>L&rsquo;ACE collabore avec les coop\u00e9ratives locales et la soci\u00e9t\u00e9 civile afin de mettre en place un syst\u00e8me \u00e9volutif de signalement du travail des enfants. Le Child Rights Action Hub DRC est un r\u00e9seau de pr\u00e9vention et de lutte contre le travail des enfants qui a un impact \u00e0 long terme en RDC. Il a \u00e9t\u00e9 cr\u00e9\u00e9 en 2022 par le Centre for Child Rights and business avec le soutien de l&rsquo;ACE.<\/p>\n    <\/div>\n<\/section>\n\n\n\n\n<section class=\"text-block user-text     has-divider  \">\n    <div class=\"wrapper\">\n        <h2>Protection des droits de l&rsquo;enfant<\/h2>\n<h5>Au c\u0153ur de la discussion autour du cobalt EMAPE se trouve la question du travail des enfants &#8211; port\u00e9e \u00e0 l&rsquo;attention du public par le rapport d&rsquo;Amnesty International de 2016: <a href=\"https:\/\/www.amnesty.org\/en\/documents\/afr62\/3183\/2016\/en\/\" target=\"_blank\" rel=\"noopener\">This is what we die for<\/a>.\u00a0 La ceinture de cuivre-cobalt \u00e9tant caract\u00e9ris\u00e9e par une pauvret\u00e9 g\u00e9n\u00e9ralis\u00e9e, 11 % des enfants se retrouvent \u00e0 travailler pour contribuer aux revenus du m\u00e9nage ou aider \u00e0 couvrir les (propres) frais de scolarit\u00e9.<\/h5>\n<p>En 2017, l&rsquo;universit\u00e9 de Berkeley a men\u00e9 une enqu\u00eate communautaire compl\u00e8te aupr\u00e8s de 2 635 m\u00e9nages dans 150 communaut\u00e9s mini\u00e8res de cobalt, et a constat\u00e9 qu&rsquo;environ un quart (23 %) de ces enfants (moins de 5 000 enfants) travaillent dans ou autour des mines de cobalt, creusant pour transporter ou traiter le minerai de la batterie. Il est important de noter que, selon la m\u00eame \u00e9tude, la majorit\u00e9 des enfants qui travaillent dans la r\u00e9gion le font dans l&rsquo;agriculture (49%) ou comme domestiques (30%).<\/p>\n    <\/div>\n<\/section>\n\n\n\n\n<section class=\"text-block user-text       \">\n    <div class=\"wrapper\">\n        <h4>\u0152uvrer pour des op\u00e9rations mini\u00e8res artisanales exemptes de travail des enfants<\/h4>\n<p>Pour emp\u00eacher les enfants de travailler dans les mines artisanales de cobalt, l\u2019ACE travaille avec les coop\u00e9ratives locales et la soci\u00e9t\u00e9 civile pour mettre en place des contr\u00f4les et des m\u00e9canismes de suivi efficaces afin d&rsquo;identifier les cas de travail des enfants et d&#8217;emp\u00eacher les enfants de travailler dans leurs exploitations.<\/p>\n<p>Conform\u00e9ment aux lignes directrices de l&rsquo;OCDE en mati\u00e8re de diligence raisonnable et aux experts des droits de l&rsquo;enfant, nous ne promouvons toutefois pas une simple interdiction du travail des enfants dans les sites artisanaux, mais nous plaidons plut\u00f4t en faveur d&rsquo;une rem\u00e9diation compl\u00e8te des cas de travail des enfants, en pla\u00e7ant le bien-\u00eatre physique et mental de l&rsquo;enfant au centre de nos efforts.<\/p>\n<p>Pour pr\u00e9venir et att\u00e9nuer l&rsquo;occurrence du travail des enfants dans le secteur minier artisanal \u00e0 long terme, nous devons nous attaquer \u00e0 sa cause premi\u00e8re : la pauvret\u00e9 g\u00e9n\u00e9ralis\u00e9e. Par cons\u00e9quent, l\u2019ACE se concentre sur la promotion de <a href=\"https:\/\/www.faircobaltalliance.org\/fr\/approche-fr\/la-diversification-economique\/\">la diversification \u00e9conomique<\/a>\u00a0de la r\u00e9gion, dans le but d&rsquo;augmenter les revenus des m\u00e9nages. Consciente que le d\u00e9veloppement \u00e9conomique doit s&rsquo;accompagner d&rsquo;un changement culturel, l\u2019ACE a commenc\u00e9 \u00e0 mettre en \u0153uvre une campagne \u00e0 long terme pour sensibiliser les mineurs et leurs communaut\u00e9s au probl\u00e8me du travail des enfants.<\/p>\n    <\/div>\n<\/section>\n\n\n\n\n<section class=\"text-block user-text      has-bg \">\n    <div class=\"wrapper\">\n        <h4><img loading=\"lazy\" decoding=\"async\" class=\"alignleft size-full wp-image-7377\" src=\"https:\/\/faircobaltalliance.org\/app\/uploads\/2026\/03\/The-Hub-French-scaled.png\" alt=\"\" width=\"2560\" height=\"683\" srcset=\"https:\/\/faircobaltalliance.org\/app\/uploads\/2026\/03\/The-Hub-French-scaled.png 2560w, https:\/\/faircobaltalliance.org\/app\/uploads\/2026\/03\/The-Hub-French-300x80.png 300w, https:\/\/faircobaltalliance.org\/app\/uploads\/2026\/03\/The-Hub-French-1024x273.png 1024w, https:\/\/faircobaltalliance.org\/app\/uploads\/2026\/03\/The-Hub-French-1536x410.png 1536w, https:\/\/faircobaltalliance.org\/app\/uploads\/2026\/03\/The-Hub-French-2048x546.png 2048w, https:\/\/faircobaltalliance.org\/app\/uploads\/2026\/03\/The-Hub-French-260x69.png 260w\" sizes=\"auto, (max-width: 2560px) 100vw, 2560px\" \/><\/h4>\n<h4>Soutenir les enfants dans les communaut\u00e9s mini\u00e8res de cobalt : un effort collaboratif<\/h4>\n<p>Au c\u0153ur de la r\u00e9gion de Kolwezi, riche en cobalt, en R\u00e9publique d\u00e9mocratique du Congo, les enfants sont confront\u00e9s \u00e0 la dure r\u00e9alit\u00e9 du travail dans les mines artisanales. Le <b>Child Rights Action Hub DRC<\/b> (<a href=\"https:\/\/www.childrights-business.org\/impact\/the-hub-a-child-labour-prevention-and-remediation-network-creating-long-term-impact-in-kolwezi-democratic-republic-of-congo-drc\">Action Hub<\/a>), cr\u00e9\u00e9 par <b>The Centre for Child Rights<\/b> et l&rsquo;<b>Alliance du Cobalt \u00c9quitable (ACE)<\/b>, fait des progr\u00e8s significatifs pour prot\u00e9ger et r\u00e9habiliter ces enfants.<\/p>\n<p>L&rsquo;Action Hub leur offre une bou\u00e9e de sauvetage en leur donnant acc\u00e8s \u00e0 l&rsquo;\u00e9ducation, \u00e0 la sant\u00e9, \u00e0 un soutien psychosocial et \u00e0 un avenir s\u00fbr. Le programme change d\u00e9j\u00e0 des vies, en aidant des enfants comme <a href=\"https:\/\/www.faircobaltalliance.org\/blog\/the-hub-a-child-labour-prevention-and-remediation-network-creating-long-term-impact-in-kolwezi-democratic-republic-of-congo-drc\/\">Jean<\/a>*, qui a connu des \u00e9preuves inimaginables dans les mines, \u00e0 r\u00e9int\u00e9grer l&rsquo;\u00e9cole et \u00e0 commencer \u00e0 se reconstruire.<\/p>\n<p>Cr\u00e9\u00e9 en 2022 en tant qu&rsquo;association locale \u00e0 but non lucratif, l&rsquo;Action Hub RDC s&rsquo;attaque aux risques li\u00e9s au travail des enfants dans l&rsquo;EMAPE et soutient une transition juste dans l&rsquo;extraction des min\u00e9raux critiques. L&rsquo;Action Hub aide les entreprises \u00e0 identifier, pr\u00e9venir et traiter les risques li\u00e9s au travail des enfants, conform\u00e9ment au cycle de diligence raisonnable de l&rsquo;OCDE et aux nouvelles exigences r\u00e9glementaires, notamment la directive europ\u00e9enne sur la diligence raisonnable en mati\u00e8re de durabilit\u00e9 des entreprises (CSDDD). Aujourd&rsquo;hui, l&rsquo;Action Hub est soutenu par 24 entreprises et partenaires.<\/p>\n<p>D\u00e9couvrez comment <b>le Centre for Child Rights and Business<\/b> et ses partenaires sont \u00e0 l&rsquo;avant-garde des solutions durables pour lutter contre le travail des enfants et autonomiser les enfants vuln\u00e9rables. Apprenez-en davantage sur ce travail essentiel et sur la mani\u00e8re dont les entreprises peuvent contribuer \u00e0 prot\u00e9ger les droits des enfants dans les communaut\u00e9s mini\u00e8res.<\/p>\n<p><i>Pour en savoir plus sur The Hub<\/i>, cliquez <a href=\"https:\/\/www.childrights-business.org\/impact\/the-hub-a-child-labour-prevention-and-remediation-network-creating-long-term-impact-in-kolwezi-democratic-republic-of-congo-drc\"><i>ici<\/i><\/a><i>.<\/i><\/p>\n    <\/div>\n<\/section>\n\n\n\n<p><\/p>\n\n\n\n\n<section class=\"full-width-image\">\n    <picture>\n        <source srcset=\"https:\/\/faircobaltalliance.org\/app\/uploads\/2021\/09\/Safeguarding-Childrens-Rights-2-1280px-1280x500.jpg)\" media=\"(min-width: 768px)\">\n        <source srcset=\"https:\/\/faircobaltalliance.org\/app\/uploads\/2021\/09\/Safeguarding-Childrens-Rights-2-1280px-768x300.jpg)\" media=\"(min-width: 0px)\">\n        <img decoding=\"async\" src=\"https:\/\/faircobaltalliance.org\/app\/uploads\/2021\/09\/Safeguarding-Childrens-Rights-2-1280px-1280x500.jpg\" alt=\"\">\n    <\/picture>\n<\/section>\n\n\n\n\n<section class=\"text-block user-text       \">\n    <div class=\"wrapper\">\n        <h4>Mise en place d&rsquo;un m\u00e9canisme \u00e9volutif et reproductible de lutte contre le travail des enfants<\/h4>\n<p>Sous la houlette du Centre for Child Rights and Business, membre de l&rsquo;ACE, nous nous attachons \u00e0 renforcer les capacit\u00e9s des organisations locales de la soci\u00e9t\u00e9 civile partenaires afin de d\u00e9velopper et de g\u00e9rer conjointement un m\u00e9canisme int\u00e9gr\u00e9 de lutte contre le travail des enfants. Ce syst\u00e8me de gestion des cas tient compte de la situation individuelle de chaque enfant concern\u00e9, lui permettant d&rsquo;acc\u00e9der \u00e0 l&rsquo;enseignement primaire et secondaire ainsi qu&rsquo;\u00e0 un soutien m\u00e9dical et psychologique. Consciente que les jeunes de 15 ans et plus sont les plus susceptibles de chercher un emploi dans les mines, l&rsquo;ACE vise \u00e0 leur offrir un acc\u00e8s accru \u00e0 la formation professionnelle, aux stages et aux opportunit\u00e9s d&#8217;emploi.<\/p>\n    <\/div>\n<\/section>\n\n\n<div class=\"wp-block-image\">\n<figure class=\"aligncenter size-full\"><img loading=\"lazy\" decoding=\"async\" width=\"770\" height=\"569\" src=\"https:\/\/www.faircobaltalliance.org\/app\/uploads\/2021\/09\/inline-image@2x.jpg\" alt=\"Happy children\" class=\"wp-image-408\" srcset=\"https:\/\/faircobaltalliance.org\/app\/uploads\/2021\/09\/inline-image@2x.jpg 770w, https:\/\/faircobaltalliance.org\/app\/uploads\/2021\/09\/inline-image@2x-300x222.jpg 300w, https:\/\/faircobaltalliance.org\/app\/uploads\/2021\/09\/inline-image@2x-260x192.jpg 260w\" sizes=\"auto, (max-width: 770px) 100vw, 770px\" \/><\/figure>\n<\/div>\n\n\n\n<section class=\"text-block user-text       \">\n    <div class=\"wrapper\">\n        <h4>Am\u00e9liorer la scolarisation dans l&rsquo;enseignement primaire et secondaire.<\/h4>\n<p><a href=\"\/fr\/supply-chain-wide-collaboration\/our-members\/signify\/\"><img loading=\"lazy\" decoding=\"async\" class=\"wp-image-1029 size-medium aligncenter\" src=\"https:\/\/fca.sos-dev.co.uk\/wp-content\/uploads\/2021\/09\/signify-logo-800px-300x116.jpg\" alt=\"\" width=\"300\" height=\"116\" srcset=\"https:\/\/faircobaltalliance.org\/app\/uploads\/2021\/09\/signify-logo-800px-300x116.jpg 300w, https:\/\/faircobaltalliance.org\/app\/uploads\/2021\/09\/signify-logo-800px-768x300.jpg 768w, https:\/\/faircobaltalliance.org\/app\/uploads\/2021\/09\/signify-logo-800px-260x100.jpg 260w, https:\/\/faircobaltalliance.org\/app\/uploads\/2021\/09\/signify-logo-800px.jpg 800w\" sizes=\"auto, (max-width: 300px) 100vw, 300px\" \/><\/a><\/p>\n<p><strong>Projet d&rsquo;\u00e9lectrification des \u00e9coles<\/strong><\/p>\n<p>Le projet de la Fondation Signify, dont l&rsquo;objectif est d&rsquo;installer des panneaux solaires et de distribuer des biblioth\u00e8ques solaires dans des \u00e9coles, un march\u00e9 et un terrain de football dans les quartiers de Kasulu et Kapata \u00e0 Kolwezi, a \u00e9t\u00e9 lanc\u00e9 fin 2020. En collaboration avec le ministre provincial de l&rsquo;\u00e9nergie, le maire de Kolwezi et la division de l&rsquo;\u00e9ducation, 10 \u00e9coles publiques, concernant 6000 \u00e9l\u00e8ves ont \u00e9t\u00e9 s\u00e9lectionn\u00e9es et approch\u00e9es pour le projet. Apr\u00e8s avoir d\u00e9ploy\u00e9 des efforts importants pour discuter avec les autorit\u00e9s locales, recueillir des informations et trier les candidatures, nous avons officiellement s\u00e9lectionn\u00e9 les \u00e9coles qui recevront les panneaux. Apr\u00e8s quelques retards, le mat\u00e9riel est actuellement exp\u00e9di\u00e9 sur place. Le projet d&rsquo;\u00e9lectrification des \u00e9coles est au b\u00e9n\u00e9fice des enseignants, des \u00e9l\u00e8ves et de leurs familles, des \u00e9coles primaires et secondaires Kasulu et Kapata.<\/p>\n    <\/div>\n<\/section>\n\n\n<div class=\"banner user-text has-bg\">\n  <div class=\"wrapper\">\n            <div class=\"banner__text\">\n          <h3 class=\"banner__title\">Nous ne pouvons pas agir seuls<\/h3>\n          <p>L\u2019ACE est une plateforme d&rsquo;action qui s&rsquo;appuie sur l&rsquo;expertise, les ressources et l&rsquo;exp\u00e9rience de ses partenaires et de ses membres. Nous cherchons \u00e0 \u00e9largir le champ de nos partenariats pour maximiser notre impact et nous assurer que nous faisons tout notre possible pour aider les enfants. Si vous souhaitez en savoir plus sur la fa\u00e7on dont vous pouvez contribuer, <a href=\"https:\/\/www.faircobaltalliance.org\/fr\/a-propos-de-nous\/nous-contacter\/\">veuillez nous contacter d\u00e8s aujourd&rsquo;hui.<\/a><\/p>\n        <\/div>\n      <\/div>\n<\/div>\n\n\n    <section class=\"testimonial-section user-text \">\n        <div class=\"wrapper\">\n                                            <div class=\"testimonial\">\n                    <span class=\"quote-icon\"><svg xmlns=\"http:\/\/www.w3.org\/2000\/svg\" viewBox=\"0 0 43.43 41.26\">\n    <g style=\"isolation:isolate\">\n        <g style=\"isolation:isolate\">\n            <path d=\"M16.93,7.82q-5.32,1-7.48,7.71a21.15,21.15,0,0,0-1.08,6.56,4.16,4.16,0,0,0,0,.66c0,.18.06.58.11,1.19h8.41V40.76H.5V25.25Q.5,13.84,5.05,7.66A16.9,16.9,0,0,1,16.93.57Zm26,0a8.66,8.66,0,0,0-6.44,4.78A19.55,19.55,0,0,0,34.29,22c0,.31,0,.62,0,.93a5,5,0,0,0,.19,1h8.41V40.76H26.42V25.25A34.23,34.23,0,0,1,30.28,8.86Q34.14,1.64,42.93.57Z\" fill=\"none\" stroke=\"#707070\" \/>\n        <\/g>\n    <\/g>\n<\/svg><\/span>\n                    <figure class=\"quote\">\n                        <blockquote>\n                            <p>Nous soutenons l\u2019ACE parce que nous pensons qu&rsquo;en tant qu&rsquo;industrie, nous avons la responsabilit\u00e9 de permettre le changement et nous ne pouvons le faire qu&rsquo;ensemble, en particulier dans le cadre complexe de l&rsquo;exploitation mini\u00e8re artisanale \u00e0 petite \u00e9chelle. Nous sommes reconnaissants de faire partie d&rsquo;un nombre croissant d&rsquo;entreprises partageant des id\u00e9es similaires et regroupant leurs efforts pour avoir un impact positif. Nous souhaitons voir un \u00e9change appr\u00e9ciatif et encourageant avec les autres membres pour permettre un approvisionnement responsable en cobalt.<\/p>\n                        <\/blockquote>\n                        <figcaption>\n                            Shift                        <\/figcaption>\n                    <\/figure>\n                <\/div>\n                    <\/div>\n    <\/section>\n","protected":false},"excerpt":{"rendered":"","protected":false},"author":1,"featured_media":0,"parent":31,"menu_order":1,"comment_status":"closed","ping_status":"closed","template":"","meta":{"_acf_changed":false,"footnotes":""},"class_list":["post-185","page","type-page","status-publish","hentry"],"acf":[],"yoast_head":"<!-- This site is optimized with the Yoast SEO plugin v27.3 - https:\/\/yoast.com\/product\/yoast-seo-wordpress\/ -->\n<title>Sauvegarde des droits de l&#039;enfant - The Fair Cobalt Alliance<\/title>\n<meta name=\"robots\" content=\"index, follow, max-snippet:-1, max-image-preview:large, max-video-preview:-1\" \/>\n<link rel=\"canonical\" href=\"https:\/\/faircobaltalliance.org\/fr\/approche-fr\/sauvegarde-des-droits-de-lenfant\/\" \/>\n<meta property=\"og:locale\" content=\"fr_FR\" \/>\n<meta property=\"og:type\" content=\"article\" \/>\n<meta property=\"og:title\" content=\"Sauvegarde des droits de l&#039;enfant - The Fair Cobalt Alliance\" \/>\n<meta property=\"og:url\" content=\"https:\/\/faircobaltalliance.org\/fr\/approche-fr\/sauvegarde-des-droits-de-lenfant\/\" \/>\n<meta property=\"og:site_name\" content=\"The Fair Cobalt Alliance\" \/>\n<meta property=\"article:modified_time\" content=\"2026-03-03T11:44:20+00:00\" \/>\n<meta property=\"og:image\" content=\"https:\/\/www.faircobaltalliance.org\/app\/uploads\/2021\/09\/inline-image@2x.jpg\" \/>\n<meta name=\"twitter:card\" content=\"summary_large_image\" \/>\n<meta name=\"twitter:label1\" content=\"Est. reading time\" \/>\n\t<meta name=\"twitter:data1\" content=\"1 minute\" \/>\n<script type=\"application\/ld+json\" class=\"yoast-schema-graph\">{\"@context\":\"https:\\\/\\\/schema.org\",\"@graph\":[{\"@type\":\"WebPage\",\"@id\":\"https:\\\/\\\/faircobaltalliance.org\\\/fr\\\/approche-fr\\\/sauvegarde-des-droits-de-lenfant\\\/\",\"url\":\"https:\\\/\\\/faircobaltalliance.org\\\/fr\\\/approche-fr\\\/sauvegarde-des-droits-de-lenfant\\\/\",\"name\":\"Sauvegarde des droits de l'enfant - The Fair Cobalt Alliance\",\"isPartOf\":{\"@id\":\"https:\\\/\\\/www.faircobaltalliance.org\\\/#website\"},\"primaryImageOfPage\":{\"@id\":\"https:\\\/\\\/faircobaltalliance.org\\\/fr\\\/approche-fr\\\/sauvegarde-des-droits-de-lenfant\\\/#primaryimage\"},\"image\":{\"@id\":\"https:\\\/\\\/faircobaltalliance.org\\\/fr\\\/approche-fr\\\/sauvegarde-des-droits-de-lenfant\\\/#primaryimage\"},\"thumbnailUrl\":\"https:\\\/\\\/www.faircobaltalliance.org\\\/app\\\/uploads\\\/2021\\\/09\\\/inline-image@2x.jpg\",\"datePublished\":\"2021-09-09T12:42:23+00:00\",\"dateModified\":\"2026-03-03T11:44:20+00:00\",\"breadcrumb\":{\"@id\":\"https:\\\/\\\/faircobaltalliance.org\\\/fr\\\/approche-fr\\\/sauvegarde-des-droits-de-lenfant\\\/#breadcrumb\"},\"inLanguage\":\"fr-FR\",\"potentialAction\":[{\"@type\":\"ReadAction\",\"target\":[\"https:\\\/\\\/faircobaltalliance.org\\\/fr\\\/approche-fr\\\/sauvegarde-des-droits-de-lenfant\\\/\"]}]},{\"@type\":\"ImageObject\",\"inLanguage\":\"fr-FR\",\"@id\":\"https:\\\/\\\/faircobaltalliance.org\\\/fr\\\/approche-fr\\\/sauvegarde-des-droits-de-lenfant\\\/#primaryimage\",\"url\":\"https:\\\/\\\/www.faircobaltalliance.org\\\/app\\\/uploads\\\/2021\\\/09\\\/inline-image@2x.jpg\",\"contentUrl\":\"https:\\\/\\\/www.faircobaltalliance.org\\\/app\\\/uploads\\\/2021\\\/09\\\/inline-image@2x.jpg\"},{\"@type\":\"BreadcrumbList\",\"@id\":\"https:\\\/\\\/faircobaltalliance.org\\\/fr\\\/approche-fr\\\/sauvegarde-des-droits-de-lenfant\\\/#breadcrumb\",\"itemListElement\":[{\"@type\":\"ListItem\",\"position\":1,\"name\":\"Approche\",\"item\":\"https:\\\/\\\/www.faircobaltalliance.org\\\/fr\\\/approche-fr\\\/\"},{\"@type\":\"ListItem\",\"position\":2,\"name\":\"Sauvegarde des droits de l&#8217;enfant\"}]},{\"@type\":\"WebSite\",\"@id\":\"https:\\\/\\\/www.faircobaltalliance.org\\\/#website\",\"url\":\"https:\\\/\\\/www.faircobaltalliance.org\\\/\",\"name\":\"The Fair Cobalt Alliance\",\"description\":\"Through collaboration - change is possible\",\"potentialAction\":[{\"@type\":\"SearchAction\",\"target\":{\"@type\":\"EntryPoint\",\"urlTemplate\":\"https:\\\/\\\/www.faircobaltalliance.org\\\/?s={search_term_string}\"},\"query-input\":{\"@type\":\"PropertyValueSpecification\",\"valueRequired\":true,\"valueName\":\"search_term_string\"}}],\"inLanguage\":\"fr-FR\"}]}<\/script>\n<!-- \/ Yoast SEO plugin. -->","yoast_head_json":{"title":"Sauvegarde des droits de l'enfant - The Fair Cobalt Alliance","robots":{"index":"index","follow":"follow","max-snippet":"max-snippet:-1","max-image-preview":"max-image-preview:large","max-video-preview":"max-video-preview:-1"},"canonical":"https:\/\/faircobaltalliance.org\/fr\/approche-fr\/sauvegarde-des-droits-de-lenfant\/","og_locale":"fr_FR","og_type":"article","og_title":"Sauvegarde des droits de l'enfant - The Fair Cobalt Alliance","og_url":"https:\/\/faircobaltalliance.org\/fr\/approche-fr\/sauvegarde-des-droits-de-lenfant\/","og_site_name":"The Fair Cobalt Alliance","article_modified_time":"2026-03-03T11:44:20+00:00","og_image":[{"url":"https:\/\/www.faircobaltalliance.org\/app\/uploads\/2021\/09\/inline-image@2x.jpg","type":"","width":"","height":""}],"twitter_card":"summary_large_image","twitter_misc":{"Est. reading time":"1 minute"},"schema":{"@context":"https:\/\/schema.org","@graph":[{"@type":"WebPage","@id":"https:\/\/faircobaltalliance.org\/fr\/approche-fr\/sauvegarde-des-droits-de-lenfant\/","url":"https:\/\/faircobaltalliance.org\/fr\/approche-fr\/sauvegarde-des-droits-de-lenfant\/","name":"Sauvegarde des droits de l'enfant - The Fair Cobalt Alliance","isPartOf":{"@id":"https:\/\/www.faircobaltalliance.org\/#website"},"primaryImageOfPage":{"@id":"https:\/\/faircobaltalliance.org\/fr\/approche-fr\/sauvegarde-des-droits-de-lenfant\/#primaryimage"},"image":{"@id":"https:\/\/faircobaltalliance.org\/fr\/approche-fr\/sauvegarde-des-droits-de-lenfant\/#primaryimage"},"thumbnailUrl":"https:\/\/www.faircobaltalliance.org\/app\/uploads\/2021\/09\/inline-image@2x.jpg","datePublished":"2021-09-09T12:42:23+00:00","dateModified":"2026-03-03T11:44:20+00:00","breadcrumb":{"@id":"https:\/\/faircobaltalliance.org\/fr\/approche-fr\/sauvegarde-des-droits-de-lenfant\/#breadcrumb"},"inLanguage":"fr-FR","potentialAction":[{"@type":"ReadAction","target":["https:\/\/faircobaltalliance.org\/fr\/approche-fr\/sauvegarde-des-droits-de-lenfant\/"]}]},{"@type":"ImageObject","inLanguage":"fr-FR","@id":"https:\/\/faircobaltalliance.org\/fr\/approche-fr\/sauvegarde-des-droits-de-lenfant\/#primaryimage","url":"https:\/\/www.faircobaltalliance.org\/app\/uploads\/2021\/09\/inline-image@2x.jpg","contentUrl":"https:\/\/www.faircobaltalliance.org\/app\/uploads\/2021\/09\/inline-image@2x.jpg"},{"@type":"BreadcrumbList","@id":"https:\/\/faircobaltalliance.org\/fr\/approche-fr\/sauvegarde-des-droits-de-lenfant\/#breadcrumb","itemListElement":[{"@type":"ListItem","position":1,"name":"Approche","item":"https:\/\/www.faircobaltalliance.org\/fr\/approche-fr\/"},{"@type":"ListItem","position":2,"name":"Sauvegarde des droits de l&#8217;enfant"}]},{"@type":"WebSite","@id":"https:\/\/www.faircobaltalliance.org\/#website","url":"https:\/\/www.faircobaltalliance.org\/","name":"The Fair Cobalt Alliance","description":"Through collaboration - change is possible","potentialAction":[{"@type":"SearchAction","target":{"@type":"EntryPoint","urlTemplate":"https:\/\/www.faircobaltalliance.org\/?s={search_term_string}"},"query-input":{"@type":"PropertyValueSpecification","valueRequired":true,"valueName":"search_term_string"}}],"inLanguage":"fr-FR"}]}},"_links":{"self":[{"href":"https:\/\/faircobaltalliance.org\/fr\/wp-json\/wp\/v2\/pages\/185","targetHints":{"allow":["GET"]}}],"collection":[{"href":"https:\/\/faircobaltalliance.org\/fr\/wp-json\/wp\/v2\/pages"}],"about":[{"href":"https:\/\/faircobaltalliance.org\/fr\/wp-json\/wp\/v2\/types\/page"}],"author":[{"embeddable":true,"href":"https:\/\/faircobaltalliance.org\/fr\/wp-json\/wp\/v2\/users\/1"}],"replies":[{"embeddable":true,"href":"https:\/\/faircobaltalliance.org\/fr\/wp-json\/wp\/v2\/comments?post=185"}],"version-history":[{"count":11,"href":"https:\/\/faircobaltalliance.org\/fr\/wp-json\/wp\/v2\/pages\/185\/revisions"}],"predecessor-version":[{"id":7379,"href":"https:\/\/faircobaltalliance.org\/fr\/wp-json\/wp\/v2\/pages\/185\/revisions\/7379"}],"up":[{"embeddable":true,"href":"https:\/\/faircobaltalliance.org\/fr\/wp-json\/wp\/v2\/pages\/31"}],"wp:attachment":[{"href":"https:\/\/faircobaltalliance.org\/fr\/wp-json\/wp\/v2\/media?parent=185"}],"curies":[{"name":"wp","href":"https:\/\/api.w.org\/{rel}","templated":true}]}}