{"id":186,"date":"2021-09-09T13:42:49","date_gmt":"2021-09-09T12:42:49","guid":{"rendered":"https:\/\/www.faircobaltalliance.org\/?page_id=186"},"modified":"2021-10-19T09:56:38","modified_gmt":"2021-10-19T08:56:38","slug":"la-diversification-economique","status":"publish","type":"page","link":"https:\/\/faircobaltalliance.org\/fr\/approche-fr\/la-diversification-economique\/","title":{"rendered":"la diversification e\u0301conomique"},"content":{"rendered":"\n\n<section class=\"hero user-text\">\n    <div class=\"hero__blocker\"><\/div>\n    <div class=\"hero__image\">\n        <div class=\"hero__image--desktop\" style=\"background-image: url(https:\/\/faircobaltalliance.org\/app\/uploads\/2021\/09\/economy-2-1280x617.jpg)\" alt=\"\"><\/div>\n        <div class=\"hero__image--mobile\" style=\"background-image:  url(https:\/\/faircobaltalliance.org\/app\/uploads\/2021\/09\/economy-2.1-1280-768x430.jpg);\" alt=\"\"><\/div>\n    <\/div>\n    <div class=\"hero__container\">\n        <div class=\"hero__content\">\n                            <h1 class=\"hero__title\">Construire une \u00e9conomie locale prosp\u00e8re et diversifi\u00e9e<\/h1>\n                                <\/div>\n    <\/div>\n<\/section>\n\n\n\n\n<section class=\"text-block user-text       \">\n    <div class=\"wrapper\">\n        <h5>Malgr\u00e9 ses \u00e9normes richesses min\u00e9rales, la RDC se classe \u00e0 l&rsquo;avant-dernier rang de l&rsquo;indice de complexit\u00e9 \u00e9conomique, qui d\u00e9crit le degr\u00e9 de diversification d&rsquo;une \u00e9conomie nationale.<\/h5>\n<p>Le pays \u00e9tant fortement tributaire de l&rsquo;exploitation mini\u00e8re industrielle comme principale source de revenus, de larges pans de la population \u00e9prouvent des difficult\u00e9s \u00e0 trouver un emploi et finissent par vivre dans une pauvret\u00e9 absolue. Les dirigeants politiques locaux encouragent activement les investissements dans la diversification de leur \u00e9conomie. Les experts en d\u00e9veloppement et les \u00e9conomistes s&rsquo;accordent \u00e0 dire que la cr\u00e9ation d&rsquo;autres moyens de subsistance peut am\u00e9liorer la situation des communaut\u00e9s locales et rendre l&rsquo;\u00e9conomie plus r\u00e9sistante aux fluctuations des prix sur le march\u00e9 international des m\u00e9taux.<\/p>\n    <\/div>\n<\/section>\n\n\n\n\n<section class=\"full-width-image\">\n    <picture>\n        <source srcset=\"https:\/\/faircobaltalliance.org\/app\/uploads\/2021\/09\/economy-man-with-bike-1280-1280x500.jpg)\" media=\"(min-width: 768px)\">\n        <source srcset=\"https:\/\/faircobaltalliance.org\/app\/uploads\/2021\/09\/economy-man-with-bike-1280-768x300.jpg)\" media=\"(min-width: 0px)\">\n        <img decoding=\"async\" src=\"https:\/\/faircobaltalliance.org\/app\/uploads\/2021\/09\/economy-man-with-bike-1280-1280x500.jpg\" alt=\"\">\n    <\/picture>\n<\/section>\n\n\n\n\n<section class=\"text-block user-text       \">\n    <div class=\"wrapper\">\n        <h4>Faire de l&rsquo;exploitation mini\u00e8re artisanale un choix digne<\/h4>\n<p>En l&rsquo;absence d&rsquo;alternatives viables, l&rsquo;exploitation mini\u00e8re artisanale devient l&rsquo;une des seules options permettant \u00e0 de nombreuses personnes vivant dans les communaut\u00e9s mini\u00e8res de la province de Lualaba de gagner d\u00e9cemment leur vie. Les mineurs artisanaux gagnent souvent plus que leurs pairs dans l&rsquo;agriculture, les vendeurs ou l&rsquo;industrie des services. Le fait d&rsquo;\u00eatre pay\u00e9 en liquide chaque semaine, voire chaque jour, pr\u00e9sente un avantage certain par rapport \u00e0 des activit\u00e9s telles que l&rsquo;agriculture de subsistance, car il existe une garantie d&rsquo;\u00e9coulement du minerai de cobalt dans l&rsquo;une des nombreuses maisons de commerce informelles existantes, ainsi qu&rsquo;une perspective d&rsquo;\u00a0\u00bbargent rapide\u00a0\u00bb par rapport aux b\u00e9n\u00e9fices des cycles agricoles.<\/p>\n<p>En travaillant avec les coop\u00e9ratives locales pour professionnaliser la fa\u00e7on dont les mines artisanales sont exploit\u00e9es, nous nous engageons \u00e0 faire de l&rsquo;exploitation mini\u00e8re artisanale un moyen de subsistance digne. Nous voulons \u00e9galement cr\u00e9er et promouvoir des alternatives en dehors des mines, afin que le travail dans les mines devienne un choix et ne soit plus la seule option \u00e9conomiquement viable et accessible.<\/p>\n<p>L&rsquo;ACE vise \u00e0 offrir aux mineurs artisanaux le choix de rester dans l&rsquo;exploitation mini\u00e8re artisanale mais en travaillant dans de meilleures conditions, ou de quitter le secteur pour suivre une profession alternative \u00e0 travers l&rsquo;un des projets de diversification \u00e9conomique de l\u2019ACE.<\/p>\n    <\/div>\n<\/section>\n\n\n\n<div class=\"wp-block-image\"><figure class=\"aligncenter size-large\"><img loading=\"lazy\" decoding=\"async\" width=\"1024\" height=\"480\" src=\"https:\/\/www.faircobaltalliance.org\/app\/uploads\/2021\/09\/economy-3-1280px-1024x480.jpg\" alt=\"\" class=\"wp-image-1288\" srcset=\"https:\/\/faircobaltalliance.org\/app\/uploads\/2021\/09\/economy-3-1280px-1024x480.jpg 1024w, https:\/\/faircobaltalliance.org\/app\/uploads\/2021\/09\/economy-3-1280px-300x141.jpg 300w, https:\/\/faircobaltalliance.org\/app\/uploads\/2021\/09\/economy-3-1280px-260x122.jpg 260w, https:\/\/faircobaltalliance.org\/app\/uploads\/2021\/09\/economy-3-1280px.jpg 1280w\" sizes=\"auto, (max-width: 1024px) 100vw, 1024px\" \/><\/figure><\/div>\n\n\n<section class=\"accordion-section user-text     has-bg\">\n    <div class=\"wrapper\">\n                                                <h4 class=\"accordion__title\">Nos plans pour augmenter les revenus des m\u00e9nages<\/h4>\n                            <section class=\"accordion\">\n                            <div class=\"accordion__items\">\n                                                                    <div class=\"accordion__item\">\n                            <button class=\"accordion__button\">\n                                <h3 class=\"accordion__item-title\">Promouvoir l&rsquo;\u00e9ducation financi\u00e8re<\/h3>\n                                <span class=\"arrow-icon\"><svg xmlns=\"http:\/\/www.w3.org\/2000\/svg\" width=\"18\" height=\"11.11\" viewBox=\"0 0 18 11.11\">\n    <path d=\"M2.11,0,9,6.87,15.89,0,18,2.11l-9,9-9-9Z\" fill=\"#bf8c2e\" \/><\/svg><\/span>\n                            <\/button>\n                            <div class=\"accordion__item-content\">\n                                <p>Consciente de l&rsquo;importance de l&rsquo;\u00e9ducation financi\u00e8re et de l&rsquo;instauration d&rsquo;une culture de l&rsquo;\u00e9pargne et de l&rsquo;investissement au niveau des m\u00e9nages, l\u2019ACE entend soutenir les initiatives locales visant \u00e0 promouvoir l&rsquo;\u00e9ducation commerciale et financi\u00e8re, ainsi que les syst\u00e8mes d&rsquo;\u00e9pargne collectifs<\/p>\n                            <\/div>\n                        <\/div>\n                                                                        <div class=\"accordion__item\">\n                            <button class=\"accordion__button\">\n                                <h3 class=\"accordion__item-title\">Encourager les moyens de subsistance alternatifs et l&rsquo;esprit d&rsquo;entreprise<\/h3>\n                                <span class=\"arrow-icon\"><svg xmlns=\"http:\/\/www.w3.org\/2000\/svg\" width=\"18\" height=\"11.11\" viewBox=\"0 0 18 11.11\">\n    <path d=\"M2.11,0,9,6.87,15.89,0,18,2.11l-9,9-9-9Z\" fill=\"#bf8c2e\" \/><\/svg><\/span>\n                            <\/button>\n                            <div class=\"accordion__item-content\">\n                                <p>En lien avec ses projets d&rsquo;\u00e9ducation financi\u00e8re et de groupes d&rsquo;\u00e9pargne, l\u2019ACE aide les participants \u00e0 identifier les opportunit\u00e9s d&rsquo;entreprenariat local par le biais de formations appropri\u00e9es, de mentorat d&rsquo;entreprise et d&rsquo;acc\u00e8s aux services financiers et aux pr\u00eats tels que les programmes de micro-financement pour les ind\u00e9pendants.<\/p>\n                            <\/div>\n                        <\/div>\n                                                                        <div class=\"accordion__item\">\n                            <button class=\"accordion__button\">\n                                <h3 class=\"accordion__item-title\">D\u00e9velopper l&rsquo;agriculture locale de mani\u00e8re durable<\/h3>\n                                <span class=\"arrow-icon\"><svg xmlns=\"http:\/\/www.w3.org\/2000\/svg\" width=\"18\" height=\"11.11\" viewBox=\"0 0 18 11.11\">\n    <path d=\"M2.11,0,9,6.87,15.89,0,18,2.11l-9,9-9-9Z\" fill=\"#bf8c2e\" \/><\/svg><\/span>\n                            <\/button>\n                            <div class=\"accordion__item-content\">\n                                <p>En plus de ses riches ressources min\u00e9rales, la RDC poss\u00e8de de vastes \u00e9tendues de sols riches et fertiles inutilis\u00e9s avec un immense potentiel pour l&rsquo;agriculture durable. Malheureusement, en raison de l&rsquo;accent mis sur l&rsquo;exploitation mini\u00e8re, ce potentiel a jusqu&rsquo;\u00e0 pr\u00e9sent \u00e9t\u00e9 largement n\u00e9glig\u00e9. Au lieu de cela, les produits alimentaires sont souvent import\u00e9s de pays voisins comme la Zambie, ce qui rend la population de Lualaba vuln\u00e9rable aux augmentations soudaines des prix ou aux p\u00e9nuries d&rsquo;approvisionnement. Nous cherchons \u00e0 changer cela en travaillant avec des groupes et des entreprises agricoles locaux pour former les gens aux techniques de culture afin d&rsquo;implanter une nouvelle industrie, de maximiser la production et de pousser la voie vers l&rsquo;ind\u00e9pendance alimentaire.<\/p>\n                            <\/div>\n                        <\/div>\n                                        <\/div>\n                    <\/section>\n            <\/div>\n<\/section>\n","protected":false},"excerpt":{"rendered":"","protected":false},"author":1,"featured_media":0,"parent":31,"menu_order":2,"comment_status":"closed","ping_status":"closed","template":"","meta":{"_acf_changed":false,"footnotes":""},"class_list":["post-186","page","type-page","status-publish","hentry"],"acf":[],"yoast_head":"<!-- This site is optimized with the Yoast SEO plugin v27.3 - https:\/\/yoast.com\/product\/yoast-seo-wordpress\/ -->\n<title>la diversification e\u0301conomique - The Fair Cobalt Alliance<\/title>\n<meta name=\"robots\" content=\"index, follow, max-snippet:-1, max-image-preview:large, max-video-preview:-1\" \/>\n<link rel=\"canonical\" href=\"https:\/\/www.faircobaltalliance.org\/fr\/approche-fr\/la-diversification-economique\/\" \/>\n<meta property=\"og:locale\" content=\"fr_FR\" \/>\n<meta property=\"og:type\" content=\"article\" \/>\n<meta property=\"og:title\" content=\"la diversification e\u0301conomique - The Fair Cobalt Alliance\" \/>\n<meta property=\"og:url\" content=\"https:\/\/www.faircobaltalliance.org\/fr\/approche-fr\/la-diversification-economique\/\" \/>\n<meta property=\"og:site_name\" content=\"The Fair Cobalt Alliance\" \/>\n<meta property=\"article:modified_time\" content=\"2021-10-19T08:56:38+00:00\" \/>\n<meta property=\"og:image\" content=\"https:\/\/faircobaltalliance.org\/wp-content\/uploads\/2021\/09\/economy-3-1280px-1024x480.jpg\" \/>\n<meta name=\"twitter:card\" content=\"summary_large_image\" \/>\n<meta name=\"twitter:label1\" content=\"Est. reading time\" \/>\n\t<meta name=\"twitter:data1\" content=\"1 minute\" \/>\n<script type=\"application\/ld+json\" class=\"yoast-schema-graph\">{\"@context\":\"https:\\\/\\\/schema.org\",\"@graph\":[{\"@type\":\"WebPage\",\"@id\":\"https:\\\/\\\/www.faircobaltalliance.org\\\/fr\\\/approche-fr\\\/la-diversification-economique\\\/\",\"url\":\"https:\\\/\\\/www.faircobaltalliance.org\\\/fr\\\/approche-fr\\\/la-diversification-economique\\\/\",\"name\":\"la diversification e\u0301conomique - The Fair Cobalt Alliance\",\"isPartOf\":{\"@id\":\"https:\\\/\\\/www.faircobaltalliance.org\\\/#website\"},\"primaryImageOfPage\":{\"@id\":\"https:\\\/\\\/www.faircobaltalliance.org\\\/fr\\\/approche-fr\\\/la-diversification-economique\\\/#primaryimage\"},\"image\":{\"@id\":\"https:\\\/\\\/www.faircobaltalliance.org\\\/fr\\\/approche-fr\\\/la-diversification-economique\\\/#primaryimage\"},\"thumbnailUrl\":\"https:\\\/\\\/www.faircobaltalliance.org\\\/app\\\/uploads\\\/2021\\\/09\\\/economy-3-1280px-1024x480.jpg\",\"datePublished\":\"2021-09-09T12:42:49+00:00\",\"dateModified\":\"2021-10-19T08:56:38+00:00\",\"breadcrumb\":{\"@id\":\"https:\\\/\\\/www.faircobaltalliance.org\\\/fr\\\/approche-fr\\\/la-diversification-economique\\\/#breadcrumb\"},\"inLanguage\":\"fr-FR\",\"potentialAction\":[{\"@type\":\"ReadAction\",\"target\":[\"https:\\\/\\\/www.faircobaltalliance.org\\\/fr\\\/approche-fr\\\/la-diversification-economique\\\/\"]}]},{\"@type\":\"ImageObject\",\"inLanguage\":\"fr-FR\",\"@id\":\"https:\\\/\\\/www.faircobaltalliance.org\\\/fr\\\/approche-fr\\\/la-diversification-economique\\\/#primaryimage\",\"url\":\"https:\\\/\\\/www.faircobaltalliance.org\\\/app\\\/uploads\\\/2021\\\/09\\\/economy-3-1280px-1024x480.jpg\",\"contentUrl\":\"https:\\\/\\\/www.faircobaltalliance.org\\\/app\\\/uploads\\\/2021\\\/09\\\/economy-3-1280px-1024x480.jpg\"},{\"@type\":\"BreadcrumbList\",\"@id\":\"https:\\\/\\\/www.faircobaltalliance.org\\\/fr\\\/approche-fr\\\/la-diversification-economique\\\/#breadcrumb\",\"itemListElement\":[{\"@type\":\"ListItem\",\"position\":1,\"name\":\"Approche\",\"item\":\"https:\\\/\\\/www.faircobaltalliance.org\\\/fr\\\/approche-fr\\\/\"},{\"@type\":\"ListItem\",\"position\":2,\"name\":\"la diversification e\u0301conomique\"}]},{\"@type\":\"WebSite\",\"@id\":\"https:\\\/\\\/www.faircobaltalliance.org\\\/#website\",\"url\":\"https:\\\/\\\/www.faircobaltalliance.org\\\/\",\"name\":\"The Fair Cobalt Alliance\",\"description\":\"Through collaboration - change is possible\",\"potentialAction\":[{\"@type\":\"SearchAction\",\"target\":{\"@type\":\"EntryPoint\",\"urlTemplate\":\"https:\\\/\\\/www.faircobaltalliance.org\\\/?s={search_term_string}\"},\"query-input\":{\"@type\":\"PropertyValueSpecification\",\"valueRequired\":true,\"valueName\":\"search_term_string\"}}],\"inLanguage\":\"fr-FR\"}]}<\/script>\n<!-- \/ Yoast SEO plugin. -->","yoast_head_json":{"title":"la diversification e\u0301conomique - The Fair Cobalt Alliance","robots":{"index":"index","follow":"follow","max-snippet":"max-snippet:-1","max-image-preview":"max-image-preview:large","max-video-preview":"max-video-preview:-1"},"canonical":"https:\/\/www.faircobaltalliance.org\/fr\/approche-fr\/la-diversification-economique\/","og_locale":"fr_FR","og_type":"article","og_title":"la diversification e\u0301conomique - The Fair Cobalt Alliance","og_url":"https:\/\/www.faircobaltalliance.org\/fr\/approche-fr\/la-diversification-economique\/","og_site_name":"The Fair Cobalt Alliance","article_modified_time":"2021-10-19T08:56:38+00:00","og_image":[{"url":"https:\/\/faircobaltalliance.org\/wp-content\/uploads\/2021\/09\/economy-3-1280px-1024x480.jpg","type":"","width":"","height":""}],"twitter_card":"summary_large_image","twitter_misc":{"Est. reading time":"1 minute"},"schema":{"@context":"https:\/\/schema.org","@graph":[{"@type":"WebPage","@id":"https:\/\/www.faircobaltalliance.org\/fr\/approche-fr\/la-diversification-economique\/","url":"https:\/\/www.faircobaltalliance.org\/fr\/approche-fr\/la-diversification-economique\/","name":"la diversification e\u0301conomique - The Fair Cobalt Alliance","isPartOf":{"@id":"https:\/\/www.faircobaltalliance.org\/#website"},"primaryImageOfPage":{"@id":"https:\/\/www.faircobaltalliance.org\/fr\/approche-fr\/la-diversification-economique\/#primaryimage"},"image":{"@id":"https:\/\/www.faircobaltalliance.org\/fr\/approche-fr\/la-diversification-economique\/#primaryimage"},"thumbnailUrl":"https:\/\/www.faircobaltalliance.org\/app\/uploads\/2021\/09\/economy-3-1280px-1024x480.jpg","datePublished":"2021-09-09T12:42:49+00:00","dateModified":"2021-10-19T08:56:38+00:00","breadcrumb":{"@id":"https:\/\/www.faircobaltalliance.org\/fr\/approche-fr\/la-diversification-economique\/#breadcrumb"},"inLanguage":"fr-FR","potentialAction":[{"@type":"ReadAction","target":["https:\/\/www.faircobaltalliance.org\/fr\/approche-fr\/la-diversification-economique\/"]}]},{"@type":"ImageObject","inLanguage":"fr-FR","@id":"https:\/\/www.faircobaltalliance.org\/fr\/approche-fr\/la-diversification-economique\/#primaryimage","url":"https:\/\/www.faircobaltalliance.org\/app\/uploads\/2021\/09\/economy-3-1280px-1024x480.jpg","contentUrl":"https:\/\/www.faircobaltalliance.org\/app\/uploads\/2021\/09\/economy-3-1280px-1024x480.jpg"},{"@type":"BreadcrumbList","@id":"https:\/\/www.faircobaltalliance.org\/fr\/approche-fr\/la-diversification-economique\/#breadcrumb","itemListElement":[{"@type":"ListItem","position":1,"name":"Approche","item":"https:\/\/www.faircobaltalliance.org\/fr\/approche-fr\/"},{"@type":"ListItem","position":2,"name":"la diversification e\u0301conomique"}]},{"@type":"WebSite","@id":"https:\/\/www.faircobaltalliance.org\/#website","url":"https:\/\/www.faircobaltalliance.org\/","name":"The Fair Cobalt Alliance","description":"Through collaboration - change is possible","potentialAction":[{"@type":"SearchAction","target":{"@type":"EntryPoint","urlTemplate":"https:\/\/www.faircobaltalliance.org\/?s={search_term_string}"},"query-input":{"@type":"PropertyValueSpecification","valueRequired":true,"valueName":"search_term_string"}}],"inLanguage":"fr-FR"}]}},"_links":{"self":[{"href":"https:\/\/faircobaltalliance.org\/fr\/wp-json\/wp\/v2\/pages\/186","targetHints":{"allow":["GET"]}}],"collection":[{"href":"https:\/\/faircobaltalliance.org\/fr\/wp-json\/wp\/v2\/pages"}],"about":[{"href":"https:\/\/faircobaltalliance.org\/fr\/wp-json\/wp\/v2\/types\/page"}],"author":[{"embeddable":true,"href":"https:\/\/faircobaltalliance.org\/fr\/wp-json\/wp\/v2\/users\/1"}],"replies":[{"embeddable":true,"href":"https:\/\/faircobaltalliance.org\/fr\/wp-json\/wp\/v2\/comments?post=186"}],"version-history":[{"count":10,"href":"https:\/\/faircobaltalliance.org\/fr\/wp-json\/wp\/v2\/pages\/186\/revisions"}],"predecessor-version":[{"id":2371,"href":"https:\/\/faircobaltalliance.org\/fr\/wp-json\/wp\/v2\/pages\/186\/revisions\/2371"}],"up":[{"embeddable":true,"href":"https:\/\/faircobaltalliance.org\/fr\/wp-json\/wp\/v2\/pages\/31"}],"wp:attachment":[{"href":"https:\/\/faircobaltalliance.org\/fr\/wp-json\/wp\/v2\/media?parent=186"}],"curies":[{"name":"wp","href":"https:\/\/api.w.org\/{rel}","templated":true}]}}