{"id":190,"date":"2021-09-09T13:43:08","date_gmt":"2021-09-09T12:43:08","guid":{"rendered":"https:\/\/www.faircobaltalliance.org\/?page_id=190"},"modified":"2024-12-02T12:31:16","modified_gmt":"2024-12-02T12:31:16","slug":"suivi-de-notre-impact","status":"publish","type":"page","link":"https:\/\/faircobaltalliance.org\/fr\/approche-fr\/suivi-de-notre-impact\/","title":{"rendered":"Mesurer notre impact"},"content":{"rendered":"\n\n\n\n\n\n<section class=\"hero user-text\">\n    <div class=\"hero__blocker\"><\/div>\n    <div class=\"hero__image\">\n        <div class=\"hero__image--desktop\" style=\"background-image: url(https:\/\/faircobaltalliance.org\/app\/uploads\/2024\/11\/Monitoring-Banner-1280x617.jpg)\" alt=\"\"><\/div>\n        <div class=\"hero__image--mobile\" style=\"background-image:  url(https:\/\/faircobaltalliance.org\/app\/uploads\/2024\/11\/Monitoring-Banner-768x430.jpg);\" alt=\"\"><\/div>\n    <\/div>\n    <div class=\"hero__container\">\n        <div class=\"hero__content\">\n                            <h1 class=\"hero__title\">Mesurer notre Impact<\/h1>\n                                <\/div>\n    <\/div>\n<\/section>\n\n\n\n\n<section class=\"callout-block user-text has-bg\">\n    <div class=\"wrapper\">\n        <p>Notre objectif est d\u2019avoir un impact mesurable sur les communaut\u00e9s mini\u00e8res avec lesquelles nous collaborons. Nous mesurons en permanence les progr\u00e8s de nos programmes afin de maximiser notre port\u00e9e et le rendement social de nos investissements et de nos subventions.<\/p>\n    <\/div>\n<\/section>\n\n\n\n<div class=\"wp-block-columns is-layout-flex wp-container-core-columns-is-layout-9d6595d7 wp-block-columns-is-layout-flex\">\n<div class=\"wp-block-column is-layout-flow wp-block-column-is-layout-flow\">\n\n<section class=\"text-block user-text       \">\n    <div class=\"wrapper\">\n        <h4>Comment nous d\u00e9finissons le succ\u00e8s<\/h4>\n<p>Notre succ\u00e8s se mesure \u00e0 notre capacit\u00e9 \u00e0 am\u00e9liorer de mani\u00e8re significative les moyens de subsistance dans les communaut\u00e9s mini\u00e8res.<\/p>\n    <\/div>\n<\/section>\n<\/div>\n\n\n\n<div class=\"wp-block-column is-layout-flow wp-block-column-is-layout-flow\">\n\n<section class=\"text-block user-text       \">\n    <div class=\"wrapper\">\n        <h4>Comment nous rendons le succ\u00e8s op\u00e9rationnel<\/h4>\n<p>Nous exploitons la puissance des partenariats multipartites pour cr\u00e9er un impact durable sur les communaut\u00e9s riches en cobalt.<\/p>\n    <\/div>\n<\/section>\n<\/div>\n<\/div>\n\n\n<div class=\"icons-row user-text has-bg  \">\n  <div class=\"wrapper\">\n      <\/div>\n      <div class=\"icons-row__list\">\n                            <div class=\"icons-row__item\">\n          <img decoding=\"async\" class=\"icons-row__icon\" src=\"https:\/\/faircobaltalliance.org\/app\/uploads\/2024\/11\/NEW-NEW-GUSTAV-1-260x260.png\" alt=\"\">\n          <div class=\"icons-row__text\">\n                        <p><strong>Participation \u00e0 la cha\u00eene de valeur<\/strong><\/p>\n                                  <\/div>\n        <\/div>\n            <\/div>\n  <\/div>\n\n\n<div class=\"icons-row user-text has-bg  \">\n  <div class=\"wrapper\">\n          <h4 class=\"icons-row__title\">Comment nous favorisons l&rsquo;impact<\/h4>\n      <\/div>\n      <div class=\"icons-row__list\">\n                            <div class=\"icons-row__item\">\n          <img decoding=\"async\" class=\"icons-row__icon\" src=\"https:\/\/faircobaltalliance.org\/app\/uploads\/2021\/09\/working-conditions.svg\" alt=\"\">\n          <div class=\"icons-row__text\">\n                        <p><strong>les conditions de travail<\/strong><\/p>\n                                  <\/div>\n        <\/div>\n                            <div class=\"icons-row__item\">\n          <img decoding=\"async\" class=\"icons-row__icon\" src=\"https:\/\/faircobaltalliance.org\/app\/uploads\/2021\/09\/child-labour.svg\" alt=\"\">\n          <div class=\"icons-row__text\">\n                        <p><strong>le travail des enfants <\/strong><\/p>\n                                  <\/div>\n        <\/div>\n                            <div class=\"icons-row__item\">\n          <img decoding=\"async\" class=\"icons-row__icon\" src=\"https:\/\/faircobaltalliance.org\/app\/uploads\/2021\/09\/livelihood.svg\" alt=\"\">\n          <div class=\"icons-row__text\">\n                        <p><strong>Moyens de subsistance<\/strong><\/p>\n                                  <\/div>\n        <\/div>\n            <\/div>\n  <\/div>\n\n\n\n\n<section class=\"text-block user-text       \">\n    <div class=\"wrapper\">\n        <h4>How we measure Impact<\/h4>\n    <\/div>\n<\/section>\n\n\n\n<div class=\"wp-block-columns are-vertically-aligned-center is-layout-flex wp-container-core-columns-is-layout-9d6595d7 wp-block-columns-is-layout-flex\">\n<div class=\"wp-block-column is-vertically-aligned-center is-layout-flow wp-block-column-is-layout-flow\"><div class=\"wp-block-image\">\n<figure class=\"aligncenter size-full\"><img loading=\"lazy\" decoding=\"async\" width=\"960\" height=\"540\" src=\"https:\/\/www.faircobaltalliance.org\/app\/uploads\/2024\/11\/Copy-of-FCA-Result-Chains-Official.jpg\" alt=\"\" class=\"wp-image-6513\" srcset=\"https:\/\/faircobaltalliance.org\/app\/uploads\/2024\/11\/Copy-of-FCA-Result-Chains-Official.jpg 960w, https:\/\/faircobaltalliance.org\/app\/uploads\/2024\/11\/Copy-of-FCA-Result-Chains-Official-300x169.jpg 300w, https:\/\/faircobaltalliance.org\/app\/uploads\/2024\/11\/Copy-of-FCA-Result-Chains-Official-260x146.jpg 260w\" sizes=\"auto, (max-width: 960px) 100vw, 960px\" \/><\/figure>\n<\/div><\/div>\n\n\n\n<div class=\"wp-block-column is-vertically-aligned-center is-layout-flow wp-block-column-is-layout-flow\"><div class=\"downloads-section user-text \">\n  <div class=\"wrapper\">\n                  <div class=\"download-item\">\n        \n        <div class=\"download-item__text\">\n          <h4 class=\"download-item__title\">Le cadre de suivi et d&rsquo;\u00e9valuation de la ACE<\/h4>\n          <p>Nous utilisons des cha\u00eenes de r\u00e9sultats pour mettre en \u00e9vidence les liens logiques entre nos activit\u00e9s cl\u00e9s et les produits, les effets, et finalement l\u2019impact.<\/p>\n<p>Ces indicateurs cl\u00e9s nous permettent de mesurer les changements \u00e0 court et \u00e0 long terme issus de nos activit\u00e9s sp\u00e9cifiques.<\/p>\n          <a href=\"https:\/\/faircobaltalliance.org\/app\/uploads\/2024\/11\/FCA-Result-Chains-Official.pdf\" class=\"button\" target=\"_blank\">Acc\u00e9dez \u00e0 notre cadre ici<\/a>\n        <\/div>\n      <\/div>\n          <\/div>\n<\/div>\n<\/div>\n<\/div>\n\n\n\n\n<section class=\"text-block user-text       \">\n    <div class=\"wrapper\">\n        <h4>Knowledge Repository<\/h4>\n    <\/div>\n<\/section>\n\n\n\n<div class=\"wp-block-columns are-vertically-aligned-center is-layout-flex wp-container-core-columns-is-layout-9d6595d7 wp-block-columns-is-layout-flex\">\n<div class=\"wp-block-column is-vertically-aligned-center is-layout-flow wp-block-column-is-layout-flow\"><div class=\"wp-block-image\">\n<figure class=\"aligncenter size-large\"><img loading=\"lazy\" decoding=\"async\" width=\"1024\" height=\"573\" src=\"https:\/\/www.faircobaltalliance.org\/app\/uploads\/2024\/11\/Annual-Survey-Report-Cover-French-1024x573.png\" alt=\"\" class=\"wp-image-6568\" srcset=\"https:\/\/faircobaltalliance.org\/app\/uploads\/2024\/11\/Annual-Survey-Report-Cover-French-1024x573.png 1024w, https:\/\/faircobaltalliance.org\/app\/uploads\/2024\/11\/Annual-Survey-Report-Cover-French-300x168.png 300w, https:\/\/faircobaltalliance.org\/app\/uploads\/2024\/11\/Annual-Survey-Report-Cover-French-768x430.png 768w, https:\/\/faircobaltalliance.org\/app\/uploads\/2024\/11\/Annual-Survey-Report-Cover-French-260x145.png 260w, https:\/\/faircobaltalliance.org\/app\/uploads\/2024\/11\/Annual-Survey-Report-Cover-French.png 1267w\" sizes=\"auto, (max-width: 1024px) 100vw, 1024px\" \/><\/figure>\n<\/div><\/div>\n\n\n\n<div class=\"wp-block-column is-vertically-aligned-center is-layout-flow wp-block-column-is-layout-flow\"><div class=\"downloads-section user-text \">\n  <div class=\"wrapper\">\n                  <div class=\"download-item\">\n        \n        <div class=\"download-item__text\">\n          <h4 class=\"download-item__title\">L&rsquo;enqu\u00eate annuelle de la ACE (1\u00e8re \u00e9dition)<\/h4>\n          <p>Chaque ann\u00e9e, nous r\u00e9alisons une enqu\u00eate de perception statistiquement pertinente \u00e0 Kamilombe afin de comprendre les \u00e9volutions des tendances, de contextualiser l\u2019impact et d\u2019\u00e9clairer nos priorit\u00e9s.<\/p>\n<p>Nous nous engageons \u00e0 partager les donn\u00e9es en acc\u00e8s libre. Avec le rapport, nous partageons \u00e9galement les ensembles de donn\u00e9es, les codes et les questionnaires afin que tout chercheur int\u00e9ress\u00e9 puisse les utiliser.<\/p>\n          <a href=\"https:\/\/faircobaltalliance.org\/app\/uploads\/2024\/11\/ASR-Final-Fra-Version.pdf\" class=\"button\" target=\"_blank\">Acc\u00e9dez \u00e0 notre rapport d&rsquo;enqu\u00eate annuel (1\u00e8re \u00e9dition) ici <\/a>\n        <\/div>\n      <\/div>\n          <\/div>\n<\/div>\n<\/div>\n<\/div>\n\n\n\n<hr class=\"wp-block-separator has-alpha-channel-opacity\"\/>\n\n\n\n<div class=\"wp-block-columns are-vertically-aligned-top is-layout-flex wp-container-core-columns-is-layout-9d6595d7 wp-block-columns-is-layout-flex\">\n<div class=\"wp-block-column is-vertically-aligned-top is-layout-flow wp-block-column-is-layout-flow\"><div class=\"downloads-section user-text \">\n  <div class=\"wrapper\">\n                  <div class=\"download-item\">\n        \n        <div class=\"download-item__text\">\n          <h4 class=\"download-item__title\">L&rsquo;ensemble de donn\u00e9es de r\u00e9f\u00e9rence pour 2023<\/h4>\n                    <a href=\"https:\/\/faircobaltalliance.org\/app\/uploads\/2024\/12\/BaselineFcaData2023_VF-2.xlsx\" class=\"button\" target=\"_blank\">T\u00e9l\u00e9charger ici<\/a>\n        <\/div>\n      <\/div>\n          <\/div>\n<\/div>\n<\/div>\n\n\n\n<div class=\"wp-block-column is-vertically-aligned-top is-layout-flow wp-block-column-is-layout-flow\"><div class=\"downloads-section user-text \">\n  <div class=\"wrapper\">\n                  <div class=\"download-item\">\n        \n        <div class=\"download-item__text\">\n          <h4 class=\"download-item__title\">L&rsquo;ensemble de donn\u00e9es de r\u00e9f\u00e9rence pour 2024<\/h4>\n                    <a href=\"https:\/\/faircobaltalliance.org\/app\/uploads\/2024\/12\/DonneesFCA2024.xlsx\" class=\"button\" target=\"_blank\">T\u00e9l\u00e9charger ici<\/a>\n        <\/div>\n      <\/div>\n          <\/div>\n<\/div>\n<\/div>\n<\/div>\n\n\n\n<div class=\"wp-block-columns is-layout-flex wp-container-core-columns-is-layout-9d6595d7 wp-block-columns-is-layout-flex\">\n<div class=\"wp-block-column is-layout-flow wp-block-column-is-layout-flow\"><div class=\"downloads-section user-text \">\n  <div class=\"wrapper\">\n                  <div class=\"download-item\">\n        \n        <div class=\"download-item__text\">\n          <h4 class=\"download-item__title\">Les questionnaires 2023<\/h4>\n                    <a href=\"https:\/\/faircobaltalliance.org\/app\/uploads\/2024\/12\/The-2023-Questionnaires-.docx.pdf\" class=\"button\" target=\"_blank\">T\u00e9l\u00e9charger ici<\/a>\n        <\/div>\n      <\/div>\n          <\/div>\n<\/div>\n<\/div>\n\n\n\n<div class=\"wp-block-column is-vertically-aligned-top is-layout-flow wp-block-column-is-layout-flow\"><div class=\"downloads-section user-text \">\n  <div class=\"wrapper\">\n                  <div class=\"download-item\">\n        \n        <div class=\"download-item__text\">\n          <h4 class=\"download-item__title\">Les questionnaires 2024<\/h4>\n                    <a href=\"https:\/\/faircobaltalliance.org\/app\/uploads\/2024\/12\/The-2024-Questionnaires.docx.pdf\" class=\"button\" target=\"_blank\">T\u00e9l\u00e9charger ici<\/a>\n        <\/div>\n      <\/div>\n          <\/div>\n<\/div>\n<\/div>\n<\/div>\n\n\n\n\n\n\n\n\n\n\n\n\n","protected":false},"excerpt":{"rendered":"","protected":false},"author":1,"featured_media":0,"parent":31,"menu_order":3,"comment_status":"closed","ping_status":"closed","template":"","meta":{"_acf_changed":false,"footnotes":""},"class_list":["post-190","page","type-page","status-publish","hentry"],"acf":[],"yoast_head":"<!-- This site is optimized with the Yoast SEO plugin v27.3 - https:\/\/yoast.com\/product\/yoast-seo-wordpress\/ -->\n<title>Mesurer notre impact - The Fair Cobalt Alliance<\/title>\n<meta name=\"robots\" content=\"index, follow, max-snippet:-1, max-image-preview:large, max-video-preview:-1\" \/>\n<link rel=\"canonical\" href=\"https:\/\/www.faircobaltalliance.org\/fr\/approche-fr\/suivi-de-notre-impact\/\" \/>\n<meta property=\"og:locale\" content=\"fr_FR\" \/>\n<meta property=\"og:type\" content=\"article\" \/>\n<meta property=\"og:title\" content=\"Mesurer notre impact - The Fair Cobalt Alliance\" \/>\n<meta property=\"og:url\" content=\"https:\/\/www.faircobaltalliance.org\/fr\/approche-fr\/suivi-de-notre-impact\/\" \/>\n<meta property=\"og:site_name\" content=\"The Fair Cobalt Alliance\" \/>\n<meta property=\"article:modified_time\" content=\"2024-12-02T12:31:16+00:00\" \/>\n<meta property=\"og:image\" content=\"https:\/\/www.faircobaltalliance.org\/app\/uploads\/2024\/11\/Copy-of-FCA-Result-Chains-Official.jpg\" \/>\n<meta name=\"twitter:card\" content=\"summary_large_image\" \/>\n<meta name=\"twitter:label1\" content=\"Est. reading time\" \/>\n\t<meta name=\"twitter:data1\" content=\"1 minute\" \/>\n<script type=\"application\/ld+json\" class=\"yoast-schema-graph\">{\"@context\":\"https:\\\/\\\/schema.org\",\"@graph\":[{\"@type\":\"WebPage\",\"@id\":\"https:\\\/\\\/www.faircobaltalliance.org\\\/fr\\\/approche-fr\\\/suivi-de-notre-impact\\\/\",\"url\":\"https:\\\/\\\/www.faircobaltalliance.org\\\/fr\\\/approche-fr\\\/suivi-de-notre-impact\\\/\",\"name\":\"Mesurer notre impact - The Fair Cobalt Alliance\",\"isPartOf\":{\"@id\":\"https:\\\/\\\/www.faircobaltalliance.org\\\/#website\"},\"primaryImageOfPage\":{\"@id\":\"https:\\\/\\\/www.faircobaltalliance.org\\\/fr\\\/approche-fr\\\/suivi-de-notre-impact\\\/#primaryimage\"},\"image\":{\"@id\":\"https:\\\/\\\/www.faircobaltalliance.org\\\/fr\\\/approche-fr\\\/suivi-de-notre-impact\\\/#primaryimage\"},\"thumbnailUrl\":\"https:\\\/\\\/www.faircobaltalliance.org\\\/app\\\/uploads\\\/2024\\\/11\\\/Copy-of-FCA-Result-Chains-Official.jpg\",\"datePublished\":\"2021-09-09T12:43:08+00:00\",\"dateModified\":\"2024-12-02T12:31:16+00:00\",\"breadcrumb\":{\"@id\":\"https:\\\/\\\/www.faircobaltalliance.org\\\/fr\\\/approche-fr\\\/suivi-de-notre-impact\\\/#breadcrumb\"},\"inLanguage\":\"fr-FR\",\"potentialAction\":[{\"@type\":\"ReadAction\",\"target\":[\"https:\\\/\\\/www.faircobaltalliance.org\\\/fr\\\/approche-fr\\\/suivi-de-notre-impact\\\/\"]}]},{\"@type\":\"ImageObject\",\"inLanguage\":\"fr-FR\",\"@id\":\"https:\\\/\\\/www.faircobaltalliance.org\\\/fr\\\/approche-fr\\\/suivi-de-notre-impact\\\/#primaryimage\",\"url\":\"https:\\\/\\\/www.faircobaltalliance.org\\\/app\\\/uploads\\\/2024\\\/11\\\/Copy-of-FCA-Result-Chains-Official.jpg\",\"contentUrl\":\"https:\\\/\\\/www.faircobaltalliance.org\\\/app\\\/uploads\\\/2024\\\/11\\\/Copy-of-FCA-Result-Chains-Official.jpg\"},{\"@type\":\"BreadcrumbList\",\"@id\":\"https:\\\/\\\/www.faircobaltalliance.org\\\/fr\\\/approche-fr\\\/suivi-de-notre-impact\\\/#breadcrumb\",\"itemListElement\":[{\"@type\":\"ListItem\",\"position\":1,\"name\":\"Approche\",\"item\":\"https:\\\/\\\/www.faircobaltalliance.org\\\/fr\\\/approche-fr\\\/\"},{\"@type\":\"ListItem\",\"position\":2,\"name\":\"Mesurer notre impact\"}]},{\"@type\":\"WebSite\",\"@id\":\"https:\\\/\\\/www.faircobaltalliance.org\\\/#website\",\"url\":\"https:\\\/\\\/www.faircobaltalliance.org\\\/\",\"name\":\"The Fair Cobalt Alliance\",\"description\":\"Through collaboration - change is possible\",\"potentialAction\":[{\"@type\":\"SearchAction\",\"target\":{\"@type\":\"EntryPoint\",\"urlTemplate\":\"https:\\\/\\\/www.faircobaltalliance.org\\\/?s={search_term_string}\"},\"query-input\":{\"@type\":\"PropertyValueSpecification\",\"valueRequired\":true,\"valueName\":\"search_term_string\"}}],\"inLanguage\":\"fr-FR\"}]}<\/script>\n<!-- \/ Yoast SEO plugin. -->","yoast_head_json":{"title":"Mesurer notre impact - The Fair Cobalt Alliance","robots":{"index":"index","follow":"follow","max-snippet":"max-snippet:-1","max-image-preview":"max-image-preview:large","max-video-preview":"max-video-preview:-1"},"canonical":"https:\/\/www.faircobaltalliance.org\/fr\/approche-fr\/suivi-de-notre-impact\/","og_locale":"fr_FR","og_type":"article","og_title":"Mesurer notre impact - The Fair Cobalt Alliance","og_url":"https:\/\/www.faircobaltalliance.org\/fr\/approche-fr\/suivi-de-notre-impact\/","og_site_name":"The Fair Cobalt Alliance","article_modified_time":"2024-12-02T12:31:16+00:00","og_image":[{"url":"https:\/\/www.faircobaltalliance.org\/app\/uploads\/2024\/11\/Copy-of-FCA-Result-Chains-Official.jpg","type":"","width":"","height":""}],"twitter_card":"summary_large_image","twitter_misc":{"Est. reading time":"1 minute"},"schema":{"@context":"https:\/\/schema.org","@graph":[{"@type":"WebPage","@id":"https:\/\/www.faircobaltalliance.org\/fr\/approche-fr\/suivi-de-notre-impact\/","url":"https:\/\/www.faircobaltalliance.org\/fr\/approche-fr\/suivi-de-notre-impact\/","name":"Mesurer notre impact - The Fair Cobalt Alliance","isPartOf":{"@id":"https:\/\/www.faircobaltalliance.org\/#website"},"primaryImageOfPage":{"@id":"https:\/\/www.faircobaltalliance.org\/fr\/approche-fr\/suivi-de-notre-impact\/#primaryimage"},"image":{"@id":"https:\/\/www.faircobaltalliance.org\/fr\/approche-fr\/suivi-de-notre-impact\/#primaryimage"},"thumbnailUrl":"https:\/\/www.faircobaltalliance.org\/app\/uploads\/2024\/11\/Copy-of-FCA-Result-Chains-Official.jpg","datePublished":"2021-09-09T12:43:08+00:00","dateModified":"2024-12-02T12:31:16+00:00","breadcrumb":{"@id":"https:\/\/www.faircobaltalliance.org\/fr\/approche-fr\/suivi-de-notre-impact\/#breadcrumb"},"inLanguage":"fr-FR","potentialAction":[{"@type":"ReadAction","target":["https:\/\/www.faircobaltalliance.org\/fr\/approche-fr\/suivi-de-notre-impact\/"]}]},{"@type":"ImageObject","inLanguage":"fr-FR","@id":"https:\/\/www.faircobaltalliance.org\/fr\/approche-fr\/suivi-de-notre-impact\/#primaryimage","url":"https:\/\/www.faircobaltalliance.org\/app\/uploads\/2024\/11\/Copy-of-FCA-Result-Chains-Official.jpg","contentUrl":"https:\/\/www.faircobaltalliance.org\/app\/uploads\/2024\/11\/Copy-of-FCA-Result-Chains-Official.jpg"},{"@type":"BreadcrumbList","@id":"https:\/\/www.faircobaltalliance.org\/fr\/approche-fr\/suivi-de-notre-impact\/#breadcrumb","itemListElement":[{"@type":"ListItem","position":1,"name":"Approche","item":"https:\/\/www.faircobaltalliance.org\/fr\/approche-fr\/"},{"@type":"ListItem","position":2,"name":"Mesurer notre impact"}]},{"@type":"WebSite","@id":"https:\/\/www.faircobaltalliance.org\/#website","url":"https:\/\/www.faircobaltalliance.org\/","name":"The Fair Cobalt Alliance","description":"Through collaboration - change is possible","potentialAction":[{"@type":"SearchAction","target":{"@type":"EntryPoint","urlTemplate":"https:\/\/www.faircobaltalliance.org\/?s={search_term_string}"},"query-input":{"@type":"PropertyValueSpecification","valueRequired":true,"valueName":"search_term_string"}}],"inLanguage":"fr-FR"}]}},"_links":{"self":[{"href":"https:\/\/faircobaltalliance.org\/fr\/wp-json\/wp\/v2\/pages\/190","targetHints":{"allow":["GET"]}}],"collection":[{"href":"https:\/\/faircobaltalliance.org\/fr\/wp-json\/wp\/v2\/pages"}],"about":[{"href":"https:\/\/faircobaltalliance.org\/fr\/wp-json\/wp\/v2\/types\/page"}],"author":[{"embeddable":true,"href":"https:\/\/faircobaltalliance.org\/fr\/wp-json\/wp\/v2\/users\/1"}],"replies":[{"embeddable":true,"href":"https:\/\/faircobaltalliance.org\/fr\/wp-json\/wp\/v2\/comments?post=190"}],"version-history":[{"count":25,"href":"https:\/\/faircobaltalliance.org\/fr\/wp-json\/wp\/v2\/pages\/190\/revisions"}],"predecessor-version":[{"id":6896,"href":"https:\/\/faircobaltalliance.org\/fr\/wp-json\/wp\/v2\/pages\/190\/revisions\/6896"}],"up":[{"embeddable":true,"href":"https:\/\/faircobaltalliance.org\/fr\/wp-json\/wp\/v2\/pages\/31"}],"wp:attachment":[{"href":"https:\/\/faircobaltalliance.org\/fr\/wp-json\/wp\/v2\/media?parent=190"}],"curies":[{"name":"wp","href":"https:\/\/api.w.org\/{rel}","templated":true}]}}