{"id":195,"date":"2021-09-09T13:44:24","date_gmt":"2021-09-09T12:44:24","guid":{"rendered":"https:\/\/www.faircobaltalliance.org\/?page_id=195"},"modified":"2024-03-12T09:17:36","modified_gmt":"2024-03-12T09:17:36","slug":"gouvernance","status":"publish","type":"page","link":"https:\/\/faircobaltalliance.org\/fr\/a-propos-de-nous\/gouvernance\/","title":{"rendered":"Gouvernance"},"content":{"rendered":"\n\n<section class=\"hero user-text\">\n    <div class=\"hero__blocker\"><\/div>\n    <div class=\"hero__image\">\n        <div class=\"hero__image--desktop\" style=\"background-image: url(https:\/\/faircobaltalliance.org\/app\/uploads\/2021\/09\/IMG_0909-1280x617.jpg)\" alt=\"\"><\/div>\n        <div class=\"hero__image--mobile\" style=\"background-image:  url(https:\/\/faircobaltalliance.org\/app\/uploads\/2021\/09\/IMG_0909-768x430.jpg);\" alt=\"\"><\/div>\n    <\/div>\n    <div class=\"hero__container\">\n        <div class=\"hero__content\">\n                            <h1 class=\"hero__title\">Gouvernance<\/h1>\n                                <\/div>\n    <\/div>\n<\/section>\n\n\n\n\n<section class=\"callout-block user-text has-bg\">\n    <div class=\"wrapper\">\n        <p>L\u2019Alliance du Cobalt \u00c9quitable est une initiative multipartite coordonn\u00e9e par The impact Facility for Sustainable Mining Communities (\u00ab\u00a0The Impact Facility\u00a0\u00bb), une organisation caritative britannique, qui fait office de secr\u00e9tariat permanent de l\u2019ACE. L\u2019ACE est gouvern\u00e9e par et soumise \u00e0 la surveillance d&rsquo;un comit\u00e9 directeur, conform\u00e9ment aux statuts et au mandat de l\u2019ACE.<\/p>\n<p>Les op\u00e9rations quotidiennes de l\u2019ACE sont g\u00e9r\u00e9es par le Secr\u00e9tariat de l\u2019ACE, qui rend compte au Comit\u00e9 directeur et le conseille. La Facilit\u00e9 d&rsquo;impact g\u00e8re l\u2019ACE comme une initiative autonome et s&rsquo;assure que tous les fonds de l\u2019ACE sont allou\u00e9s \u00e0 des projets approuv\u00e9s et comptabilis\u00e9s par le Comit\u00e9 directeur de l\u2019ACE.<\/p>\n<p>Le Dr. Assheton Stewart Carter dirige le secr\u00e9tariat de l\u2019ACE et est directeur ex\u00e9cutif de <span style=\"font-weight: 400;\">\u00a0l<\/span><span style=\"font-weight: 400;\">&lsquo;Alliance du Cobalt \u00c9quitable<\/span><span style=\"font-weight: 400;\">.<\/span><\/p>\n    <\/div>\n<\/section>\n\n\n\n\n<section class=\"text-block user-text       \">\n    <div class=\"wrapper\">\n        <h2>Comit\u00e9 directeur<\/h2>\n<p>Le Comit\u00e9 Directeur de l\u2019ACE(CD de l\u2019ACE) comprend un maximum de neuf si\u00e8ges, dont l&rsquo;un sert de pr\u00e9sident (avec un mandat d&rsquo;un an). Les membres fondateurs de l\u2019ACE ont le droit de servir jusqu&rsquo;\u00e0 deux mandats cons\u00e9cutifs, avant que leur si\u00e8ge ne devienne disponible lors de l&rsquo;\u00e9lection g\u00e9n\u00e9rale.<\/p>\n<p>Afin de parvenir \u00e0 une repr\u00e9sentation \u00e9quilibr\u00e9e des int\u00e9r\u00eats dans la cha\u00eene de valeur du cobalt, ainsi qu&rsquo;entre les int\u00e9r\u00eats commerciaux et caritatifs, trois des neuf si\u00e8ges du comit\u00e9 directeur de l\u2019ACE sont r\u00e9serv\u00e9s aux organisations \u00e0 but non lucratif (y compris les ONG, les OSC locales ou les repr\u00e9sentants du gouvernement), avec au moins un si\u00e8ge r\u00e9serv\u00e9 \u00e0 une organisation congolaise qui peut repr\u00e9senter de mani\u00e8re cr\u00e9dible les int\u00e9r\u00eats des mineurs artisanaux.<\/p>\n<h4>Les membres actuels du comit\u00e9 de pilotage sont:<\/h4>\n<p><strong>Toussaint Kafarhire Murhula, Directeur, Centre Arrupe pour la Recherche et la Formation (CARF)<\/strong><\/p>\n<p><strong>Ines Kaempfer, PDG, Centre pour les droits de l&rsquo;enfant et les entreprises<\/strong><\/p>\n<p><strong>Camila Gomez Wills, gestionnaire de programme : Entreprises et droits de l&rsquo;homme, approvisionnement responsable et d\u00e9veloppement durable, Tesla<\/strong><\/p>\n<p><strong>Anne-Marie Fleury, directrice de l&rsquo;approvisionnement responsable, Glencore<\/strong><\/p>\n<p><strong>Ga Yee Park, sp\u00e9cialiste ESG, LG Energy Solution<\/strong><\/p>\n<p><strong>Angela Jorns, responsable de l&rsquo;\u00e9quipe Fair Materials &amp; Mining, Fairphone<\/strong><\/p>\n<p><strong>Marcin Piersiak, Directeur G\u00e9n\u00e9ral, Alliance for responsible Mining (ARM)<\/strong><\/p>\n    <\/div>\n<\/section>\n\n\n<section class=\"two-col-text user-text has-bg\">\n  <div class=\"wrapper\">\n          <h4 class=\"two-col__title\">Le comit\u00e9 de pilotage est responsable de :<\/h4>\n        <div class=\"two-col\">\n      <div class=\"two-col__item\">\n        <ul>\n<li>La strat\u00e9gie de l\u2019ACE: Approuver les objectifs strat\u00e9giques de l\u2019ACE, y compris la strat\u00e9gie de communication et l&rsquo;alignement avec d&rsquo;autres initiatives.<\/li>\n<li>Supervision organisationnelle : Approuver le programme de travail annuel, les nouveaux groupes de travail de l\u2019ACE, approuver les politiques internes, approuver le budget annuel, et superviser la capacit\u00e9 op\u00e9rationnelle et la structure organisationnelle.<\/li>\n<\/ul>\n      <\/div>\n      <div class=\"two-col__item\">\n        <ul>\n<li>Surveillance de la gestion des risques : Approuver la politique et l&rsquo;approche de la gestion des risques de l\u2019ACE et examiner la conception et l&rsquo;efficacit\u00e9 des politiques et proc\u00e9dures de gestion des risques.<\/li>\n<li>Surveillance : Contr\u00f4ler l&rsquo;efficacit\u00e9 du m\u00e9canisme de r\u00e8glement des griefs de l\u2019ACE, contr\u00f4ler la performance de l\u2019ACE par rapport \u00e0 ses principaux indicateurs de performance, et superviser un examen financier qui comprend un audit et une assurance par une tierce partie ind\u00e9pendante, ainsi que la transparence vis-\u00e0-vis des membres et de l&rsquo;ext\u00e9rieur.<\/li>\n<\/ul>\n      <\/div>\n    <\/div>\n  <\/div>\n<\/section>\n\n\n<div class=\"call-to-action user-text  \">\n  <div class=\"wrapper\">\n    <h3 class=\"call-to-action__title\">Pour plus d&rsquo;informations, veuillez consulter les Articles de Gouvernance et les Termes de R\u00e9f\u00e9rence<\/h3>\n        <a class=\"button\" href=\"https:\/\/www.faircobaltalliance.org\/fr\/informations\/telechargements\/\">T\u00e9l\u00e9chargements<\/a>\n  <\/div>\n<\/div>\n","protected":false},"excerpt":{"rendered":"","protected":false},"author":1,"featured_media":0,"parent":33,"menu_order":1,"comment_status":"closed","ping_status":"closed","template":"","meta":{"_acf_changed":false,"footnotes":""},"class_list":["post-195","page","type-page","status-publish","hentry"],"acf":[],"yoast_head":"<!-- This site is optimized with the Yoast SEO plugin v27.4 - https:\/\/yoast.com\/product\/yoast-seo-wordpress\/ -->\n<title>Gouvernance - The Fair Cobalt Alliance<\/title>\n<meta name=\"robots\" content=\"index, follow, max-snippet:-1, max-image-preview:large, max-video-preview:-1\" \/>\n<link rel=\"canonical\" href=\"https:\/\/www.faircobaltalliance.org\/fr\/a-propos-de-nous\/gouvernance\/\" \/>\n<meta property=\"og:locale\" content=\"fr_FR\" \/>\n<meta property=\"og:type\" content=\"article\" \/>\n<meta property=\"og:title\" content=\"Gouvernance - The Fair Cobalt Alliance\" \/>\n<meta property=\"og:url\" content=\"https:\/\/www.faircobaltalliance.org\/fr\/a-propos-de-nous\/gouvernance\/\" \/>\n<meta property=\"og:site_name\" content=\"The Fair Cobalt Alliance\" \/>\n<meta property=\"article:modified_time\" content=\"2024-03-12T09:17:36+00:00\" \/>\n<meta name=\"twitter:card\" content=\"summary_large_image\" \/>\n<script type=\"application\/ld+json\" class=\"yoast-schema-graph\">{\"@context\":\"https:\\\/\\\/schema.org\",\"@graph\":[{\"@type\":\"WebPage\",\"@id\":\"https:\\\/\\\/www.faircobaltalliance.org\\\/fr\\\/a-propos-de-nous\\\/gouvernance\\\/\",\"url\":\"https:\\\/\\\/www.faircobaltalliance.org\\\/fr\\\/a-propos-de-nous\\\/gouvernance\\\/\",\"name\":\"Gouvernance - The Fair Cobalt Alliance\",\"isPartOf\":{\"@id\":\"https:\\\/\\\/www.faircobaltalliance.org\\\/#website\"},\"datePublished\":\"2021-09-09T12:44:24+00:00\",\"dateModified\":\"2024-03-12T09:17:36+00:00\",\"breadcrumb\":{\"@id\":\"https:\\\/\\\/www.faircobaltalliance.org\\\/fr\\\/a-propos-de-nous\\\/gouvernance\\\/#breadcrumb\"},\"inLanguage\":\"fr-FR\",\"potentialAction\":[{\"@type\":\"ReadAction\",\"target\":[\"https:\\\/\\\/www.faircobaltalliance.org\\\/fr\\\/a-propos-de-nous\\\/gouvernance\\\/\"]}]},{\"@type\":\"BreadcrumbList\",\"@id\":\"https:\\\/\\\/www.faircobaltalliance.org\\\/fr\\\/a-propos-de-nous\\\/gouvernance\\\/#breadcrumb\",\"itemListElement\":[{\"@type\":\"ListItem\",\"position\":1,\"name\":\"A propos de nous\",\"item\":\"https:\\\/\\\/www.faircobaltalliance.org\\\/fr\\\/a-propos-de-nous\\\/\"},{\"@type\":\"ListItem\",\"position\":2,\"name\":\"Gouvernance\"}]},{\"@type\":\"WebSite\",\"@id\":\"https:\\\/\\\/www.faircobaltalliance.org\\\/#website\",\"url\":\"https:\\\/\\\/www.faircobaltalliance.org\\\/\",\"name\":\"The Fair Cobalt Alliance\",\"description\":\"Through collaboration - change is possible\",\"potentialAction\":[{\"@type\":\"SearchAction\",\"target\":{\"@type\":\"EntryPoint\",\"urlTemplate\":\"https:\\\/\\\/www.faircobaltalliance.org\\\/?s={search_term_string}\"},\"query-input\":{\"@type\":\"PropertyValueSpecification\",\"valueRequired\":true,\"valueName\":\"search_term_string\"}}],\"inLanguage\":\"fr-FR\"}]}<\/script>\n<!-- \/ Yoast SEO plugin. -->","yoast_head_json":{"title":"Gouvernance - The Fair Cobalt Alliance","robots":{"index":"index","follow":"follow","max-snippet":"max-snippet:-1","max-image-preview":"max-image-preview:large","max-video-preview":"max-video-preview:-1"},"canonical":"https:\/\/www.faircobaltalliance.org\/fr\/a-propos-de-nous\/gouvernance\/","og_locale":"fr_FR","og_type":"article","og_title":"Gouvernance - The Fair Cobalt Alliance","og_url":"https:\/\/www.faircobaltalliance.org\/fr\/a-propos-de-nous\/gouvernance\/","og_site_name":"The Fair Cobalt Alliance","article_modified_time":"2024-03-12T09:17:36+00:00","twitter_card":"summary_large_image","schema":{"@context":"https:\/\/schema.org","@graph":[{"@type":"WebPage","@id":"https:\/\/www.faircobaltalliance.org\/fr\/a-propos-de-nous\/gouvernance\/","url":"https:\/\/www.faircobaltalliance.org\/fr\/a-propos-de-nous\/gouvernance\/","name":"Gouvernance - The Fair Cobalt Alliance","isPartOf":{"@id":"https:\/\/www.faircobaltalliance.org\/#website"},"datePublished":"2021-09-09T12:44:24+00:00","dateModified":"2024-03-12T09:17:36+00:00","breadcrumb":{"@id":"https:\/\/www.faircobaltalliance.org\/fr\/a-propos-de-nous\/gouvernance\/#breadcrumb"},"inLanguage":"fr-FR","potentialAction":[{"@type":"ReadAction","target":["https:\/\/www.faircobaltalliance.org\/fr\/a-propos-de-nous\/gouvernance\/"]}]},{"@type":"BreadcrumbList","@id":"https:\/\/www.faircobaltalliance.org\/fr\/a-propos-de-nous\/gouvernance\/#breadcrumb","itemListElement":[{"@type":"ListItem","position":1,"name":"A propos de nous","item":"https:\/\/www.faircobaltalliance.org\/fr\/a-propos-de-nous\/"},{"@type":"ListItem","position":2,"name":"Gouvernance"}]},{"@type":"WebSite","@id":"https:\/\/www.faircobaltalliance.org\/#website","url":"https:\/\/www.faircobaltalliance.org\/","name":"The Fair Cobalt Alliance","description":"Through collaboration - change is possible","potentialAction":[{"@type":"SearchAction","target":{"@type":"EntryPoint","urlTemplate":"https:\/\/www.faircobaltalliance.org\/?s={search_term_string}"},"query-input":{"@type":"PropertyValueSpecification","valueRequired":true,"valueName":"search_term_string"}}],"inLanguage":"fr-FR"}]}},"_links":{"self":[{"href":"https:\/\/faircobaltalliance.org\/fr\/wp-json\/wp\/v2\/pages\/195","targetHints":{"allow":["GET"]}}],"collection":[{"href":"https:\/\/faircobaltalliance.org\/fr\/wp-json\/wp\/v2\/pages"}],"about":[{"href":"https:\/\/faircobaltalliance.org\/fr\/wp-json\/wp\/v2\/types\/page"}],"author":[{"embeddable":true,"href":"https:\/\/faircobaltalliance.org\/fr\/wp-json\/wp\/v2\/users\/1"}],"replies":[{"embeddable":true,"href":"https:\/\/faircobaltalliance.org\/fr\/wp-json\/wp\/v2\/comments?post=195"}],"version-history":[{"count":16,"href":"https:\/\/faircobaltalliance.org\/fr\/wp-json\/wp\/v2\/pages\/195\/revisions"}],"predecessor-version":[{"id":4925,"href":"https:\/\/faircobaltalliance.org\/fr\/wp-json\/wp\/v2\/pages\/195\/revisions\/4925"}],"up":[{"embeddable":true,"href":"https:\/\/faircobaltalliance.org\/fr\/wp-json\/wp\/v2\/pages\/33"}],"wp:attachment":[{"href":"https:\/\/faircobaltalliance.org\/fr\/wp-json\/wp\/v2\/media?parent=195"}],"curies":[{"name":"wp","href":"https:\/\/api.w.org\/{rel}","templated":true}]}}