{"id":197,"date":"2021-09-09T13:44:56","date_gmt":"2021-09-09T12:44:56","guid":{"rendered":"https:\/\/www.faircobaltalliance.org\/?page_id=197"},"modified":"2021-11-09T10:40:02","modified_gmt":"2021-11-09T10:40:02","slug":"partenaires-locaux","status":"publish","type":"page","link":"https:\/\/faircobaltalliance.org\/fr\/collaboration-dans-la-chaine-dapprovisionnement\/partenaires-locaux\/","title":{"rendered":"Partenaires locaux"},"content":{"rendered":"\n\n<section class=\"hero user-text\">\n    <div class=\"hero__blocker\"><\/div>\n    <div class=\"hero__image\">\n        <div class=\"hero__image--desktop\" style=\"background-image: url(https:\/\/faircobaltalliance.org\/app\/uploads\/2021\/09\/Local-partners-1280x617.jpg)\" alt=\"\"><\/div>\n        <div class=\"hero__image--mobile\" style=\"background-image:  url(https:\/\/faircobaltalliance.org\/app\/uploads\/2021\/09\/Local-partners-768x430.jpg);\" alt=\"\"><\/div>\n    <\/div>\n    <div class=\"hero__container\">\n        <div class=\"hero__content\">\n                            <h1 class=\"hero__title\">Partenaires locaux<\/h1>\n                                <\/div>\n    <\/div>\n<\/section>\n\n\n\n\n<section class=\"text-block user-text     has-divider  \">\n    <div class=\"wrapper\">\n        <h2>Forger des partenariats<\/h2>\n<p>L\u2019ACE travaille par l&rsquo;interm\u00e9diaire d&rsquo;un r\u00e9seau d&rsquo;organisations partenaires locales qui informent et co-con\u00e7oivent des programmes sur site et hors site, fond\u00e9s sur les besoins et ax\u00e9s sur l&rsquo;impact. Chaque partenaire fait l&rsquo;objet d&rsquo;une v\u00e9rification pr\u00e9alable, afin de s&rsquo;assurer que l&rsquo;objectif de l&rsquo;organisation s&rsquo;aligne sur les objectifs de l\u2019ACE, et que les \u00e9quipes respectives poss\u00e8dent les comp\u00e9tences et les qualifications requises pour r\u00e9aliser un changement durable sur le terrain. Le r\u00e9seau de partenaires de l\u2019ACE nous permet d&rsquo;op\u00e9rer plus efficacement en tenant compte des r\u00e9alit\u00e9s et des d\u00e9veloppements locaux, de partager les le\u00e7ons apprises au sein de l&rsquo;industrie et, surtout, de faire circuler les ressources et les capitaux vers les communaut\u00e9s mini\u00e8res.<\/p>\n    <\/div>\n<\/section>\n\n\n\n\n<section class=\"text-block user-text       \">\n    <div class=\"wrapper\">\n        <h4>Nos crit\u00e8res de s\u00e9lection des partenaires<\/h4>\n<p>L\u2019ACE reconna\u00eet l&rsquo;opportunit\u00e9 de travailler \u00e0 la fois avec des organisations internationales bien \u00e9tablies qui ont de solides ant\u00e9c\u00e9dents et avec des organisations communautaires locales qui sont fortement ancr\u00e9es dans les communaut\u00e9s mini\u00e8res. Tant de bon travail est d\u00e9j\u00e0 en cours dans la r\u00e9gion ! Nous reconnaissons \u00e9galement la n\u00e9cessit\u00e9 de renforcer la soci\u00e9t\u00e9 civile et les organisations communautaires. Nous, \u00e0 l\u2019ACE, nous engageons \u00e0 renforcer les capacit\u00e9s et \u00e0 fournir la formation n\u00e9cessaire pour soutenir la professionnalisation des organisations locales afin qu&rsquo;elles puissent op\u00e9rer en conformit\u00e9 avec les meilleures pratiques internationales.<\/p>\n<p>Avec l&rsquo;ambition d&rsquo;\u00eatre inclusif pour les organisations actives localement qui cherchent un soutien financier, l\u2019ACE communiquera publiquement les crit\u00e8res d&rsquo;\u00e9ligibilit\u00e9 pour la participation au programme de l\u2019ACE. Cela inclut les organisations \u00e0 base communautaire (CBO), les organisations de la soci\u00e9t\u00e9 civile (CSO) et les organisations non gouvernementales (ONG).<\/p>\n    <\/div>\n<\/section>\n\n\n<section class=\"two-col-text user-text has-bg\">\n  <div class=\"wrapper\">\n          <h4 class=\"two-col__title\">Ces crit\u00e8res comprennent :<\/h4>\n        <div class=\"two-col\">\n      <div class=\"two-col__item\">\n        <ul>\n<li>La gestion de l&rsquo;organisation passe la diligence raisonnable de base.<\/li>\n<li>L&rsquo;organisation travaille dans l&rsquo;esprit de la vision de l\u2019ACE et apporte une contribution claire \u00e0 soit :<br \/>\na) l&rsquo;am\u00e9lioration des sites miniers;<br \/>\nb) les droits et l&rsquo;\u00e9ducation des enfants;<br \/>\nc) l&rsquo;\u00e9pargne des m\u00e9nages; ou<br \/>\nd) la promotion de l&rsquo;esprit d&rsquo;entreprise et des moyens de subsistance alternatifs.<\/li>\n<\/ul>\n      <\/div>\n      <div class=\"two-col__item\">\n        <ul>\n<li>L&rsquo;organisation s&rsquo;engage \u00e0 rendre compte publiquement de ses d\u00e9penses li\u00e9es \u00e0 l\u2019ACE.<\/li>\n<li>L&rsquo;organisation fixe et rend compte des objectifs d&rsquo;impact ambitieux conform\u00e9ment au cadre d&rsquo;impact de l\u2019ACE.<\/li>\n<\/ul>\n      <\/div>\n    <\/div>\n  <\/div>\n<\/section>\n\n\n<div class=\"call-to-action user-text  remove-bottom-margin\">\n  <div class=\"wrapper\">\n    <h3 class=\"call-to-action__title\">Si votre organisation est int\u00e9ress\u00e9e par une collaboration avec l\u2019ACE, veuillez nous contacter \u00e0 l&rsquo;adresse suivante<\/h3>\n        <a class=\"button\" href=\"https:\/\/www.faircobaltalliance.org\/fr\/a-propos-de-nous\/nous-contacter\/\">Nous contacter<\/a>\n  <\/div>\n<\/div>\n\n\n\n\n<section class=\"text-block user-text     has-divider  \">\n    <div class=\"wrapper\">\n        <h2>Nos partenaires<\/h2>\n<h4><img loading=\"lazy\" decoding=\"async\" class=\"aligncenter wp-image-2134 size-thumbnail\" src=\"https:\/\/fca.sos-dev.co.uk\/wp-content\/uploads\/2021\/10\/LOGO-ONG-MAISON-blue-150x150.png\" alt=\"\" width=\"150\" height=\"150\" srcset=\"https:\/\/faircobaltalliance.org\/app\/uploads\/2021\/10\/LOGO-ONG-MAISON-blue-150x150.png 150w, https:\/\/faircobaltalliance.org\/app\/uploads\/2021\/10\/LOGO-ONG-MAISON-blue-300x300.png 300w, https:\/\/faircobaltalliance.org\/app\/uploads\/2021\/10\/LOGO-ONG-MAISON-blue-1024x1024.png 1024w, https:\/\/faircobaltalliance.org\/app\/uploads\/2021\/10\/LOGO-ONG-MAISON-blue-340x340.png 340w, https:\/\/faircobaltalliance.org\/app\/uploads\/2021\/10\/LOGO-ONG-MAISON-blue-260x260.png 260w, https:\/\/faircobaltalliance.org\/app\/uploads\/2021\/10\/LOGO-ONG-MAISON-blue.png 1470w\" sizes=\"auto, (max-width: 150px) 100vw, 150px\" \/><\/h4>\n<h4>Maison Kwetu<\/h4>\n<p>Maison Kwetu &#8211; \u00a0\u00bb Notre Maison \u00a0\u00bb en swahili &#8211; a \u00e9t\u00e9 cr\u00e9\u00e9e en 2013, en tant qu&rsquo;organisation \u00e0 but non lucratif ayant pour objectif de prot\u00e9ger et d&rsquo;aider les orphelins, les enfants abandonn\u00e9s et vuln\u00e9rables, soit en les r\u00e9int\u00e9grant dans leur famille, soit en leur offrant une prise en charge alternative. Le foyer pour enfants de Maison Kwetu est situ\u00e9 \u00e0 Kanina, un quartier de la p\u00e9riph\u00e9rie ouest de Kolwezi. Cependant, son programme s&rsquo;\u00e9tend \u00e0 plusieurs parties de la ville, pr\u00e8s d&rsquo;un quart des enfants de la Maison Kwetu \u00e9tant originaires des environs des sites miniers de Kasulu et Kamilombe. \u00c0 ce jour, l&rsquo;organisation soutient 121 gar\u00e7ons \u00e2g\u00e9s de 8 \u00e0 17 ans, qui sont arriv\u00e9s au centre entre 2013 et 2021. Ces gar\u00e7ons n&rsquo;ont pas pu \u00eatre r\u00e9int\u00e9gr\u00e9s dans leur famille. La Maison Kwetu offre aux gar\u00e7ons un endroit s\u00fbr pour dormir et vivre, un acc\u00e8s \u00e0 l&rsquo;enseignement primaire et secondaire, et des activit\u00e9s de loisirs. En outre, les gar\u00e7ons les plus \u00e2g\u00e9s re\u00e7oivent une formation professionnelle et certains participent \u00e0 des stages afin de se pr\u00e9parer \u00e0 une vie ind\u00e9pendante \u00e0 l&rsquo;\u00e2ge de 18 ans. Un psychologue professionnel aide et forme les superviseurs \u00e0 g\u00e9rer les cas d&rsquo;agression et de d\u00e9sob\u00e9issance, et fournit un suivi psychologique car plusieurs des enfants ont \u00e9t\u00e9 traumatis\u00e9s par la vie dans la rue.<\/p>\n<p>Fond\u00e9e \u00e0 l&rsquo;origine par le R\u00e9v\u00e9rend Damien Isabell, un moine franciscain am\u00e9ricain, la Maison Kwetu est soutenue par une \u00e9quipe stable de professionnels ayant une grande exp\u00e9rience et des dipl\u00f4mes en p\u00e9dagogie, en programmes de protection de l&rsquo;enfance et en psychologie de l&rsquo;enfant. L&rsquo;\u00e9quipe est bien structur\u00e9e, avec une division claire des t\u00e2ches et un \u00e9nonc\u00e9 de mission. La majeure partie du financement est assur\u00e9e par une congr\u00e9gation franciscaine am\u00e9ricaine amie aux \u00c9tats-Unis. En outre, l&rsquo;organisation re\u00e7oit \u00e9galement des dons ad hoc et des contributions en nature de la part de bailleurs de fonds priv\u00e9s locaux, parmi lesquels l&rsquo;industriel Kamoto Mining Company (KCC), et sporadiquement des autorit\u00e9s gouvernementales provinciales.<\/p>\n<p><img loading=\"lazy\" decoding=\"async\" class=\"aligncenter size-full wp-image-1697\" src=\"https:\/\/fca.sos-dev.co.uk\/wp-content\/uploads\/2021\/09\/HKC_0292-edited.jpg\" alt=\"\" width=\"2400\" height=\"1350\" srcset=\"https:\/\/faircobaltalliance.org\/app\/uploads\/2021\/09\/HKC_0292-edited.jpg 2400w, https:\/\/faircobaltalliance.org\/app\/uploads\/2021\/09\/HKC_0292-edited-300x169.jpg 300w, https:\/\/faircobaltalliance.org\/app\/uploads\/2021\/09\/HKC_0292-edited-1024x576.jpg 1024w, https:\/\/faircobaltalliance.org\/app\/uploads\/2021\/09\/HKC_0292-edited-1536x864.jpg 1536w, https:\/\/faircobaltalliance.org\/app\/uploads\/2021\/09\/HKC_0292-edited-2048x1152.jpg 2048w, https:\/\/faircobaltalliance.org\/app\/uploads\/2021\/09\/HKC_0292-edited-260x146.jpg 260w\" sizes=\"auto, (max-width: 2400px) 100vw, 2400px\" \/><\/p>\n    <\/div>\n<\/section>\n\n\n\n\n<section class=\"text-block user-text     has-divider  \">\n    <div class=\"wrapper\">\n        <p><img loading=\"lazy\" decoding=\"async\" class=\"aligncenter wp-image-2183 size-medium\" src=\"https:\/\/fca.sos-dev.co.uk\/wp-content\/uploads\/2021\/10\/AFA-Logo-800-300x175.png\" alt=\"\" width=\"300\" height=\"175\" srcset=\"https:\/\/faircobaltalliance.org\/app\/uploads\/2021\/10\/AFA-Logo-800-300x175.png 300w, https:\/\/faircobaltalliance.org\/app\/uploads\/2021\/10\/AFA-Logo-800-260x152.png 260w, https:\/\/faircobaltalliance.org\/app\/uploads\/2021\/10\/AFA-Logo-800.png 800w\" sizes=\"auto, (max-width: 300px) 100vw, 300px\" \/><\/p>\n<h4>A.F.A.<\/h4>\n<p>Alternatives for Actions (A.F.A.) est une organisation non gouvernementale congolaise \u00e0 but non lucratif fond\u00e9e en 2013, bas\u00e9e en RDC et op\u00e9rant dans les provinces du Lualaba et du Haut-Katanga, entre autres \u00e0 Fungurume, Kolwezi, Kisanfu, Sakania et Lubumbashi.<\/p>\n<p>L&rsquo;organisation dispose d&rsquo;une \u00e9quipe multidisciplinaire d\u00e9di\u00e9e qui rassemble l&rsquo;expertise de diff\u00e9rents professionnels allant du d\u00e9veloppement \u00e9conomique \u00e0 l&rsquo;\u00e9ducation en passant par la gouvernance, la gestion des conflits et la sant\u00e9.<\/p>\n<p>Depuis sa cr\u00e9ation, A.F.A. a mis en \u0153uvre des projets de d\u00e9veloppement communautaire avec un impact visible dans le domaine de la cr\u00e9ation de groupes d&rsquo;\u00e9pargne, du renforcement des capacit\u00e9s financi\u00e8res, de l&rsquo;appui \u00e0 l&rsquo;entrepreneuriat, du d\u00e9veloppement agricole, de la protection et du domaine de recherche dans le secteur minier, etc.<\/p>\n<p>A.F.A. a fait ses preuves, obtenant des succ\u00e8s gr\u00e2ce \u00e0 sa collaboration avec les communaut\u00e9s, en travaillant avec des soci\u00e9t\u00e9s mini\u00e8res industrielles (TFM, ERG Africa,),\u00a0 et les organisations (non) gouvernementales (Good Shepherd, World Vision, ACCELLERE et ILO).<\/p>\n<p>L&rsquo;organisation utilise la strat\u00e9gie de l&rsquo;Association Volontaire d&rsquo;Epargne et de Cr\u00e9dit (AVEC). Sous la devise \u00ab\u00a0vous entrez avec z\u00e9ro et repartez avec des millions\u00a0\u00bb, AFA met en place des groupes d&rsquo;\u00e9pargne qui contribuent au d\u00e9veloppement socio-\u00e9conomique et \u00e0 l&rsquo;autonomisation des communaut\u00e9s \u00e0 partir des moyens locaux disponibles.<\/p>\n<p>Au cours des huit derni\u00e8res ann\u00e9es, l&rsquo;organisation a r\u00e9ussi \u00e0 atteindre pr\u00e8s de 5000 b\u00e9n\u00e9ficiaires avec plus de 981.528 USD comme \u00e9pargnes mobilis\u00e9es les communaut\u00e9s.<\/p>\n<p>. Les groupes d&rsquo;\u00e9pargne constituent un facteur cl\u00e9 de l&rsquo;approche d&rsquo;A.F.A. pour aider au d\u00e9veloppement des communaut\u00e9s dans la r\u00e9gion, et d\u00e9velopper les communaut\u00e9s de l&rsquo;int\u00e9rieur, leur permettant d&rsquo;alimenter leur propre d\u00e9veloppement<\/p>\n<p>&nbsp;<\/p>\n<p><img loading=\"lazy\" decoding=\"async\" class=\"alignleft size-full wp-image-2550\" src=\"https:\/\/www.faircobaltalliance.org\/wp-content\/uploads\/2021\/10\/AFA-photo.jpg\" alt=\"\" width=\"903\" height=\"421\" srcset=\"https:\/\/faircobaltalliance.org\/app\/uploads\/2021\/10\/AFA-photo.jpg 903w, https:\/\/faircobaltalliance.org\/app\/uploads\/2021\/10\/AFA-photo-300x140.jpg 300w, https:\/\/faircobaltalliance.org\/app\/uploads\/2021\/10\/AFA-photo-260x121.jpg 260w\" sizes=\"auto, (max-width: 903px) 100vw, 903px\" \/><\/p>\n    <\/div>\n<\/section>\n\n\n\n\n<section class=\"text-block user-text       \">\n    <div class=\"wrapper\">\n        <p><img loading=\"lazy\" decoding=\"async\" class=\"aligncenter wp-image-2234 size-medium\" src=\"https:\/\/fca.sos-dev.co.uk\/wp-content\/uploads\/2021\/10\/Logo-CMDS-300x133.gif\" alt=\"\" width=\"300\" height=\"133\" srcset=\"https:\/\/faircobaltalliance.org\/app\/uploads\/2021\/10\/Logo-CMDS-300x133.gif 300w, https:\/\/faircobaltalliance.org\/app\/uploads\/2021\/10\/Logo-CMDS-260x115.gif 260w\" sizes=\"auto, (max-width: 300px) 100vw, 300px\" \/><\/p>\n<h4>CMDS<\/h4>\n<p>La Coop\u00e9rative Mini\u00e8re pour le D\u00e9veloppement Social (CMDS) est une coop\u00e9rative form\u00e9e de bas en haut par des mineurs artisanaux de la communaut\u00e9 Kapata, qui travaillent sur le site minier de Kamilombe. Le d\u00e9but des activit\u00e9s mini\u00e8res artisanales \u00e0 Kamilombe remonte \u00e0 2004, lorsque les mineurs artisanaux ont extrait le cuivre et le cobalt de la zone en travaillant sur une base individuelle (en solo). En 2020, le ministre des Mines a interdit l&rsquo;exploitation mini\u00e8re artisanale \u00a0\u00bb en solo \u00a0\u00bb et a stimul\u00e9 la cr\u00e9ation de coop\u00e9ratives de mineurs dans tout le pays, par d\u00e9cret minist\u00e9riel. En r\u00e9ponse \u00e0 cette nouvelle exigence, CMDS a commenc\u00e9 \u00e0 regrouper les mineurs artisanaux individuels du site de Kamilombe en une coop\u00e9rative mini\u00e8re en 2011. La coop\u00e9rative a \u00e9t\u00e9 l\u00e9galis\u00e9e en tant que structure en 2017 par l&rsquo;obtention d&rsquo;un arr\u00eat\u00e9 minist\u00e9riel national.<\/p>\n<p>CMDS est actuellement dirig\u00e9e par le pr\u00e9sident Jean Muyer, assist\u00e9 de son \u00e9quipe de direction comprenant M. Banza et M. Mandela, qui appartiennent tous les trois au groupe de mineurs artisanaux qui ont commenc\u00e9 \u00e0 travailler \u00e0 Kamilombe au d\u00e9but des ann\u00e9es 2000 et qui se trouvaient au berceau de la coop\u00e9rative. Le si\u00e8ge de la CMDS se trouve dans le quartier de Kapata, dans la banlieue ouest de Kolwezi. Le site minier de Kamilombe o\u00f9 travaille CMDS est situ\u00e9 sur une concession inactive appartenant \u00e0 la soci\u00e9t\u00e9 mini\u00e8re parapublique Soci\u00e9t\u00e9 G\u00e9n\u00e9rale des Carri\u00e8res et des Mines (GECAMINES). La GECAMINES a autoris\u00e9 CMDS \u00e0 travailler \u00e0 Kamilombe en lui fournissant une Autorisation d&rsquo;Encadrement des Artisanaux Miniers.<\/p>\n<p>La coop\u00e9rative g\u00e8re le site de la mine de Kamilombe au quotidien, y compris l&rsquo;enregistrement des travailleurs de la mine, l&rsquo;am\u00e9lioration de la production sur le site, l&rsquo;achat de min\u00e9raux et le contr\u00f4le d&rsquo;acc\u00e8s. Sous la supervision du Service d&rsquo;Assistance et d&rsquo;Encadrement du Small Scale Mining (SAEMAPE), la coop\u00e9rative met en \u0153uvre une gestion des risques sociaux qui tient compte de la pr\u00e9sence d&rsquo;enfants et de femmes enceintes sur le site, et dispense des formations de base en mati\u00e8re de sant\u00e9 et de s\u00e9curit\u00e9 au travail sur le site minier.<\/p>\n<p>En collaboration avec la CMDS, l\u2019ACE aide les mineurs de Kamilombe \u00e0 am\u00e9liorer davantage les conditions de travail, les pratiques commerciales transparentes et la rem\u00e9diation du travail des enfants.<\/p>\n<p><img loading=\"lazy\" decoding=\"async\" class=\"aligncenter size-full wp-image-1123\" src=\"https:\/\/fca.sos-dev.co.uk\/wp-content\/uploads\/2021\/09\/Our-partners-image-4.jpg\" alt=\"\" width=\"1280\" height=\"600\" srcset=\"https:\/\/faircobaltalliance.org\/app\/uploads\/2021\/09\/Our-partners-image-4.jpg 1280w, https:\/\/faircobaltalliance.org\/app\/uploads\/2021\/09\/Our-partners-image-4-300x141.jpg 300w, https:\/\/faircobaltalliance.org\/app\/uploads\/2021\/09\/Our-partners-image-4-1024x480.jpg 1024w, https:\/\/faircobaltalliance.org\/app\/uploads\/2021\/09\/Our-partners-image-4-260x122.jpg 260w\" sizes=\"auto, (max-width: 1280px) 100vw, 1280px\" \/><\/p>\n    <\/div>\n<\/section>\n","protected":false},"excerpt":{"rendered":"","protected":false},"author":1,"featured_media":0,"parent":36,"menu_order":0,"comment_status":"closed","ping_status":"closed","template":"","meta":{"_acf_changed":false,"footnotes":""},"class_list":["post-197","page","type-page","status-publish","hentry"],"acf":[],"yoast_head":"<!-- This site is optimized with the Yoast SEO plugin v27.3 - https:\/\/yoast.com\/product\/yoast-seo-wordpress\/ -->\n<title>Partenaires locaux - The Fair Cobalt Alliance<\/title>\n<meta name=\"robots\" content=\"index, follow, max-snippet:-1, max-image-preview:large, max-video-preview:-1\" \/>\n<link rel=\"canonical\" href=\"https:\/\/www.faircobaltalliance.org\/fr\/collaboration-dans-la-chaine-dapprovisionnement\/partenaires-locaux\/\" \/>\n<meta property=\"og:locale\" content=\"fr_FR\" \/>\n<meta property=\"og:type\" content=\"article\" \/>\n<meta property=\"og:title\" content=\"Partenaires locaux - The Fair Cobalt Alliance\" \/>\n<meta property=\"og:url\" content=\"https:\/\/www.faircobaltalliance.org\/fr\/collaboration-dans-la-chaine-dapprovisionnement\/partenaires-locaux\/\" \/>\n<meta property=\"og:site_name\" content=\"The Fair Cobalt Alliance\" \/>\n<meta property=\"article:modified_time\" content=\"2021-11-09T10:40:02+00:00\" \/>\n<meta name=\"twitter:card\" content=\"summary_large_image\" \/>\n<script type=\"application\/ld+json\" class=\"yoast-schema-graph\">{\"@context\":\"https:\\\/\\\/schema.org\",\"@graph\":[{\"@type\":\"WebPage\",\"@id\":\"https:\\\/\\\/www.faircobaltalliance.org\\\/fr\\\/collaboration-dans-la-chaine-dapprovisionnement\\\/partenaires-locaux\\\/\",\"url\":\"https:\\\/\\\/www.faircobaltalliance.org\\\/fr\\\/collaboration-dans-la-chaine-dapprovisionnement\\\/partenaires-locaux\\\/\",\"name\":\"Partenaires locaux - The Fair Cobalt Alliance\",\"isPartOf\":{\"@id\":\"https:\\\/\\\/www.faircobaltalliance.org\\\/#website\"},\"datePublished\":\"2021-09-09T12:44:56+00:00\",\"dateModified\":\"2021-11-09T10:40:02+00:00\",\"breadcrumb\":{\"@id\":\"https:\\\/\\\/www.faircobaltalliance.org\\\/fr\\\/collaboration-dans-la-chaine-dapprovisionnement\\\/partenaires-locaux\\\/#breadcrumb\"},\"inLanguage\":\"fr-FR\",\"potentialAction\":[{\"@type\":\"ReadAction\",\"target\":[\"https:\\\/\\\/www.faircobaltalliance.org\\\/fr\\\/collaboration-dans-la-chaine-dapprovisionnement\\\/partenaires-locaux\\\/\"]}]},{\"@type\":\"BreadcrumbList\",\"@id\":\"https:\\\/\\\/www.faircobaltalliance.org\\\/fr\\\/collaboration-dans-la-chaine-dapprovisionnement\\\/partenaires-locaux\\\/#breadcrumb\",\"itemListElement\":[{\"@type\":\"ListItem\",\"position\":1,\"name\":\"Collaboration dans la chai\u0301ne\",\"item\":\"https:\\\/\\\/www.faircobaltalliance.org\\\/fr\\\/collaboration-dans-la-chaine-dapprovisionnement\\\/\"},{\"@type\":\"ListItem\",\"position\":2,\"name\":\"Partenaires locaux\"}]},{\"@type\":\"WebSite\",\"@id\":\"https:\\\/\\\/www.faircobaltalliance.org\\\/#website\",\"url\":\"https:\\\/\\\/www.faircobaltalliance.org\\\/\",\"name\":\"The Fair Cobalt Alliance\",\"description\":\"Through collaboration - change is possible\",\"potentialAction\":[{\"@type\":\"SearchAction\",\"target\":{\"@type\":\"EntryPoint\",\"urlTemplate\":\"https:\\\/\\\/www.faircobaltalliance.org\\\/?s={search_term_string}\"},\"query-input\":{\"@type\":\"PropertyValueSpecification\",\"valueRequired\":true,\"valueName\":\"search_term_string\"}}],\"inLanguage\":\"fr-FR\"}]}<\/script>\n<!-- \/ Yoast SEO plugin. -->","yoast_head_json":{"title":"Partenaires locaux - The Fair Cobalt Alliance","robots":{"index":"index","follow":"follow","max-snippet":"max-snippet:-1","max-image-preview":"max-image-preview:large","max-video-preview":"max-video-preview:-1"},"canonical":"https:\/\/www.faircobaltalliance.org\/fr\/collaboration-dans-la-chaine-dapprovisionnement\/partenaires-locaux\/","og_locale":"fr_FR","og_type":"article","og_title":"Partenaires locaux - The Fair Cobalt Alliance","og_url":"https:\/\/www.faircobaltalliance.org\/fr\/collaboration-dans-la-chaine-dapprovisionnement\/partenaires-locaux\/","og_site_name":"The Fair Cobalt Alliance","article_modified_time":"2021-11-09T10:40:02+00:00","twitter_card":"summary_large_image","schema":{"@context":"https:\/\/schema.org","@graph":[{"@type":"WebPage","@id":"https:\/\/www.faircobaltalliance.org\/fr\/collaboration-dans-la-chaine-dapprovisionnement\/partenaires-locaux\/","url":"https:\/\/www.faircobaltalliance.org\/fr\/collaboration-dans-la-chaine-dapprovisionnement\/partenaires-locaux\/","name":"Partenaires locaux - The Fair Cobalt Alliance","isPartOf":{"@id":"https:\/\/www.faircobaltalliance.org\/#website"},"datePublished":"2021-09-09T12:44:56+00:00","dateModified":"2021-11-09T10:40:02+00:00","breadcrumb":{"@id":"https:\/\/www.faircobaltalliance.org\/fr\/collaboration-dans-la-chaine-dapprovisionnement\/partenaires-locaux\/#breadcrumb"},"inLanguage":"fr-FR","potentialAction":[{"@type":"ReadAction","target":["https:\/\/www.faircobaltalliance.org\/fr\/collaboration-dans-la-chaine-dapprovisionnement\/partenaires-locaux\/"]}]},{"@type":"BreadcrumbList","@id":"https:\/\/www.faircobaltalliance.org\/fr\/collaboration-dans-la-chaine-dapprovisionnement\/partenaires-locaux\/#breadcrumb","itemListElement":[{"@type":"ListItem","position":1,"name":"Collaboration dans la chai\u0301ne","item":"https:\/\/www.faircobaltalliance.org\/fr\/collaboration-dans-la-chaine-dapprovisionnement\/"},{"@type":"ListItem","position":2,"name":"Partenaires locaux"}]},{"@type":"WebSite","@id":"https:\/\/www.faircobaltalliance.org\/#website","url":"https:\/\/www.faircobaltalliance.org\/","name":"The Fair Cobalt Alliance","description":"Through collaboration - change is possible","potentialAction":[{"@type":"SearchAction","target":{"@type":"EntryPoint","urlTemplate":"https:\/\/www.faircobaltalliance.org\/?s={search_term_string}"},"query-input":{"@type":"PropertyValueSpecification","valueRequired":true,"valueName":"search_term_string"}}],"inLanguage":"fr-FR"}]}},"_links":{"self":[{"href":"https:\/\/faircobaltalliance.org\/fr\/wp-json\/wp\/v2\/pages\/197","targetHints":{"allow":["GET"]}}],"collection":[{"href":"https:\/\/faircobaltalliance.org\/fr\/wp-json\/wp\/v2\/pages"}],"about":[{"href":"https:\/\/faircobaltalliance.org\/fr\/wp-json\/wp\/v2\/types\/page"}],"author":[{"embeddable":true,"href":"https:\/\/faircobaltalliance.org\/fr\/wp-json\/wp\/v2\/users\/1"}],"replies":[{"embeddable":true,"href":"https:\/\/faircobaltalliance.org\/fr\/wp-json\/wp\/v2\/comments?post=197"}],"version-history":[{"count":10,"href":"https:\/\/faircobaltalliance.org\/fr\/wp-json\/wp\/v2\/pages\/197\/revisions"}],"predecessor-version":[{"id":2631,"href":"https:\/\/faircobaltalliance.org\/fr\/wp-json\/wp\/v2\/pages\/197\/revisions\/2631"}],"up":[{"embeddable":true,"href":"https:\/\/faircobaltalliance.org\/fr\/wp-json\/wp\/v2\/pages\/36"}],"wp:attachment":[{"href":"https:\/\/faircobaltalliance.org\/fr\/wp-json\/wp\/v2\/media?parent=197"}],"curies":[{"name":"wp","href":"https:\/\/api.w.org\/{rel}","templated":true}]}}