{"id":199,"date":"2021-09-09T13:45:13","date_gmt":"2021-09-09T12:45:13","guid":{"rendered":"https:\/\/www.faircobaltalliance.org\/?page_id=199"},"modified":"2022-03-01T12:32:46","modified_gmt":"2022-03-01T12:32:46","slug":"nos-membres","status":"publish","type":"page","link":"https:\/\/faircobaltalliance.org\/fr\/collaboration-dans-la-chaine-dapprovisionnement\/nos-membres\/","title":{"rendered":"Nos membres"},"content":{"rendered":"\n\n<section class=\"text-block user-text     has-divider  \">\n    <div class=\"wrapper\">\n        <h2>Notre membres<\/h2>\n<h5>En tant qu&rsquo;initiative multipartite, l\u2019ACE invite toute organisation op\u00e9rant dans le cadre de &#8211; ou associ\u00e9e \u00e0 &#8211; la cha\u00eene d&rsquo;approvisionnement mondiale en cobalt \u00e0 rejoindre l\u2019ACE en tant que membre. Cela comprend, entre autres, les organisations mini\u00e8res \u00e0 grande \u00e9chelle, les raffineries (brutes), les fabricants de batteries, les fabricants d&rsquo;\u00e9lectronique et les \u00e9quipementiers automobiles. L\u2019ACE accueille \u00e9galement des organisations ne faisant pas partie de la cha\u00eene d&rsquo;approvisionnement en tant que membres, notamment des ONG internationales, des associations industrielles ou des march\u00e9s qui contribuent \u00e0 l\u2019ACE sous forme de collecte de fonds, de sensibilisation de la communaut\u00e9 (c&rsquo;est-\u00e0-dire leur communaut\u00e9) et d&rsquo;expertise dans la conception et l&rsquo;ex\u00e9cution des programmes de l\u2019ACE.<\/h5>\n    <\/div>\n<\/section>\n\n\n<div class=\"styled-numbered-list\">\n  <div class=\"wrapper\">\n          <h5 class=\"styled-numbered-list__title\">Tous les membres de l\u2019ACE sont signataires de l&rsquo;Appel \u00e0 l&rsquo;Action de l\u2019ACE (CTA), qui atteste publiquement de l&rsquo;engagement d&rsquo;une organisation \u00e0 :<\/h5>\n        <div class=\"numbered-list\">\n                        <div class=\"numbered-list__item\">\n        <span class=\"numbered-list__number\">1<\/span>\n\n          Reconna\u00eetre la l\u00e9gitimit\u00e9 du cobalt provenant d&rsquo;exploitations EMAPE responsables.      <\/div>\n                      <div class=\"numbered-list__item\">\n        <span class=\"numbered-list__number\">2<\/span>\n\n          Contribuer aux ressources du programme int\u00e9gr\u00e9 de l\u2019ACE      <\/div>\n                      <div class=\"numbered-list__item\">\n        <span class=\"numbered-list__number\">3<\/span>\n\n          D\u00e9signer une personne de contact qui assurera la coordination avec l\u2019ACE.      <\/div>\n                      <div class=\"numbered-list__item\">\n        <span class=\"numbered-list__number\">4<\/span>\n\n          Promouvoir les objectifs de l\u2019ACE      <\/div>\n            <\/div>\n  <\/div>\n<\/div>\n\n\n<section class=\"logos-slider-section user-text \">\n    <div class=\"wrapper wrapper--text\">\n                    <h3 class=\"logos-slider-section__title\">Membres de l\u2019Alliance du Cobalt \u00c9quitable<\/h3>\n                <\/div>\n       <section class=\"logos-slider\">\n                                  <div class=\"logos-slider__item\">\n                                    <a href=\"https:\/\/faircobaltalliance.org\/fr\/supply-chain-wide-collaboration\/our-members\/7411\/\">\n                                    <img decoding=\"async\" class=\"logo-image\" src=\"https:\/\/faircobaltalliance.org\/app\/uploads\/2026\/04\/Airbus-Logo-FINAL-Edited.png\" alt=\"\">\n                                    <\/a>\n                            <\/div>\n                                        <div class=\"logos-slider__item\">\n                                    <a href=\"https:\/\/faircobaltalliance.org\/fr\/supply-chain-wide-collaboration\/our-members\/alliance-for-responsible-mining\/\">\n                                    <img decoding=\"async\" class=\"logo-image\" src=\"https:\/\/faircobaltalliance.org\/app\/uploads\/2024\/03\/logo-arm.png\" alt=\"Alliance for Responsible Mining\">\n                                    <\/a>\n                            <\/div>\n                                        <div class=\"logos-slider__item\">\n                                    <a href=\"https:\/\/faircobaltalliance.org\/fr\/supply-chain-wide-collaboration\/our-members\/ansvaridea-verzekeringsmaatschappij-nv\/\">\n                                    <img decoding=\"async\" class=\"logo-image\" src=\"https:\/\/faircobaltalliance.org\/app\/uploads\/2021\/10\/Ansvarideazonder-500-2.jpg\" alt=\"AnsvarId\u00e9a Verzekeringsmaatschappij NV\">\n                                    <\/a>\n                            <\/div>\n                                        <div class=\"logos-slider__item\">\n                                    <a href=\"https:\/\/faircobaltalliance.org\/fr\/supply-chain-wide-collaboration\/our-members\/carf\/\">\n                                    <img decoding=\"async\" class=\"logo-image\" src=\"https:\/\/faircobaltalliance.org\/app\/uploads\/2021\/09\/carf-col-logo-500px.png\" alt=\"Carf\">\n                                    <\/a>\n                            <\/div>\n                                        <div class=\"logos-slider__item\">\n                                    <a href=\"https:\/\/faircobaltalliance.org\/fr\/supply-chain-wide-collaboration\/our-members\/cmoc\/\">\n                                    <img decoding=\"async\" class=\"logo-image\" src=\"https:\/\/faircobaltalliance.org\/app\/uploads\/2021\/09\/CMOC-logo-500px.jpg\" alt=\"CMOC\">\n                                    <\/a>\n                            <\/div>\n                                        <div class=\"logos-slider__item\">\n                                    <a href=\"https:\/\/faircobaltalliance.org\/fr\/supply-chain-wide-collaboration\/our-members\/cobalt-institute\/\">\n                                    <img decoding=\"async\" class=\"logo-image\" src=\"https:\/\/faircobaltalliance.org\/app\/uploads\/2021\/12\/Cobalt-Institue-logos-500px-3.png\" alt=\"Cobalt Institute\">\n                                    <\/a>\n                            <\/div>\n                                        <div class=\"logos-slider__item\">\n                                    <a href=\"https:\/\/faircobaltalliance.org\/fr\/supply-chain-wide-collaboration\/our-members\/elucid-social\/\">\n                                    <img decoding=\"async\" class=\"logo-image\" src=\"https:\/\/faircobaltalliance.org\/app\/uploads\/2022\/12\/Elucid-logo.png\" alt=\"Elucid Social\">\n                                    <\/a>\n                            <\/div>\n                                        <div class=\"logos-slider__item\">\n                                    <a href=\"https:\/\/faircobaltalliance.org\/fr\/supply-chain-wide-collaboration\/our-members\/fairphone\/\">\n                                    <img decoding=\"async\" class=\"logo-image\" src=\"https:\/\/faircobaltalliance.org\/app\/uploads\/2021\/09\/FAIRPHONE_LOGO_Forest-1-scaled.png\" alt=\"Fairphone\">\n                                    <\/a>\n                            <\/div>\n                                        <div class=\"logos-slider__item\">\n                                    <a href=\"https:\/\/faircobaltalliance.org\/fr\/supply-chain-wide-collaboration\/our-members\/glencore\/\">\n                                    <img decoding=\"async\" class=\"logo-image\" src=\"https:\/\/faircobaltalliance.org\/app\/uploads\/2021\/09\/glencore@2x.png\" alt=\"Glencore\">\n                                    <\/a>\n                            <\/div>\n                                        <div class=\"logos-slider__item\">\n                                    <a href=\"https:\/\/faircobaltalliance.org\/fr\/supply-chain-wide-collaboration\/our-members\/google\/\">\n                                    <img decoding=\"async\" class=\"logo-image\" src=\"https:\/\/faircobaltalliance.org\/app\/uploads\/2022\/02\/Google-logo-500px.png\" alt=\"Google\">\n                                    <\/a>\n                            <\/div>\n                                        <div class=\"logos-slider__item\">\n                                    <a href=\"https:\/\/faircobaltalliance.org\/fr\/supply-chain-wide-collaboration\/our-members\/gore-street-capital\/\">\n                                    <img decoding=\"async\" class=\"logo-image\" src=\"https:\/\/faircobaltalliance.org\/app\/uploads\/2023\/10\/GSC-logo.png\" alt=\"Gore Street Capital\">\n                                    <\/a>\n                            <\/div>\n                                        <div class=\"logos-slider__item\">\n                                    <a href=\"https:\/\/faircobaltalliance.org\/fr\/supply-chain-wide-collaboration\/our-members\/ixm\/\">\n                                    <img decoding=\"async\" class=\"logo-image\" src=\"https:\/\/faircobaltalliance.org\/app\/uploads\/2021\/09\/IXM_Cmoc_logo2.png\" alt=\"IXM\">\n                                    <\/a>\n                            <\/div>\n                                        <div class=\"logos-slider__item\">\n                                    <a href=\"https:\/\/faircobaltalliance.org\/fr\/supply-chain-wide-collaboration\/our-members\/lg-energy-solution\/\">\n                                    <img decoding=\"async\" class=\"logo-image\" src=\"https:\/\/faircobaltalliance.org\/app\/uploads\/2022\/07\/LG-Energy-Solution-logo-500px.png\" alt=\"LG Energy Solution\">\n                                    <\/a>\n                            <\/div>\n                                        <div class=\"logos-slider__item\">\n                                    <a href=\"https:\/\/faircobaltalliance.org\/fr\/supply-chain-wide-collaboration\/our-members\/save-the-children\/\">\n                                    <img decoding=\"async\" class=\"logo-image\" src=\"https:\/\/faircobaltalliance.org\/app\/uploads\/2021\/12\/Save-the-Children-logos-500px.png\" alt=\"Save the Children\">\n                                    <\/a>\n                            <\/div>\n                                        <div class=\"logos-slider__item\">\n                                    <a href=\"https:\/\/faircobaltalliance.org\/fr\/supply-chain-wide-collaboration\/our-members\/shift\/\">\n                                    <img decoding=\"async\" class=\"logo-image\" src=\"https:\/\/faircobaltalliance.org\/app\/uploads\/2021\/09\/SHIFT_Logo_schwarz.png\" alt=\"Shift\">\n                                    <\/a>\n                            <\/div>\n                                        <div class=\"logos-slider__item\">\n                                    <a href=\"https:\/\/faircobaltalliance.org\/fr\/supply-chain-wide-collaboration\/our-members\/signify\/\">\n                                    <img decoding=\"async\" class=\"logo-image\" src=\"https:\/\/faircobaltalliance.org\/app\/uploads\/2021\/09\/signify-logo-800px.jpg\" alt=\"Signify\">\n                                    <\/a>\n                            <\/div>\n                                        <div class=\"logos-slider__item\">\n                                    <a href=\"https:\/\/faircobaltalliance.org\/fr\/supply-chain-wide-collaboration\/our-members\/sushi-bikes\/\">\n                                    <img decoding=\"async\" class=\"logo-image\" src=\"https:\/\/faircobaltalliance.org\/app\/uploads\/2022\/02\/Sushi-bike-logo-500px.png\" alt=\"SUSHI Mobility GmbH\">\n                                    <\/a>\n                            <\/div>\n                                        <div class=\"logos-slider__item\">\n                                    <a href=\"https:\/\/faircobaltalliance.org\/fr\/supply-chain-wide-collaboration\/our-members\/telf-ag\/\">\n                                    <img decoding=\"async\" class=\"logo-image\" src=\"https:\/\/faircobaltalliance.org\/app\/uploads\/2025\/01\/TELF-AG-Logo.png\" alt=\"Telf AG\">\n                                    <\/a>\n                            <\/div>\n                                        <div class=\"logos-slider__item\">\n                                    <a href=\"https:\/\/faircobaltalliance.org\/fr\/supply-chain-wide-collaboration\/our-members\/tesla\/\">\n                                    <img decoding=\"async\" class=\"logo-image\" src=\"https:\/\/faircobaltalliance.org\/app\/uploads\/2021\/09\/tesla-logo-500px.png\" alt=\"Tesla\">\n                                    <\/a>\n                            <\/div>\n                                        <div class=\"logos-slider__item\">\n                                    <a href=\"https:\/\/faircobaltalliance.org\/fr\/supply-chain-wide-collaboration\/our-members\/the-centre-for-child-rights-and-business\/\">\n                                    <img decoding=\"async\" class=\"logo-image\" src=\"https:\/\/faircobaltalliance.org\/app\/uploads\/2021\/12\/centre-for-child-rights-business-logos-500px.png\" alt=\"The Centre for Child Rights and Business\">\n                                    <\/a>\n                            <\/div>\n                                        <div class=\"logos-slider__item\">\n                                    <a href=\"https:\/\/faircobaltalliance.org\/fr\/supply-chain-wide-collaboration\/our-members\/the-impact-facility\/\">\n                                    <img decoding=\"async\" class=\"logo-image\" src=\"https:\/\/faircobaltalliance.org\/app\/uploads\/2021\/09\/the-impact-facility-500px-1.png\" alt=\"The Impact Facility\">\n                                    <\/a>\n                            <\/div>\n              <\/section>\n\n\n\n<p><\/p>\n","protected":false},"excerpt":{"rendered":"","protected":false},"author":1,"featured_media":0,"parent":36,"menu_order":1,"comment_status":"closed","ping_status":"closed","template":"","meta":{"_acf_changed":false,"footnotes":""},"class_list":["post-199","page","type-page","status-publish","hentry"],"acf":[],"yoast_head":"<!-- This site is optimized with the Yoast SEO plugin v27.4 - https:\/\/yoast.com\/product\/yoast-seo-wordpress\/ -->\n<title>Nos membres - The Fair Cobalt Alliance<\/title>\n<meta name=\"robots\" content=\"index, follow, max-snippet:-1, max-image-preview:large, max-video-preview:-1\" \/>\n<link rel=\"canonical\" href=\"https:\/\/www.faircobaltalliance.org\/fr\/collaboration-dans-la-chaine-dapprovisionnement\/nos-membres\/\" \/>\n<meta property=\"og:locale\" content=\"fr_FR\" \/>\n<meta property=\"og:type\" content=\"article\" \/>\n<meta property=\"og:title\" content=\"Nos membres - The Fair Cobalt Alliance\" \/>\n<meta property=\"og:url\" content=\"https:\/\/www.faircobaltalliance.org\/fr\/collaboration-dans-la-chaine-dapprovisionnement\/nos-membres\/\" \/>\n<meta property=\"og:site_name\" content=\"The Fair Cobalt Alliance\" \/>\n<meta property=\"article:modified_time\" content=\"2022-03-01T12:32:46+00:00\" \/>\n<meta name=\"twitter:card\" content=\"summary_large_image\" \/>\n<script type=\"application\/ld+json\" class=\"yoast-schema-graph\">{\"@context\":\"https:\\\/\\\/schema.org\",\"@graph\":[{\"@type\":\"WebPage\",\"@id\":\"https:\\\/\\\/www.faircobaltalliance.org\\\/fr\\\/collaboration-dans-la-chaine-dapprovisionnement\\\/nos-membres\\\/\",\"url\":\"https:\\\/\\\/www.faircobaltalliance.org\\\/fr\\\/collaboration-dans-la-chaine-dapprovisionnement\\\/nos-membres\\\/\",\"name\":\"Nos membres - The Fair Cobalt Alliance\",\"isPartOf\":{\"@id\":\"https:\\\/\\\/www.faircobaltalliance.org\\\/#website\"},\"datePublished\":\"2021-09-09T12:45:13+00:00\",\"dateModified\":\"2022-03-01T12:32:46+00:00\",\"breadcrumb\":{\"@id\":\"https:\\\/\\\/www.faircobaltalliance.org\\\/fr\\\/collaboration-dans-la-chaine-dapprovisionnement\\\/nos-membres\\\/#breadcrumb\"},\"inLanguage\":\"fr-FR\",\"potentialAction\":[{\"@type\":\"ReadAction\",\"target\":[\"https:\\\/\\\/www.faircobaltalliance.org\\\/fr\\\/collaboration-dans-la-chaine-dapprovisionnement\\\/nos-membres\\\/\"]}]},{\"@type\":\"BreadcrumbList\",\"@id\":\"https:\\\/\\\/www.faircobaltalliance.org\\\/fr\\\/collaboration-dans-la-chaine-dapprovisionnement\\\/nos-membres\\\/#breadcrumb\",\"itemListElement\":[{\"@type\":\"ListItem\",\"position\":1,\"name\":\"Collaboration dans la chai\u0301ne\",\"item\":\"https:\\\/\\\/www.faircobaltalliance.org\\\/fr\\\/collaboration-dans-la-chaine-dapprovisionnement\\\/\"},{\"@type\":\"ListItem\",\"position\":2,\"name\":\"Nos membres\"}]},{\"@type\":\"WebSite\",\"@id\":\"https:\\\/\\\/www.faircobaltalliance.org\\\/#website\",\"url\":\"https:\\\/\\\/www.faircobaltalliance.org\\\/\",\"name\":\"The Fair Cobalt Alliance\",\"description\":\"Through collaboration - change is possible\",\"potentialAction\":[{\"@type\":\"SearchAction\",\"target\":{\"@type\":\"EntryPoint\",\"urlTemplate\":\"https:\\\/\\\/www.faircobaltalliance.org\\\/?s={search_term_string}\"},\"query-input\":{\"@type\":\"PropertyValueSpecification\",\"valueRequired\":true,\"valueName\":\"search_term_string\"}}],\"inLanguage\":\"fr-FR\"}]}<\/script>\n<!-- \/ Yoast SEO plugin. -->","yoast_head_json":{"title":"Nos membres - The Fair Cobalt Alliance","robots":{"index":"index","follow":"follow","max-snippet":"max-snippet:-1","max-image-preview":"max-image-preview:large","max-video-preview":"max-video-preview:-1"},"canonical":"https:\/\/www.faircobaltalliance.org\/fr\/collaboration-dans-la-chaine-dapprovisionnement\/nos-membres\/","og_locale":"fr_FR","og_type":"article","og_title":"Nos membres - The Fair Cobalt Alliance","og_url":"https:\/\/www.faircobaltalliance.org\/fr\/collaboration-dans-la-chaine-dapprovisionnement\/nos-membres\/","og_site_name":"The Fair Cobalt Alliance","article_modified_time":"2022-03-01T12:32:46+00:00","twitter_card":"summary_large_image","schema":{"@context":"https:\/\/schema.org","@graph":[{"@type":"WebPage","@id":"https:\/\/www.faircobaltalliance.org\/fr\/collaboration-dans-la-chaine-dapprovisionnement\/nos-membres\/","url":"https:\/\/www.faircobaltalliance.org\/fr\/collaboration-dans-la-chaine-dapprovisionnement\/nos-membres\/","name":"Nos membres - The Fair Cobalt Alliance","isPartOf":{"@id":"https:\/\/www.faircobaltalliance.org\/#website"},"datePublished":"2021-09-09T12:45:13+00:00","dateModified":"2022-03-01T12:32:46+00:00","breadcrumb":{"@id":"https:\/\/www.faircobaltalliance.org\/fr\/collaboration-dans-la-chaine-dapprovisionnement\/nos-membres\/#breadcrumb"},"inLanguage":"fr-FR","potentialAction":[{"@type":"ReadAction","target":["https:\/\/www.faircobaltalliance.org\/fr\/collaboration-dans-la-chaine-dapprovisionnement\/nos-membres\/"]}]},{"@type":"BreadcrumbList","@id":"https:\/\/www.faircobaltalliance.org\/fr\/collaboration-dans-la-chaine-dapprovisionnement\/nos-membres\/#breadcrumb","itemListElement":[{"@type":"ListItem","position":1,"name":"Collaboration dans la chai\u0301ne","item":"https:\/\/www.faircobaltalliance.org\/fr\/collaboration-dans-la-chaine-dapprovisionnement\/"},{"@type":"ListItem","position":2,"name":"Nos membres"}]},{"@type":"WebSite","@id":"https:\/\/www.faircobaltalliance.org\/#website","url":"https:\/\/www.faircobaltalliance.org\/","name":"The Fair Cobalt Alliance","description":"Through collaboration - change is possible","potentialAction":[{"@type":"SearchAction","target":{"@type":"EntryPoint","urlTemplate":"https:\/\/www.faircobaltalliance.org\/?s={search_term_string}"},"query-input":{"@type":"PropertyValueSpecification","valueRequired":true,"valueName":"search_term_string"}}],"inLanguage":"fr-FR"}]}},"_links":{"self":[{"href":"https:\/\/faircobaltalliance.org\/fr\/wp-json\/wp\/v2\/pages\/199","targetHints":{"allow":["GET"]}}],"collection":[{"href":"https:\/\/faircobaltalliance.org\/fr\/wp-json\/wp\/v2\/pages"}],"about":[{"href":"https:\/\/faircobaltalliance.org\/fr\/wp-json\/wp\/v2\/types\/page"}],"author":[{"embeddable":true,"href":"https:\/\/faircobaltalliance.org\/fr\/wp-json\/wp\/v2\/users\/1"}],"replies":[{"embeddable":true,"href":"https:\/\/faircobaltalliance.org\/fr\/wp-json\/wp\/v2\/comments?post=199"}],"version-history":[{"count":10,"href":"https:\/\/faircobaltalliance.org\/fr\/wp-json\/wp\/v2\/pages\/199\/revisions"}],"predecessor-version":[{"id":3111,"href":"https:\/\/faircobaltalliance.org\/fr\/wp-json\/wp\/v2\/pages\/199\/revisions\/3111"}],"up":[{"embeddable":true,"href":"https:\/\/faircobaltalliance.org\/fr\/wp-json\/wp\/v2\/pages\/36"}],"wp:attachment":[{"href":"https:\/\/faircobaltalliance.org\/fr\/wp-json\/wp\/v2\/media?parent=199"}],"curies":[{"name":"wp","href":"https:\/\/api.w.org\/{rel}","templated":true}]}}