{"id":201,"date":"2021-09-09T13:45:29","date_gmt":"2021-09-09T12:45:29","guid":{"rendered":"https:\/\/www.faircobaltalliance.org\/?page_id=201"},"modified":"2022-03-01T12:34:17","modified_gmt":"2022-03-01T12:34:17","slug":"rejoindre-l-ace","status":"publish","type":"page","link":"https:\/\/faircobaltalliance.org\/fr\/collaboration-dans-la-chaine-dapprovisionnement\/rejoindre-l-ace\/","title":{"rendered":"Rejoindre l&rsquo;ACE"},"content":{"rendered":"\n\n<section class=\"hero user-text\">\n    <div class=\"hero__blocker\"><\/div>\n    <div class=\"hero__image\">\n        <div class=\"hero__image--desktop\" style=\"background-image: url(https:\/\/faircobaltalliance.org\/app\/uploads\/2021\/09\/Four-miners-carrying-man-safety-1280x617.png)\" alt=\"\"><\/div>\n        <div class=\"hero__image--mobile\" style=\"background-image:  url(https:\/\/faircobaltalliance.org\/app\/uploads\/2021\/09\/Four-miners-carrying-man-safety-768x430.png);\" alt=\"\"><\/div>\n    <\/div>\n    <div class=\"hero__container\">\n        <div class=\"hero__content\">\n                            <h1 class=\"hero__title\">Devenir membre de L\u2019Alliance du Cobalt \u00c9quitable <\/h1>\n                                <\/div>\n    <\/div>\n<\/section>\n\n\n\n\n<section class=\"callout-block user-text has-bg\">\n    <div class=\"wrapper\">\n        <p>Nous vous remercions de votre int\u00e9r\u00eat \u00e0 collaborer et \u00e0 rejoindre l\u2019Alliance du Cobalt \u00c9quitable.<\/p>\n    <\/div>\n<\/section>\n\n\n<div class=\"styled-numbered-list\">\n  <div class=\"wrapper\">\n          <h5 class=\"styled-numbered-list__title\">En tant que plateforme d&rsquo;action, nous accueillons les organisations qui s&rsquo;engagent \u00e0 apporter leur contribution \u00e0 :<\/h5>\n        <div class=\"numbered-list\">\n                        <div class=\"numbered-list__item\">\n        <span class=\"numbered-list__number\">1<\/span>\n\n          Am\u00e9liorer les conditions de travail et les conditions environnementales dans les exploitations mini\u00e8res artisanales      <\/div>\n                      <div class=\"numbered-list__item\">\n        <span class=\"numbered-list__number\">2<\/span>\n\n          Att\u00e9nuer et rem\u00e9dier au travail des enfants      <\/div>\n                      <div class=\"numbered-list__item\">\n        <span class=\"numbered-list__number\">3<\/span>\n\n          Favoriser des moyens de subsistance alternatifs et construire des \u00e9conomies locales r\u00e9silientes      <\/div>\n            <\/div>\n  <\/div>\n<\/div>\n\n\n<section class=\"two-col-text user-text has-bg\">\n  <div class=\"wrapper\">\n          <h4 class=\"two-col__title\">Qu\u2019est ce qu\u2019\u00eatre un membre de l\u2019ACE implique? <\/h4>\n        <div class=\"two-col\">\n      <div class=\"two-col__item\">\n        <h5>Tous les membres de l\u2019ACE sont signataires de l&rsquo;Appel \u00e0 l&rsquo;Action de l\u2019ACE (CTA), qui atteste publiquement de l&rsquo;engagement de votre organisation \u00e0:<\/h5>\n      <\/div>\n      <div class=\"two-col__item\">\n        <ul>\n<li>Reconna\u00eetre la l\u00e9gitimit\u00e9 du cobalt provenant d&rsquo;exploitations EMAPE responsables.<\/li>\n<li>Contribuer aux ressources du programme int\u00e9gr\u00e9 de l\u2019ACE<\/li>\n<li>D\u00e9signer une personne de contact qui assurera la coordination avec l\u2019ACE<\/li>\n<li>Promouvoir les objectifs de l\u2019ACE<\/li>\n<\/ul>\n      <\/div>\n    <\/div>\n  <\/div>\n<\/section>\n\n\n<section class=\"accordion-section user-text     \">\n    <div class=\"wrapper\">\n                <section class=\"accordion\">\n                            <div class=\"accordion__items\">\n                                                                    <div class=\"accordion__item\">\n                            <button class=\"accordion__button\">\n                                <h3 class=\"accordion__item-title\">Reconnaissance de la l\u00e9gitimit\u00e9 du cobalt issu d&rsquo;exploitations EMAPE responsables<\/h3>\n                                <span class=\"arrow-icon\"><svg xmlns=\"http:\/\/www.w3.org\/2000\/svg\" width=\"18\" height=\"11.11\" viewBox=\"0 0 18 11.11\">\n    <path d=\"M2.11,0,9,6.87,15.89,0,18,2.11l-9,9-9-9Z\" fill=\"#bf8c2e\" \/><\/svg><\/span>\n                            <\/button>\n                            <div class=\"accordion__item-content\">\n                                <p>Les membres de l\u2019ACE reconnaissent le potentiel des op\u00e9rations EMAPE comme activit\u00e9 \u00e9conomique l\u00e9gitime contribuant au d\u00e9veloppement local et comme moyen de subsistance direct ou indirect pour des milliers de membres de la communaut\u00e9 en RD Congo (RDC). Reconnaissant les d\u00e9fis auxquels les mineurs artisanaux sont confront\u00e9s, l\u2019ACE encourage l&rsquo;am\u00e9lioration continue des conditions de travail et des pratiques de gestion environnementale dans les exploitations d&rsquo;EMAPE. L&rsquo;adoption d&rsquo;une approche progressive nous permet d&rsquo;inclure les parties prenantes vuln\u00e9rables, sans compromettre l&rsquo;objectif final d&rsquo;atteindre les meilleures pratiques.<\/p>\n                            <\/div>\n                        <\/div>\n                                                                        <div class=\"accordion__item\">\n                            <button class=\"accordion__button\">\n                                <h3 class=\"accordion__item-title\">Contribuer aux ressources du programme int\u00e9gr\u00e9 <\/h3>\n                                <span class=\"arrow-icon\"><svg xmlns=\"http:\/\/www.w3.org\/2000\/svg\" width=\"18\" height=\"11.11\" viewBox=\"0 0 18 11.11\">\n    <path d=\"M2.11,0,9,6.87,15.89,0,18,2.11l-9,9-9-9Z\" fill=\"#bf8c2e\" \/><\/svg><\/span>\n                            <\/button>\n                            <div class=\"accordion__item-content\">\n                                <p>Pour que l\u2019ACE puisse investir dans des actions sur le terrain, nous devons obtenir un financement suffisant. Compte tenu de l&rsquo;ampleur des d\u00e9fis \u00e0 relever et de la complexit\u00e9 de l&rsquo;exploitation d&rsquo;une entreprise en RDC, nous nous sommes fix\u00e9s des objectifs de collecte de fonds ambitieux.<\/p>\n<p>Notre objectif est de faire en sorte que les acteurs de la cha\u00eene d&rsquo;approvisionnement apportent une contribution directe en fonction de leur relation et de leur d\u00e9pendance au cobalt, ainsi que de la taille de leurs op\u00e9rations. Afin de ne pas exclure les organisations de toute la cha\u00eene d&rsquo;approvisionnement, nous avons mis au point un syst\u00e8me de contribution par paliers qui sp\u00e9cifie des niveaux de contribution annuels minimums, permettant la participation de start-ups, de PME, de soci\u00e9t\u00e9s bien \u00e9tablies, d&rsquo;ONG, de multinationales et d&rsquo;associations industrielles. Certaines entreprises peuvent \u00eatre importantes, mais n&rsquo;utiliser qu&rsquo;une petite quantit\u00e9 de cobalt dans leurs produits, d&rsquo;autres peuvent d\u00e9pendre enti\u00e8rement du cobalt.<\/p>\n                            <\/div>\n                        <\/div>\n                                                                        <div class=\"accordion__item\">\n                            <button class=\"accordion__button\">\n                                <h3 class=\"accordion__item-title\">D\u00e9signer une personne de contact<\/h3>\n                                <span class=\"arrow-icon\"><svg xmlns=\"http:\/\/www.w3.org\/2000\/svg\" width=\"18\" height=\"11.11\" viewBox=\"0 0 18 11.11\">\n    <path d=\"M2.11,0,9,6.87,15.89,0,18,2.11l-9,9-9-9Z\" fill=\"#bf8c2e\" \/><\/svg><\/span>\n                            <\/button>\n                            <div class=\"accordion__item-content\">\n                                <p>Chaque membre de l\u2019ACE d\u00e9signe une personne de contact, en allouant suffisamment de ressources et de temps pour que cette personne puisse agir en tant que repr\u00e9sentant de l\u2019ACE. Cette personne remplira les engagements de l&rsquo;organisation, participera aux r\u00e9unions ou aux groupes de travail des membres de l\u2019ACE, et aidera \u00e0 promouvoir l\u2019ACE aupr\u00e8s des fournisseurs et des clients, le cas \u00e9ch\u00e9ant. Le membre informera l\u2019ACE des changements de personnel et d\u00e9signera une personne de contact bien avant de tels changements.<\/p>\n                            <\/div>\n                        <\/div>\n                                                                        <div class=\"accordion__item\">\n                            <button class=\"accordion__button\">\n                                <h3 class=\"accordion__item-title\">Promotion de l\u2019ACE<\/h3>\n                                <span class=\"arrow-icon\"><svg xmlns=\"http:\/\/www.w3.org\/2000\/svg\" width=\"18\" height=\"11.11\" viewBox=\"0 0 18 11.11\">\n    <path d=\"M2.11,0,9,6.87,15.89,0,18,2.11l-9,9-9-9Z\" fill=\"#bf8c2e\" \/><\/svg><\/span>\n                            <\/button>\n                            <div class=\"accordion__item-content\">\n                                <p>L&rsquo;objectif de l\u2019ACE est de transformer les communaut\u00e9s mini\u00e8res de la RDC par l&rsquo;\u00e9radication du travail des enfants dans les exploitations EMAPE, de prot\u00e9ger les droits des enfants dans la communaut\u00e9, de promouvoir la cr\u00e9ation de moyens de subsistance alternatifs pour les jeunes et les adultes et d&rsquo;accro\u00eetre l&rsquo;approvisionnement et la disponibilit\u00e9 du cobalt provenant de sites EMAPE g\u00e9r\u00e9s de mani\u00e8re responsable. Pour y parvenir, l\u2019ACE a besoin du soutien de l&rsquo;ensemble de la cha\u00eene d&rsquo;approvisionnement pour son programme, tant sur le plan financier que sur celui des programmes.<\/p>\n<p>En faisant la promotion de l\u2019ACE aupr\u00e8s des pairs, des clients et des fournisseurs de l&rsquo;industrie, les membres de l\u2019ACE peuvent fa\u00e7onner le discours public sur l&rsquo;engagement constructif des EMAPE et le d\u00e9veloppement durable et \u00e9conomique des communaut\u00e9s mini\u00e8res. Ils peuvent aider \u00e0 recruter le soutien et les ressources n\u00e9cessaires pour que le cobalt \u00e9quitable devienne la norme dans la r\u00e9gion, plut\u00f4t que l&rsquo;exception.<\/p>\n<p>En tant que membre de l\u2019ACE, vous recevrez r\u00e9guli\u00e8rement des rapports d&rsquo;avancement et d&rsquo;impact, vous pourrez assister aux r\u00e9unions trimestrielles des membres, vous serez invit\u00e9 \u00e0 participer aux groupes de travail pertinents de l\u2019ACE et vous contribuerez \u00e0 fa\u00e7onner l&rsquo;approche et le programme de l&rsquo;ACE en si\u00e9geant \u00e0 <a href=\"https:\/\/fca.sos-dev.co.uk\/fr\/about-us-fr\/governance-fr\/\">notre comit\u00e9 directeur<\/a>.<\/p>\n<p>Au fil du temps, l\u2019ACE vise \u00e0 faciliter l&rsquo;approvisionnement en cobalt EMAPE \u00e9quitable pour les parties int\u00e9ress\u00e9es.<\/p>\n                            <\/div>\n                        <\/div>\n                                        <\/div>\n                    <\/section>\n            <\/div>\n<\/section>\n\n\n\n\n<section class=\"full-width-image\">\n    <picture>\n        <source srcset=\"https:\/\/faircobaltalliance.org\/app\/uploads\/2021\/09\/FCA_43-1280x500.jpg)\" media=\"(min-width: 768px)\">\n        <source srcset=\"https:\/\/faircobaltalliance.org\/app\/uploads\/2021\/09\/FCA_43-768x300.jpg)\" media=\"(min-width: 0px)\">\n        <img decoding=\"async\" src=\"https:\/\/faircobaltalliance.org\/app\/uploads\/2021\/09\/FCA_43-1280x500.jpg\" alt=\"\">\n    <\/picture>\n<\/section>\n\n\n\n\n<section class=\"text-block user-text       \">\n    <div class=\"wrapper\">\n        <h4>Contribuer \u00e0 l\u2019ACE<\/h4>\n<p>Pour que l\u2019ACE puisse investir dans des actions sur le terrain, nous devons obtenir un financement suffisant. Compte tenu de l&rsquo;ampleur des d\u00e9fis \u00e0 relever et de la complexit\u00e9 de l&rsquo;exploitation d&rsquo;une entreprise en RDC, nous nous sommes fix\u00e9s des objectifs de collecte de fonds ambitieux. Nous sommes reconnaissants d&rsquo;avoir d\u00e9j\u00e0 re\u00e7u des fonds publics, mais nous ne saurions trop insister sur l&rsquo;importance pour le secteur priv\u00e9 d&rsquo;apporter sa juste contribution \u00e0 la transformation du secteur EMAPE.<\/p>\n<p>Notre objectif est d&rsquo;avoir des acteurs de la cha\u00eene d&rsquo;approvisionnement qui apportent une contribution directe en fonction de leur d\u00e9pendance au cobalt et de la taille de leurs op\u00e9rations. Afin d&rsquo;inclure les organisations de l&rsquo;ensemble de la cha\u00eene d&rsquo;approvisionnement, nous avons mis au point un syst\u00e8me de contribution \u00e0 plusieurs niveaux, sp\u00e9cifiant des niveaux de contribution annuels minimums, permettant la participation de startups, de PME, de soci\u00e9t\u00e9s bien \u00e9tablies, d&rsquo;ONG, de multinationales et d&rsquo;associations industrielles. Certaines entreprises peuvent \u00eatre importantes, mais n&rsquo;utiliser qu&rsquo;une petite quantit\u00e9 de cobalt dans leurs produits, d&rsquo;autres peuvent d\u00e9pendre enti\u00e8rement du cobalt.<\/p>\n    <\/div>\n<\/section>\n\n\n\n<figure class=\"wp-block-table\">\n    <table class=\"membership\">\n        <tbody>\n            <tr>\n                <td class=\"has-text-align-center\" data-align=\"center\">&nbsp;<\/td>\n                <td class=\"has-text-align-center\" data-align=\"center\">Petite<\/td>\n                <td class=\"has-text-align-center\" data-align=\"center\">Moyenne<\/td>\n                <td class=\"has-text-align-center\" data-align=\"center\">Grande<\/td>\n            <\/tr>\n            <tr>\n                <td class=\"has-text-align-center\" data-align=\"center\">Examples<\/td>\n                <td class=\"has-text-align-center\" data-align=\"center\"><span>Petite<\/span>startups, PME, cabinets de conseil sp\u00e9cialis\u00e9set groupes de r\u00e9flexion<\/td>\n                <td class=\"has-text-align-center\" data-align=\"center\"><span>Moyenne<\/span>grandes entreprises disposant de petites quantit\u00e9s de cobalt, associations industrielles, installations de stockage de batteries, places de march\u00e9 et institutions financi\u00e8res.<\/td>\n                <td class=\"has-text-align-center\" data-align=\"center\"><span>Grande<\/span>(les raffineurs (de brut), les LSM,fabricants de batteries, \u00e9quipementiers<\/td>\n            <\/tr>\n            <tr>\n                <td class=\"has-text-align-center\" data-align=\"center\">adh\u00e9sion (p.a.)<\/td>\n                <td class=\"has-text-align-center\" data-align=\"center\"><span>Petite<\/span>15.000 &#8211; 50.000 USD<\/td>\n                <td class=\"has-text-align-center\" data-align=\"center\"><span>Moyenne<\/span>50.000 &#8211; 100.00 USD<\/td>\n                <td class=\"has-text-align-center\" data-align=\"center\"><span>Grande<\/span>100.000 &#8211; 300.000 USD<\/td>\n            <\/tr>\n        <\/tbody>\n    <\/table>\n<\/figure>\n\n\n<section class=\"two-col-text user-text \">\n  <div class=\"wrapper\">\n        <div class=\"two-col\">\n      <div class=\"two-col__item\">\n        <h5>Pocessus de demande d&rsquo;adh\u00e9sion<\/h5>\n<p>Apr\u00e8s une conversation initiale avec l&rsquo;\u00e9quipe de l\u2019ACE, il vous sera demand\u00e9 de remplir et de partager l&rsquo;outil d&rsquo;accueil et de diligence raisonnable de l\u2019ACE, qui sert de demande officielle d&rsquo;adh\u00e9sion \u00e0 l\u2019ACE.<\/p>\n<p>Pour nous permettre de comprendre comment nous pouvons mieux nous associer \u00e0 votre organisation, nous avons pr\u00e9par\u00e9 un certain nombre de questions, dont les r\u00e9ponses nous aideront:<\/p>\n<ul>\n<li>Faire preuve de diligence raisonnable \u00e0 l&rsquo;\u00e9gard de votre organisation,<\/li>\n<li>Comprendre vos motivations, besoins et ambitions pour travailler avec l\u2019ACE,<\/li>\n<li>d\u00e9terminer ensemble le niveau de cotisation le plus appropri\u00e9 pour vous.<\/li>\n<\/ul>\n<p>Avec une copie sign\u00e9e de notre Appel \u00e0 l&rsquo;Action, le Secr\u00e9tariat de l\u2019ACE examinera la demande, avant de faire sa recommandation pour approbation au Comit\u00e9 Directeur de l\u2019ACE, qui doit approuver votre demande \u00e0 l&rsquo;unanimit\u00e9.<\/p>\n<p>Si vous \u00eates int\u00e9ress\u00e9 et souhaitez en savoir plus sur l\u2019Alliance du Cobalt \u00c9quitable, notre approche et la mani\u00e8re dont votre organisation peut nous aider, veuillez contacter <a href=\"mailto:David.Sturmes@FairCobaltAlliance.org\">David.Sturmes@FairCobaltAlliance.org<\/a>.<\/p>\n<p>Nous nous r\u00e9jouissons d&rsquo;avoir de vos nouvelles.<\/p>\n<p><a class=\"button\" href=\"mailto:david.sturmes@faircobaltalliance.org?subject=Fair Cobalt Alliance\">Contacter David Sturmes<\/a><\/p>\n      <\/div>\n      <div class=\"two-col__item\">\n        <p><img loading=\"lazy\" decoding=\"async\" class=\"aligncenter wp-image-1821 size-full\" src=\"https:\/\/fca.sos-dev.co.uk\/wp-content\/uploads\/2021\/10\/20210414-FCA-Call-to-Action-CTA_template_Dropshadow-2.png\" alt=\"\" width=\"2478\" height=\"3372\" srcset=\"https:\/\/faircobaltalliance.org\/app\/uploads\/2021\/10\/20210414-FCA-Call-to-Action-CTA_template_Dropshadow-2.png 2478w, https:\/\/faircobaltalliance.org\/app\/uploads\/2021\/10\/20210414-FCA-Call-to-Action-CTA_template_Dropshadow-2-220x300.png 220w, https:\/\/faircobaltalliance.org\/app\/uploads\/2021\/10\/20210414-FCA-Call-to-Action-CTA_template_Dropshadow-2-753x1024.png 753w, https:\/\/faircobaltalliance.org\/app\/uploads\/2021\/10\/20210414-FCA-Call-to-Action-CTA_template_Dropshadow-2-1129x1536.png 1129w, https:\/\/faircobaltalliance.org\/app\/uploads\/2021\/10\/20210414-FCA-Call-to-Action-CTA_template_Dropshadow-2-1505x2048.png 1505w, https:\/\/faircobaltalliance.org\/app\/uploads\/2021\/10\/20210414-FCA-Call-to-Action-CTA_template_Dropshadow-2-260x354.png 260w\" sizes=\"auto, (max-width: 2478px) 100vw, 2478px\" \/><\/p>\n      <\/div>\n    <\/div>\n  <\/div>\n<\/section>\n\n\n\n\n<section class=\"full-width-image\">\n    <picture>\n        <source srcset=\"https:\/\/faircobaltalliance.org\/app\/uploads\/2021\/09\/visit-Kamilombe-1280x500.jpg)\" media=\"(min-width: 768px)\">\n        <source srcset=\"https:\/\/faircobaltalliance.org\/app\/uploads\/2021\/09\/visit-Kamilombe-768x300.jpg)\" media=\"(min-width: 0px)\">\n        <img decoding=\"async\" src=\"https:\/\/faircobaltalliance.org\/app\/uploads\/2021\/09\/visit-Kamilombe-1280x500.jpg\" alt=\"\">\n    <\/picture>\n<\/section>\n","protected":false},"excerpt":{"rendered":"<p>&nbsp; Petite Moyenne Grande Examples Petitestartups, PME, cabinets de conseil sp\u00e9cialis\u00e9set groupes de r\u00e9flexion Moyennegrandes entreprises disposant de petites quantit\u00e9s de cobalt, associations industrielles, installations de stockage de batteries, places de march\u00e9 et institutions financi\u00e8res. Grande(les raffineurs (de brut), les LSM,fabricants de batteries, \u00e9quipementiers adh\u00e9sion (p.a.) Petite15.000 &#8211; 50.000 USD Moyenne50.000 &#8211; 100.00 USD Grande100.000 [&hellip;]<\/p>\n","protected":false},"author":1,"featured_media":0,"parent":36,"menu_order":3,"comment_status":"closed","ping_status":"closed","template":"","meta":{"_acf_changed":false,"footnotes":""},"class_list":["post-201","page","type-page","status-publish","hentry"],"acf":[],"yoast_head":"<!-- This site is optimized with the Yoast SEO plugin v27.4 - https:\/\/yoast.com\/product\/yoast-seo-wordpress\/ -->\n<title>Rejoindre l&#039;ACE - The Fair Cobalt Alliance<\/title>\n<meta name=\"robots\" content=\"index, follow, max-snippet:-1, max-image-preview:large, max-video-preview:-1\" \/>\n<link rel=\"canonical\" href=\"https:\/\/www.faircobaltalliance.org\/fr\/collaboration-dans-la-chaine-dapprovisionnement\/rejoindre-l-ace\/\" \/>\n<meta property=\"og:locale\" content=\"fr_FR\" \/>\n<meta property=\"og:type\" content=\"article\" \/>\n<meta property=\"og:title\" content=\"Rejoindre l&#039;ACE - The Fair Cobalt Alliance\" \/>\n<meta property=\"og:description\" content=\"&nbsp; Petite Moyenne Grande Examples Petitestartups, PME, cabinets de conseil sp\u00e9cialis\u00e9set groupes de r\u00e9flexion Moyennegrandes entreprises disposant de petites quantit\u00e9s de cobalt, associations industrielles, installations de stockage de batteries, places de march\u00e9 et institutions financi\u00e8res. Grande(les raffineurs (de brut), les LSM,fabricants de batteries, \u00e9quipementiers adh\u00e9sion (p.a.) Petite15.000 &#8211; 50.000 USD Moyenne50.000 &#8211; 100.00 USD Grande100.000 [&hellip;]\" \/>\n<meta property=\"og:url\" content=\"https:\/\/www.faircobaltalliance.org\/fr\/collaboration-dans-la-chaine-dapprovisionnement\/rejoindre-l-ace\/\" \/>\n<meta property=\"og:site_name\" content=\"The Fair Cobalt Alliance\" \/>\n<meta property=\"article:modified_time\" content=\"2022-03-01T12:34:17+00:00\" \/>\n<meta name=\"twitter:card\" content=\"summary_large_image\" \/>\n<meta name=\"twitter:label1\" content=\"Est. reading time\" \/>\n\t<meta name=\"twitter:data1\" content=\"1 minute\" \/>\n<script type=\"application\/ld+json\" class=\"yoast-schema-graph\">{\"@context\":\"https:\\\/\\\/schema.org\",\"@graph\":[{\"@type\":\"WebPage\",\"@id\":\"https:\\\/\\\/www.faircobaltalliance.org\\\/fr\\\/collaboration-dans-la-chaine-dapprovisionnement\\\/rejoindre-l-ace\\\/\",\"url\":\"https:\\\/\\\/www.faircobaltalliance.org\\\/fr\\\/collaboration-dans-la-chaine-dapprovisionnement\\\/rejoindre-l-ace\\\/\",\"name\":\"Rejoindre l'ACE - The Fair Cobalt Alliance\",\"isPartOf\":{\"@id\":\"https:\\\/\\\/www.faircobaltalliance.org\\\/#website\"},\"datePublished\":\"2021-09-09T12:45:29+00:00\",\"dateModified\":\"2022-03-01T12:34:17+00:00\",\"breadcrumb\":{\"@id\":\"https:\\\/\\\/www.faircobaltalliance.org\\\/fr\\\/collaboration-dans-la-chaine-dapprovisionnement\\\/rejoindre-l-ace\\\/#breadcrumb\"},\"inLanguage\":\"fr-FR\",\"potentialAction\":[{\"@type\":\"ReadAction\",\"target\":[\"https:\\\/\\\/www.faircobaltalliance.org\\\/fr\\\/collaboration-dans-la-chaine-dapprovisionnement\\\/rejoindre-l-ace\\\/\"]}]},{\"@type\":\"BreadcrumbList\",\"@id\":\"https:\\\/\\\/www.faircobaltalliance.org\\\/fr\\\/collaboration-dans-la-chaine-dapprovisionnement\\\/rejoindre-l-ace\\\/#breadcrumb\",\"itemListElement\":[{\"@type\":\"ListItem\",\"position\":1,\"name\":\"Collaboration dans la chai\u0301ne\",\"item\":\"https:\\\/\\\/www.faircobaltalliance.org\\\/fr\\\/collaboration-dans-la-chaine-dapprovisionnement\\\/\"},{\"@type\":\"ListItem\",\"position\":2,\"name\":\"Rejoindre l&#8217;ACE\"}]},{\"@type\":\"WebSite\",\"@id\":\"https:\\\/\\\/www.faircobaltalliance.org\\\/#website\",\"url\":\"https:\\\/\\\/www.faircobaltalliance.org\\\/\",\"name\":\"The Fair Cobalt Alliance\",\"description\":\"Through collaboration - change is possible\",\"potentialAction\":[{\"@type\":\"SearchAction\",\"target\":{\"@type\":\"EntryPoint\",\"urlTemplate\":\"https:\\\/\\\/www.faircobaltalliance.org\\\/?s={search_term_string}\"},\"query-input\":{\"@type\":\"PropertyValueSpecification\",\"valueRequired\":true,\"valueName\":\"search_term_string\"}}],\"inLanguage\":\"fr-FR\"}]}<\/script>\n<!-- \/ Yoast SEO plugin. -->","yoast_head_json":{"title":"Rejoindre l'ACE - The Fair Cobalt Alliance","robots":{"index":"index","follow":"follow","max-snippet":"max-snippet:-1","max-image-preview":"max-image-preview:large","max-video-preview":"max-video-preview:-1"},"canonical":"https:\/\/www.faircobaltalliance.org\/fr\/collaboration-dans-la-chaine-dapprovisionnement\/rejoindre-l-ace\/","og_locale":"fr_FR","og_type":"article","og_title":"Rejoindre l'ACE - The Fair Cobalt Alliance","og_description":"&nbsp; Petite Moyenne Grande Examples Petitestartups, PME, cabinets de conseil sp\u00e9cialis\u00e9set groupes de r\u00e9flexion Moyennegrandes entreprises disposant de petites quantit\u00e9s de cobalt, associations industrielles, installations de stockage de batteries, places de march\u00e9 et institutions financi\u00e8res. Grande(les raffineurs (de brut), les LSM,fabricants de batteries, \u00e9quipementiers adh\u00e9sion (p.a.) Petite15.000 &#8211; 50.000 USD Moyenne50.000 &#8211; 100.00 USD Grande100.000 [&hellip;]","og_url":"https:\/\/www.faircobaltalliance.org\/fr\/collaboration-dans-la-chaine-dapprovisionnement\/rejoindre-l-ace\/","og_site_name":"The Fair Cobalt Alliance","article_modified_time":"2022-03-01T12:34:17+00:00","twitter_card":"summary_large_image","twitter_misc":{"Est. reading time":"1 minute"},"schema":{"@context":"https:\/\/schema.org","@graph":[{"@type":"WebPage","@id":"https:\/\/www.faircobaltalliance.org\/fr\/collaboration-dans-la-chaine-dapprovisionnement\/rejoindre-l-ace\/","url":"https:\/\/www.faircobaltalliance.org\/fr\/collaboration-dans-la-chaine-dapprovisionnement\/rejoindre-l-ace\/","name":"Rejoindre l'ACE - The Fair Cobalt Alliance","isPartOf":{"@id":"https:\/\/www.faircobaltalliance.org\/#website"},"datePublished":"2021-09-09T12:45:29+00:00","dateModified":"2022-03-01T12:34:17+00:00","breadcrumb":{"@id":"https:\/\/www.faircobaltalliance.org\/fr\/collaboration-dans-la-chaine-dapprovisionnement\/rejoindre-l-ace\/#breadcrumb"},"inLanguage":"fr-FR","potentialAction":[{"@type":"ReadAction","target":["https:\/\/www.faircobaltalliance.org\/fr\/collaboration-dans-la-chaine-dapprovisionnement\/rejoindre-l-ace\/"]}]},{"@type":"BreadcrumbList","@id":"https:\/\/www.faircobaltalliance.org\/fr\/collaboration-dans-la-chaine-dapprovisionnement\/rejoindre-l-ace\/#breadcrumb","itemListElement":[{"@type":"ListItem","position":1,"name":"Collaboration dans la chai\u0301ne","item":"https:\/\/www.faircobaltalliance.org\/fr\/collaboration-dans-la-chaine-dapprovisionnement\/"},{"@type":"ListItem","position":2,"name":"Rejoindre l&#8217;ACE"}]},{"@type":"WebSite","@id":"https:\/\/www.faircobaltalliance.org\/#website","url":"https:\/\/www.faircobaltalliance.org\/","name":"The Fair Cobalt Alliance","description":"Through collaboration - change is possible","potentialAction":[{"@type":"SearchAction","target":{"@type":"EntryPoint","urlTemplate":"https:\/\/www.faircobaltalliance.org\/?s={search_term_string}"},"query-input":{"@type":"PropertyValueSpecification","valueRequired":true,"valueName":"search_term_string"}}],"inLanguage":"fr-FR"}]}},"_links":{"self":[{"href":"https:\/\/faircobaltalliance.org\/fr\/wp-json\/wp\/v2\/pages\/201","targetHints":{"allow":["GET"]}}],"collection":[{"href":"https:\/\/faircobaltalliance.org\/fr\/wp-json\/wp\/v2\/pages"}],"about":[{"href":"https:\/\/faircobaltalliance.org\/fr\/wp-json\/wp\/v2\/types\/page"}],"author":[{"embeddable":true,"href":"https:\/\/faircobaltalliance.org\/fr\/wp-json\/wp\/v2\/users\/1"}],"replies":[{"embeddable":true,"href":"https:\/\/faircobaltalliance.org\/fr\/wp-json\/wp\/v2\/comments?post=201"}],"version-history":[{"count":9,"href":"https:\/\/faircobaltalliance.org\/fr\/wp-json\/wp\/v2\/pages\/201\/revisions"}],"predecessor-version":[{"id":3114,"href":"https:\/\/faircobaltalliance.org\/fr\/wp-json\/wp\/v2\/pages\/201\/revisions\/3114"}],"up":[{"embeddable":true,"href":"https:\/\/faircobaltalliance.org\/fr\/wp-json\/wp\/v2\/pages\/36"}],"wp:attachment":[{"href":"https:\/\/faircobaltalliance.org\/fr\/wp-json\/wp\/v2\/media?parent=201"}],"curies":[{"name":"wp","href":"https:\/\/api.w.org\/{rel}","templated":true}]}}