{"id":2022,"date":"2021-10-11T10:07:39","date_gmt":"2021-10-11T09:07:39","guid":{"rendered":"https:\/\/www.faircobaltalliance.org\/?page_id=2022"},"modified":"2022-03-01T12:35:32","modified_gmt":"2022-03-01T12:35:32","slug":"a-propos-de-nous","status":"publish","type":"page","link":"https:\/\/faircobaltalliance.org\/fr\/a-propos-de-nous\/a-propos-de-nous\/","title":{"rendered":"A propos de l&rsquo;Alliance du Cobalt \u00c9quitable"},"content":{"rendered":"\n\n<section class=\"hero user-text\">\n    <div class=\"hero__blocker\"><\/div>\n    <div class=\"hero__image\">\n        <div class=\"hero__image--desktop\" style=\"background-image: url(https:\/\/faircobaltalliance.org\/app\/uploads\/2021\/09\/Freddy-at-work-1280x617.jpg)\" alt=\"\"><\/div>\n        <div class=\"hero__image--mobile\" style=\"background-image:  url(https:\/\/faircobaltalliance.org\/app\/uploads\/2021\/09\/Freddy-at-work-768x430.jpg);\" alt=\"\"><\/div>\n    <\/div>\n    <div class=\"hero__container\">\n        <div class=\"hero__content\">\n                            <h1 class=\"hero__title\">A propos de l&rsquo;Alliance du Cobalt \u00c9quitable<\/h1>\n                                <\/div>\n    <\/div>\n<\/section>\n\n\n\n\n<section class=\"callout-block user-text has-bg\">\n    <div class=\"wrapper\">\n        <p>L\u2019ACE est une plateforme d&rsquo;action multipartite lanc\u00e9e en ao\u00fbt 2020 qui rassemble des acteurs de l&rsquo;ensemble de la cha\u00eene d&rsquo;approvisionnement en minerai de cobalt pour apporter une r\u00e9ponse \u00e0 l&rsquo;examen croissant de l&rsquo;exploitation mini\u00e8re du cobalt par l&rsquo;EMAPE et du secteur minier de la RDC. Notre objectif est d&rsquo;aider \u00e0 la construction d&rsquo;un secteur minier de cobalt en RDC qui soit connu pour \u00eatre un partenaire responsable dans la fourniture des min\u00e9raux n\u00e9cessaires \u00e0 une nouvelle \u00e9conomie verte. Cela inclut la mobilisation des ressources de l&rsquo;ensemble de la cha\u00eene d&rsquo;approvisionnement pour fournir une assistance technique et des investissements afin de r\u00e9aliser la vision d&rsquo;un secteur EMAPE cobalt formel, \u00e9quitable et s\u00fbr.<\/p>\n    <\/div>\n<\/section>\n\n\n\n\n<section class=\"text-block user-text       \">\n    <div class=\"wrapper\">\n        <h2>Aper\u00e7u<\/h2>\n<h5>L&rsquo;exploitation artisanale du cobalt n&rsquo;est jamais associ\u00e9e qu&rsquo;\u00e0 des impacts n\u00e9gatifs sur les communaut\u00e9s EMAPE. Bien que le secteur EMAPE soit effectivement caract\u00e9ris\u00e9 dans de nombreux cas par des conditions de travail pauvres et dangereuses et par le travail des enfants, l\u2019ACE conteste cette perspective trop simple de l&rsquo;exploitation du cobalt en RDC. Nous savons qu&rsquo;il n&rsquo;est pas n\u00e9cessaire qu&rsquo;il en soit ainsi.<\/h5>\n<p>Avec du soutien et des investissements, les sites peuvent \u00eatre am\u00e9lior\u00e9s. Nous pensons \u00e9galement que le cobalt artisanal n&rsquo;est pas seulement un probl\u00e8me. Il rec\u00e8le en m\u00eame temps de grandes opportunit\u00e9s : pour la transition \u00e9nerg\u00e9tique mondiale vers une \u00e9lectrification plus propre, mais aussi, et c&rsquo;est tout aussi important, comme un puissant moteur de d\u00e9veloppement communautaire en RDC, \u00e0 Lualaba, dans les foyers des travailleurs de la mine et pour leurs familles.<\/p>\n    <\/div>\n<\/section>\n\n\n\n\n<section class=\"full-width-image\">\n    <picture>\n        <source srcset=\"https:\/\/faircobaltalliance.org\/app\/uploads\/2021\/09\/about-us-2-1280x500.jpg)\" media=\"(min-width: 768px)\">\n        <source srcset=\"https:\/\/faircobaltalliance.org\/app\/uploads\/2021\/09\/about-us-2-768x300.jpg)\" media=\"(min-width: 0px)\">\n        <img decoding=\"async\" src=\"https:\/\/faircobaltalliance.org\/app\/uploads\/2021\/09\/about-us-2-1280x500.jpg\" alt=\"\">\n    <\/picture>\n<\/section>\n\n\n\n\n<section class=\"text-block user-text       \">\n    <div class=\"wrapper\">\n        <h2>Notre vision<\/h2>\n<h5>Tout au long de la cha\u00eene d&rsquo;approvisionnement en cobalt de l&rsquo;EMAPE, les parties prenantes s&rsquo;alignent pour contribuer au d\u00e9veloppement d&rsquo;un cobalt responsable et \u00e9quitable, apportant la prosp\u00e9rit\u00e9 aux communaut\u00e9s mini\u00e8res tout en maintenant des normes durables et en r\u00e9pondant \u00e0 la demande mondiale de cobalt \u00e9quitable. C&rsquo;est un avenir pour lequel nous travaillons.<\/h5>\n<p>Cette vision fait de l\u2019ACE plus qu&rsquo;un projet de d\u00e9veloppement transitoire &#8211; mais une collaboration solide qui unit la cha\u00eene d&rsquo;approvisionnement et travaille \u00e0 une vision claire de l&rsquo;EMAPE dans dix ans. La vision n&rsquo;est pas celle d&rsquo;une collection de projets ponctuels, non connect\u00e9s, non planifi\u00e9s, mis en \u0153uvre sur les limites de quelques grandes concessions mini\u00e8res. Il s&rsquo;agit plut\u00f4t d&rsquo;une approche commune qui maximise l&rsquo;impact positif dans le secteur. Tant de bonnes choses se passent de mani\u00e8re isol\u00e9e \u00e0 travers la RDC. Imaginez si tout cela \u00e9tait coordonn\u00e9 ! La collaboration est la cl\u00e9 du changement car elle permet d&rsquo;avoir un impact plus important que de travailler seul. L&rsquo;impact du travail en commun est plus grand que la somme des parties.<\/p>\n    <\/div>\n<\/section>\n\n\n\n\n<section class=\"full-width-image\">\n    <picture>\n        <source srcset=\"https:\/\/faircobaltalliance.org\/app\/uploads\/2021\/09\/about-us-3-1280x500.jpg)\" media=\"(min-width: 768px)\">\n        <source srcset=\"https:\/\/faircobaltalliance.org\/app\/uploads\/2021\/09\/about-us-3-768x300.jpg)\" media=\"(min-width: 0px)\">\n        <img decoding=\"async\" src=\"https:\/\/faircobaltalliance.org\/app\/uploads\/2021\/09\/about-us-3-1280x500.jpg\" alt=\"\">\n    <\/picture>\n<\/section>\n\n\n\n\n<section class=\"text-block user-text       \">\n    <div class=\"wrapper\">\n        <h2>Notre mission:<\/h2>\n<h5>L\u2019ACE est une initiative multipartite qui vise \u00e0<\/h5>\n    <\/div>\n<\/section>\n\n\n\n\n<section class=\"text-block user-text remove-top-padding      \">\n    <div class=\"wrapper\">\n        <h4 style=\"text-align: center;\">transformer l&rsquo;industrie de l&rsquo;extraction artisanale de cobalt (\u00ab\u00a0EMAPE\u00a0\u00bb) pour avoir un impact positif en R\u00e9publique d\u00e9mocratique du Congo (la \u00ab\u00a0RDC\u00a0\u00bb) en canalisant la demande et en augmentant la disponibilit\u00e9 du cobalt EMAPE responsable,<\/h4>\n<h4 style=\"text-align: center;\">s&rsquo;attaquer syst\u00e9matiquement aux causes profondes du travail des enfants et des pratiques dangereuses sur les sites d&rsquo;exploitation artisanale du cobalt, et<\/h4>\n<h4 style=\"text-align: center;\">favoriser une transition juste vers une \u00e9conomie diversifi\u00e9e afin de stimuler le d\u00e9veloppement durable de la r\u00e9gion.<\/h4>\n    <\/div>\n<\/section>\n\n\n\n\n<section class=\"text-block user-text remove-top-padding      \">\n    <div class=\"wrapper\">\n        <p>L\u2019ACE y parvient en r\u00e9unissant les parties prenantes de la cha\u00eene d&rsquo;approvisionnement en cobalt qui reconnaissent le potentiel de d\u00e9veloppement des exploitations mini\u00e8res artisanales de cobalt. Ils reconnaissent l&rsquo;exploitation mini\u00e8re artisanale du cobalt comme une activit\u00e9 \u00e9conomique l\u00e9gitime contribuant \u00e0 l&rsquo;\u00e9conomie locale et fournissant des moyens de subsistance directs et indirects \u00e0 des milliers de personnes en RDC.<\/p>\n<p>Si votre organisation souhaite rejoindre l\u2019ACE, <a href=\"https:\/\/www.faircobaltalliance.org\/fr\/a-propos-de-nous\/nous-contacter\/\">contactez-nous d\u00e8s aujourd&rsquo;hui<\/a>.<\/p>\n<p>Nous cherchons \u00e0 \u00eatre aussi transparents que possible, comme le dicte notre gouvernance. Apprenez-en plus sur notre structure et le r\u00f4le de notre <a href=\"https:\/\/www.faircobaltalliance.org\/fr\/a-propos-de-nous\/gouvernance\/\">gouvernance<\/a>.<\/p>\n<p>Nos membres et donateurs contribuent \u00e0 fournir les ressources, nous fournissons l&rsquo;expertise. D\u00e9couvrez ici les membres de notre <a href=\"https:\/\/www.faircobaltalliance.org\/fr\/a-propos-de-nous\/rencontrez-l-equipe\/\">personnel hautement exp\u00e9riment\u00e9 et qualifi\u00e9<\/a>.<\/p>\n    <\/div>\n<\/section>\n","protected":false},"excerpt":{"rendered":"","protected":false},"author":1,"featured_media":0,"parent":33,"menu_order":0,"comment_status":"closed","ping_status":"closed","template":"","meta":{"_acf_changed":false,"footnotes":""},"class_list":["post-2022","page","type-page","status-publish","hentry"],"acf":[],"yoast_head":"<!-- This site is optimized with the Yoast SEO plugin v27.4 - https:\/\/yoast.com\/product\/yoast-seo-wordpress\/ -->\n<title>A propos de l&#039;Alliance du Cobalt \u00c9quitable - The Fair Cobalt Alliance<\/title>\n<meta name=\"robots\" content=\"index, follow, max-snippet:-1, max-image-preview:large, max-video-preview:-1\" \/>\n<link rel=\"canonical\" href=\"https:\/\/www.faircobaltalliance.org\/fr\/a-propos-de-nous\/a-propos-de-nous\/\" \/>\n<meta property=\"og:locale\" content=\"fr_FR\" \/>\n<meta property=\"og:type\" content=\"article\" \/>\n<meta property=\"og:title\" content=\"A propos de l&#039;Alliance du Cobalt \u00c9quitable - The Fair Cobalt Alliance\" \/>\n<meta property=\"og:url\" content=\"https:\/\/www.faircobaltalliance.org\/fr\/a-propos-de-nous\/a-propos-de-nous\/\" \/>\n<meta property=\"og:site_name\" content=\"The Fair Cobalt Alliance\" \/>\n<meta property=\"article:modified_time\" content=\"2022-03-01T12:35:32+00:00\" \/>\n<meta name=\"twitter:card\" content=\"summary_large_image\" \/>\n<script type=\"application\/ld+json\" class=\"yoast-schema-graph\">{\"@context\":\"https:\\\/\\\/schema.org\",\"@graph\":[{\"@type\":\"WebPage\",\"@id\":\"https:\\\/\\\/www.faircobaltalliance.org\\\/fr\\\/a-propos-de-nous\\\/a-propos-de-nous\\\/\",\"url\":\"https:\\\/\\\/www.faircobaltalliance.org\\\/fr\\\/a-propos-de-nous\\\/a-propos-de-nous\\\/\",\"name\":\"A propos de l'Alliance du Cobalt \u00c9quitable - The Fair Cobalt Alliance\",\"isPartOf\":{\"@id\":\"https:\\\/\\\/www.faircobaltalliance.org\\\/#website\"},\"datePublished\":\"2021-10-11T09:07:39+00:00\",\"dateModified\":\"2022-03-01T12:35:32+00:00\",\"breadcrumb\":{\"@id\":\"https:\\\/\\\/www.faircobaltalliance.org\\\/fr\\\/a-propos-de-nous\\\/a-propos-de-nous\\\/#breadcrumb\"},\"inLanguage\":\"fr-FR\",\"potentialAction\":[{\"@type\":\"ReadAction\",\"target\":[\"https:\\\/\\\/www.faircobaltalliance.org\\\/fr\\\/a-propos-de-nous\\\/a-propos-de-nous\\\/\"]}]},{\"@type\":\"BreadcrumbList\",\"@id\":\"https:\\\/\\\/www.faircobaltalliance.org\\\/fr\\\/a-propos-de-nous\\\/a-propos-de-nous\\\/#breadcrumb\",\"itemListElement\":[{\"@type\":\"ListItem\",\"position\":1,\"name\":\"A propos de nous\",\"item\":\"https:\\\/\\\/www.faircobaltalliance.org\\\/fr\\\/a-propos-de-nous\\\/\"},{\"@type\":\"ListItem\",\"position\":2,\"name\":\"A propos de l&#8217;Alliance du Cobalt \u00c9quitable\"}]},{\"@type\":\"WebSite\",\"@id\":\"https:\\\/\\\/www.faircobaltalliance.org\\\/#website\",\"url\":\"https:\\\/\\\/www.faircobaltalliance.org\\\/\",\"name\":\"The Fair Cobalt Alliance\",\"description\":\"Through collaboration - change is possible\",\"potentialAction\":[{\"@type\":\"SearchAction\",\"target\":{\"@type\":\"EntryPoint\",\"urlTemplate\":\"https:\\\/\\\/www.faircobaltalliance.org\\\/?s={search_term_string}\"},\"query-input\":{\"@type\":\"PropertyValueSpecification\",\"valueRequired\":true,\"valueName\":\"search_term_string\"}}],\"inLanguage\":\"fr-FR\"}]}<\/script>\n<!-- \/ Yoast SEO plugin. -->","yoast_head_json":{"title":"A propos de l'Alliance du Cobalt \u00c9quitable - The Fair Cobalt Alliance","robots":{"index":"index","follow":"follow","max-snippet":"max-snippet:-1","max-image-preview":"max-image-preview:large","max-video-preview":"max-video-preview:-1"},"canonical":"https:\/\/www.faircobaltalliance.org\/fr\/a-propos-de-nous\/a-propos-de-nous\/","og_locale":"fr_FR","og_type":"article","og_title":"A propos de l'Alliance du Cobalt \u00c9quitable - The Fair Cobalt Alliance","og_url":"https:\/\/www.faircobaltalliance.org\/fr\/a-propos-de-nous\/a-propos-de-nous\/","og_site_name":"The Fair Cobalt Alliance","article_modified_time":"2022-03-01T12:35:32+00:00","twitter_card":"summary_large_image","schema":{"@context":"https:\/\/schema.org","@graph":[{"@type":"WebPage","@id":"https:\/\/www.faircobaltalliance.org\/fr\/a-propos-de-nous\/a-propos-de-nous\/","url":"https:\/\/www.faircobaltalliance.org\/fr\/a-propos-de-nous\/a-propos-de-nous\/","name":"A propos de l'Alliance du Cobalt \u00c9quitable - The Fair Cobalt Alliance","isPartOf":{"@id":"https:\/\/www.faircobaltalliance.org\/#website"},"datePublished":"2021-10-11T09:07:39+00:00","dateModified":"2022-03-01T12:35:32+00:00","breadcrumb":{"@id":"https:\/\/www.faircobaltalliance.org\/fr\/a-propos-de-nous\/a-propos-de-nous\/#breadcrumb"},"inLanguage":"fr-FR","potentialAction":[{"@type":"ReadAction","target":["https:\/\/www.faircobaltalliance.org\/fr\/a-propos-de-nous\/a-propos-de-nous\/"]}]},{"@type":"BreadcrumbList","@id":"https:\/\/www.faircobaltalliance.org\/fr\/a-propos-de-nous\/a-propos-de-nous\/#breadcrumb","itemListElement":[{"@type":"ListItem","position":1,"name":"A propos de nous","item":"https:\/\/www.faircobaltalliance.org\/fr\/a-propos-de-nous\/"},{"@type":"ListItem","position":2,"name":"A propos de l&#8217;Alliance du Cobalt \u00c9quitable"}]},{"@type":"WebSite","@id":"https:\/\/www.faircobaltalliance.org\/#website","url":"https:\/\/www.faircobaltalliance.org\/","name":"The Fair Cobalt Alliance","description":"Through collaboration - change is possible","potentialAction":[{"@type":"SearchAction","target":{"@type":"EntryPoint","urlTemplate":"https:\/\/www.faircobaltalliance.org\/?s={search_term_string}"},"query-input":{"@type":"PropertyValueSpecification","valueRequired":true,"valueName":"search_term_string"}}],"inLanguage":"fr-FR"}]}},"_links":{"self":[{"href":"https:\/\/faircobaltalliance.org\/fr\/wp-json\/wp\/v2\/pages\/2022","targetHints":{"allow":["GET"]}}],"collection":[{"href":"https:\/\/faircobaltalliance.org\/fr\/wp-json\/wp\/v2\/pages"}],"about":[{"href":"https:\/\/faircobaltalliance.org\/fr\/wp-json\/wp\/v2\/types\/page"}],"author":[{"embeddable":true,"href":"https:\/\/faircobaltalliance.org\/fr\/wp-json\/wp\/v2\/users\/1"}],"replies":[{"embeddable":true,"href":"https:\/\/faircobaltalliance.org\/fr\/wp-json\/wp\/v2\/comments?post=2022"}],"version-history":[{"count":10,"href":"https:\/\/faircobaltalliance.org\/fr\/wp-json\/wp\/v2\/pages\/2022\/revisions"}],"predecessor-version":[{"id":3116,"href":"https:\/\/faircobaltalliance.org\/fr\/wp-json\/wp\/v2\/pages\/2022\/revisions\/3116"}],"up":[{"embeddable":true,"href":"https:\/\/faircobaltalliance.org\/fr\/wp-json\/wp\/v2\/pages\/33"}],"wp:attachment":[{"href":"https:\/\/faircobaltalliance.org\/fr\/wp-json\/wp\/v2\/media?parent=2022"}],"curies":[{"name":"wp","href":"https:\/\/api.w.org\/{rel}","templated":true}]}}