{"id":203,"date":"2021-09-09T13:46:19","date_gmt":"2021-09-09T12:46:19","guid":{"rendered":"https:\/\/www.faircobaltalliance.org\/?page_id=203"},"modified":"2022-05-16T17:44:42","modified_gmt":"2022-05-16T16:44:42","slug":"nous-contacter","status":"publish","type":"page","link":"https:\/\/faircobaltalliance.org\/fr\/a-propos-de-nous\/nous-contacter\/","title":{"rendered":"Nous contacter"},"content":{"rendered":"\n\n<section class=\"hero user-text\">\n    <div class=\"hero__blocker\"><\/div>\n    <div class=\"hero__image\">\n        <div class=\"hero__image--desktop\" style=\"background-image: url(https:\/\/faircobaltalliance.org\/app\/uploads\/2021\/09\/FCA_229-1280x617.jpg)\" alt=\"\"><\/div>\n        <div class=\"hero__image--mobile\" style=\"background-image:  url(https:\/\/faircobaltalliance.org\/app\/uploads\/2021\/09\/FCA_229-768x430.jpg);\" alt=\"\"><\/div>\n    <\/div>\n    <div class=\"hero__container\">\n        <div class=\"hero__content\">\n                                <\/div>\n    <\/div>\n<\/section>\n\n\n\n\n<section class=\"text-block user-text       \">\n    <div class=\"wrapper\">\n        <h2>Contacter nous<\/h2>\n<p>Pour savoir comment votre organisation peut aider \u00e0 b\u00e2tir des communaut\u00e9s mini\u00e8res de cobalt prosp\u00e8res, veuillez nous contacter \u00e0 <a href=\"mailto:secretariat@FairCobaltAlliance.org\">secretariat@FairCobaltAlliance.org<\/a>.<\/p>\n<p>L\u2019ACE dispose d&rsquo;un bureau \u00e0 Kolwezi, dans la province de Lualaba, et d&rsquo;un personnel international bas\u00e9 au Royaume-Uni et aux Pays-Bas.<\/p>\n<p>N&rsquo;h\u00e9sitez pas \u00e0 nous contacter si vous souhaitez rencontrer notre \u00e9quipe en personne.<\/p>\n    <\/div>\n<\/section>\n","protected":false},"excerpt":{"rendered":"","protected":false},"author":1,"featured_media":0,"parent":33,"menu_order":3,"comment_status":"closed","ping_status":"closed","template":"","meta":{"_acf_changed":false,"footnotes":""},"class_list":["post-203","page","type-page","status-publish","hentry"],"acf":[],"yoast_head":"<!-- This site is optimized with the Yoast SEO plugin v27.3 - https:\/\/yoast.com\/product\/yoast-seo-wordpress\/ -->\n<title>Nous contacter - The Fair Cobalt Alliance<\/title>\n<meta name=\"robots\" content=\"index, follow, max-snippet:-1, max-image-preview:large, max-video-preview:-1\" \/>\n<link rel=\"canonical\" href=\"https:\/\/www.faircobaltalliance.org\/fr\/a-propos-de-nous\/nous-contacter\/\" \/>\n<meta property=\"og:locale\" content=\"fr_FR\" \/>\n<meta property=\"og:type\" content=\"article\" \/>\n<meta property=\"og:title\" content=\"Nous contacter - The Fair Cobalt Alliance\" \/>\n<meta property=\"og:url\" content=\"https:\/\/www.faircobaltalliance.org\/fr\/a-propos-de-nous\/nous-contacter\/\" \/>\n<meta property=\"og:site_name\" content=\"The Fair Cobalt Alliance\" \/>\n<meta property=\"article:modified_time\" content=\"2022-05-16T16:44:42+00:00\" \/>\n<meta name=\"twitter:card\" content=\"summary_large_image\" \/>\n<script type=\"application\/ld+json\" class=\"yoast-schema-graph\">{\"@context\":\"https:\\\/\\\/schema.org\",\"@graph\":[{\"@type\":\"WebPage\",\"@id\":\"https:\\\/\\\/www.faircobaltalliance.org\\\/fr\\\/a-propos-de-nous\\\/nous-contacter\\\/\",\"url\":\"https:\\\/\\\/www.faircobaltalliance.org\\\/fr\\\/a-propos-de-nous\\\/nous-contacter\\\/\",\"name\":\"Nous contacter - The Fair Cobalt Alliance\",\"isPartOf\":{\"@id\":\"https:\\\/\\\/www.faircobaltalliance.org\\\/#website\"},\"datePublished\":\"2021-09-09T12:46:19+00:00\",\"dateModified\":\"2022-05-16T16:44:42+00:00\",\"breadcrumb\":{\"@id\":\"https:\\\/\\\/www.faircobaltalliance.org\\\/fr\\\/a-propos-de-nous\\\/nous-contacter\\\/#breadcrumb\"},\"inLanguage\":\"fr-FR\",\"potentialAction\":[{\"@type\":\"ReadAction\",\"target\":[\"https:\\\/\\\/www.faircobaltalliance.org\\\/fr\\\/a-propos-de-nous\\\/nous-contacter\\\/\"]}]},{\"@type\":\"BreadcrumbList\",\"@id\":\"https:\\\/\\\/www.faircobaltalliance.org\\\/fr\\\/a-propos-de-nous\\\/nous-contacter\\\/#breadcrumb\",\"itemListElement\":[{\"@type\":\"ListItem\",\"position\":1,\"name\":\"A propos de nous\",\"item\":\"https:\\\/\\\/www.faircobaltalliance.org\\\/fr\\\/a-propos-de-nous\\\/\"},{\"@type\":\"ListItem\",\"position\":2,\"name\":\"Nous contacter\"}]},{\"@type\":\"WebSite\",\"@id\":\"https:\\\/\\\/www.faircobaltalliance.org\\\/#website\",\"url\":\"https:\\\/\\\/www.faircobaltalliance.org\\\/\",\"name\":\"The Fair Cobalt Alliance\",\"description\":\"Through collaboration - change is possible\",\"potentialAction\":[{\"@type\":\"SearchAction\",\"target\":{\"@type\":\"EntryPoint\",\"urlTemplate\":\"https:\\\/\\\/www.faircobaltalliance.org\\\/?s={search_term_string}\"},\"query-input\":{\"@type\":\"PropertyValueSpecification\",\"valueRequired\":true,\"valueName\":\"search_term_string\"}}],\"inLanguage\":\"fr-FR\"}]}<\/script>\n<!-- \/ Yoast SEO plugin. -->","yoast_head_json":{"title":"Nous contacter - The Fair Cobalt Alliance","robots":{"index":"index","follow":"follow","max-snippet":"max-snippet:-1","max-image-preview":"max-image-preview:large","max-video-preview":"max-video-preview:-1"},"canonical":"https:\/\/www.faircobaltalliance.org\/fr\/a-propos-de-nous\/nous-contacter\/","og_locale":"fr_FR","og_type":"article","og_title":"Nous contacter - The Fair Cobalt Alliance","og_url":"https:\/\/www.faircobaltalliance.org\/fr\/a-propos-de-nous\/nous-contacter\/","og_site_name":"The Fair Cobalt Alliance","article_modified_time":"2022-05-16T16:44:42+00:00","twitter_card":"summary_large_image","schema":{"@context":"https:\/\/schema.org","@graph":[{"@type":"WebPage","@id":"https:\/\/www.faircobaltalliance.org\/fr\/a-propos-de-nous\/nous-contacter\/","url":"https:\/\/www.faircobaltalliance.org\/fr\/a-propos-de-nous\/nous-contacter\/","name":"Nous contacter - The Fair Cobalt Alliance","isPartOf":{"@id":"https:\/\/www.faircobaltalliance.org\/#website"},"datePublished":"2021-09-09T12:46:19+00:00","dateModified":"2022-05-16T16:44:42+00:00","breadcrumb":{"@id":"https:\/\/www.faircobaltalliance.org\/fr\/a-propos-de-nous\/nous-contacter\/#breadcrumb"},"inLanguage":"fr-FR","potentialAction":[{"@type":"ReadAction","target":["https:\/\/www.faircobaltalliance.org\/fr\/a-propos-de-nous\/nous-contacter\/"]}]},{"@type":"BreadcrumbList","@id":"https:\/\/www.faircobaltalliance.org\/fr\/a-propos-de-nous\/nous-contacter\/#breadcrumb","itemListElement":[{"@type":"ListItem","position":1,"name":"A propos de nous","item":"https:\/\/www.faircobaltalliance.org\/fr\/a-propos-de-nous\/"},{"@type":"ListItem","position":2,"name":"Nous contacter"}]},{"@type":"WebSite","@id":"https:\/\/www.faircobaltalliance.org\/#website","url":"https:\/\/www.faircobaltalliance.org\/","name":"The Fair Cobalt Alliance","description":"Through collaboration - change is possible","potentialAction":[{"@type":"SearchAction","target":{"@type":"EntryPoint","urlTemplate":"https:\/\/www.faircobaltalliance.org\/?s={search_term_string}"},"query-input":{"@type":"PropertyValueSpecification","valueRequired":true,"valueName":"search_term_string"}}],"inLanguage":"fr-FR"}]}},"_links":{"self":[{"href":"https:\/\/faircobaltalliance.org\/fr\/wp-json\/wp\/v2\/pages\/203","targetHints":{"allow":["GET"]}}],"collection":[{"href":"https:\/\/faircobaltalliance.org\/fr\/wp-json\/wp\/v2\/pages"}],"about":[{"href":"https:\/\/faircobaltalliance.org\/fr\/wp-json\/wp\/v2\/types\/page"}],"author":[{"embeddable":true,"href":"https:\/\/faircobaltalliance.org\/fr\/wp-json\/wp\/v2\/users\/1"}],"replies":[{"embeddable":true,"href":"https:\/\/faircobaltalliance.org\/fr\/wp-json\/wp\/v2\/comments?post=203"}],"version-history":[{"count":10,"href":"https:\/\/faircobaltalliance.org\/fr\/wp-json\/wp\/v2\/pages\/203\/revisions"}],"predecessor-version":[{"id":3405,"href":"https:\/\/faircobaltalliance.org\/fr\/wp-json\/wp\/v2\/pages\/203\/revisions\/3405"}],"up":[{"embeddable":true,"href":"https:\/\/faircobaltalliance.org\/fr\/wp-json\/wp\/v2\/pages\/33"}],"wp:attachment":[{"href":"https:\/\/faircobaltalliance.org\/fr\/wp-json\/wp\/v2\/media?parent=203"}],"curies":[{"name":"wp","href":"https:\/\/api.w.org\/{rel}","templated":true}]}}