{"id":210,"date":"2021-09-09T13:47:50","date_gmt":"2021-09-09T12:47:50","guid":{"rendered":"https:\/\/www.faircobaltalliance.org\/?page_id=210"},"modified":"2025-04-23T08:52:30","modified_gmt":"2025-04-23T07:52:30","slug":"recherche-et-outils","status":"publish","type":"page","link":"https:\/\/faircobaltalliance.org\/fr\/informations\/recherche-et-outils\/","title":{"rendered":"Recherche et Outils"},"content":{"rendered":"\n\n<section class=\"text-block user-text       \">\n    <div class=\"wrapper\">\n        <h2>Recherche et Outils<\/h2>\n<p>Vous trouverez ci-dessous un aper\u00e7u des diff\u00e9rents outils, rapports de recherche et \u00e9tudes de cas compil\u00e9s par l&rsquo;\u00e9quipe de l\u2019ACE.<\/p>\n    <\/div>\n<\/section>\n\n\n<div class=\"downloads-section user-text \">\n  <div class=\"wrapper\">\n                  <div class=\"download-item\">\n                  <div class=\"download-item__image\">\n              <img decoding=\"async\" src=\"https:\/\/faircobaltalliance.org\/app\/uploads\/2025\/04\/FCA-IMPACT-AND-FINANCE-REPORT-2024-French-Front-Page-260x367.png\" alt=\"\">\n           <\/div>\n        \n        <div class=\"download-item__text\">\n          <h4 class=\"download-item__title\">Rapport Annuel de l&rsquo;ACE 2024<\/h4>\n          <p>Maintenant dans sa cinqui\u00e8me ann\u00e9e, l&rsquo;ACE reste fid\u00e8le au principe selon lequel un approvisionnement responsable commence par la prise de responsabilit\u00e9s. Le rapport d&rsquo;impact et financier 2024 pr\u00e9sente de mani\u00e8re transparente les progr\u00e8s r\u00e9alis\u00e9s et les d\u00e9fis \u00e0 relever. Il met en avant le travail de nos \u00e9quipes locales sur le site minier de Kamilombe, qu&rsquo;il s&rsquo;agisse de l&rsquo;am\u00e9lioration des conditions de s\u00e9curit\u00e9, des initiatives visant \u00e0 renforcer la r\u00e9silience financi\u00e8re de l&rsquo;ensemble de la communaut\u00e9 ou de la poursuite des efforts d\u00e9ploy\u00e9s par The Hub pour lutter contre le travail des enfants et en att\u00e9nuer les effets. Le rapport refl\u00e8te \u00e9galement le r\u00f4le croissant de l&rsquo;ACE dans le d\u00e9veloppement du m\u00e9canisme des cr\u00e9dits miniers responsables et le renforcement des liens avec le march\u00e9, qui contribuent \u00e0 faire de l&rsquo;artisanat minier un catalyseur de changement positif.<\/p>\n          <a href=\"https:\/\/faircobaltalliance.org\/app\/uploads\/2025\/04\/FCA-IMPACT-AND-FINANCE-REPORT-2025-FR.pdf\" class=\"button\" target=\"_blank\">T\u00e9l\u00e9charger<\/a>\n        <\/div>\n      <\/div>\n                      <div class=\"download-item\">\n                  <div class=\"download-item__image\">\n              <img decoding=\"async\" src=\"https:\/\/faircobaltalliance.org\/app\/uploads\/2024\/12\/ASR-French-Picture-260x368.jpeg\" alt=\"\">\n           <\/div>\n        \n        <div class=\"download-item__text\">\n          <h4 class=\"download-item__title\">L&rsquo;enqu\u00eate annuelle de la ACE (1\u00e8re \u00e9dition)<\/h4>\n          <p>Chaque ann\u00e9e, nous r\u00e9alisons une enqu\u00eate de perception statistiquement pertinente \u00e0 Kamilombe afin de comprendre les \u00e9volutions des tendances, de contextualiser l\u2019impact et d\u2019\u00e9clairer nos priorit\u00e9s.<\/p>\n<p>Nous nous engageons \u00e0 partager les donn\u00e9es en acc\u00e8s libre. Avec le rapport, nous partageons \u00e9galement les ensembles de donn\u00e9es, les codes et les questionnaires afin que tout chercheur int\u00e9ress\u00e9 puisse les utiliser.<\/p>\n          <a href=\"https:\/\/faircobaltalliance.org\/app\/uploads\/2024\/11\/ASR-Final-Fra-Version.pdf\" class=\"button\" target=\"_blank\">T\u00e9l\u00e9charger<\/a>\n        <\/div>\n      <\/div>\n                      <div class=\"download-item\">\n                  <div class=\"download-item__image\">\n              <img decoding=\"async\" src=\"https:\/\/faircobaltalliance.org\/app\/uploads\/2024\/12\/RMF-English-260x368.jpeg\" alt=\"\">\n           <\/div>\n        \n        <div class=\"download-item__text\">\n          <h4 class=\"download-item__title\">Le cadre de suivi et d&rsquo;\u00e9valuation de la ACE<\/h4>\n          <p>Nous utilisons des cha\u00eenes de r\u00e9sultats pour mettre en \u00e9vidence les liens logiques entre nos activit\u00e9s cl\u00e9s et les produits, les effets, et finalement l\u2019impact.<\/p>\n<p>Ces indicateurs cl\u00e9s nous permettent de mesurer les changements \u00e0 court et \u00e0 long terme issus de nos activit\u00e9s sp\u00e9cifiques.<\/p>\n          <a href=\"https:\/\/faircobaltalliance.org\/app\/uploads\/2024\/11\/FCA-Result-Chains-Official.pdf\" class=\"button\" target=\"_blank\">T\u00e9l\u00e9charger<\/a>\n        <\/div>\n      <\/div>\n                      <div class=\"download-item\">\n                  <div class=\"download-item__image\">\n              <img decoding=\"async\" src=\"https:\/\/faircobaltalliance.org\/app\/uploads\/2024\/07\/image-29-260x358.png\" alt=\"\">\n           <\/div>\n        \n        <div class=\"download-item__text\">\n          <h4 class=\"download-item__title\">Rapport Annuel de l&rsquo;ACE 2023<\/h4>\n          <p>Pr\u00e8s de quatre ans apr\u00e8s le d\u00e9but de l&rsquo;initiative multipartite, l&rsquo;ACE reste d\u00e9termin\u00e9e \u00e0 am\u00e9liorer la s\u00e9curit\u00e9 et la dignit\u00e9 dans les mines de cobalt, \u00e0 mettre fin au travail des enfants et \u00e0 stimuler la r\u00e9silience des communaut\u00e9s. Fermement convaincu que l&rsquo;approvisionnement responsable commence par la prise de responsabilit\u00e9, le rapport financier et d&rsquo;impact 2023 documente de mani\u00e8re transparente les efforts de l&rsquo;\u00e9quipe locale, soutenue par l&rsquo;\u00e9quipe internationale, pour soutenir et faciliter les changements positifs sur le site de la mine artisanale de cobalt de Kamilombe, en R\u00e9publique d\u00e9mocratique du Congo. Ce n&rsquo;est que par l&rsquo;action collective que nous pouvons permettre une am\u00e9lioration continue des sites miniers.<\/p>\n          <a href=\"https:\/\/faircobaltalliance.org\/app\/uploads\/2024\/09\/FCA-REPORT-2024-FR_compressed-1.pdf\" class=\"button\" target=\"_blank\">T\u00e9l\u00e9charger<\/a>\n        <\/div>\n      <\/div>\n                      <div class=\"download-item\">\n                  <div class=\"download-item__image\">\n              <img decoding=\"async\" src=\"https:\/\/faircobaltalliance.org\/app\/uploads\/2023\/03\/The-role-of-the-dutch-finance-sector-cover-page-260x368.png\" alt=\"\">\n           <\/div>\n        \n        <div class=\"download-item__text\">\n          <h4 class=\"download-item__title\">Le r\u00f4le du secteur financier n\u00e9erlandais dans l&rsquo;am\u00e9lioration des droits de l&rsquo;enfant<\/h4>\n          <p>Consciente de l&rsquo;importance du secteur financier dans la promotion des droits de l&rsquo;enfant et de la n\u00e9cessit\u00e9 de responsabiliser davantage les entreprises en mati\u00e8re de respect des droits de l&rsquo;homme et d&rsquo;am\u00e9lioration des droits de l&rsquo;enfant, Save the Children Pays-Bas a command\u00e9 un suivi de l&rsquo;\u00e9tude initiale &#8211; Opportunities for Businesses to Promote Child Rights in Cobalt Artisanal and Small-Scale Mining &#8211; afin d&rsquo;examiner comment le secteur financier n\u00e9erlandais peut mieux soutenir la promotion des droits de l&rsquo;enfant et la r\u00e9duction du travail des enfants dans la cha\u00eene d&rsquo;approvisionnement du cobalt en R\u00e9publique d\u00e9mocratique du Congo (RDC).<\/p>\n          <a href=\"https:\/\/faircobaltalliance.org\/app\/uploads\/2023\/03\/The-role-of-the-Dutch-Finance-Sector-in-Improving-Childrens-Rights-in-Cobalt-Artisanal-and-Small-Scale-Mining.pdf\" class=\"button\" target=\"_blank\">T\u00e9l\u00e9charger<\/a>\n        <\/div>\n      <\/div>\n                      <div class=\"download-item\">\n                  <div class=\"download-item__image\">\n              <img decoding=\"async\" src=\"https:\/\/faircobaltalliance.org\/app\/uploads\/2023\/03\/Opportunities-2-260x342.png\" alt=\"\">\n           <\/div>\n        \n        <div class=\"download-item__text\">\n          <h4 class=\"download-item__title\">Opportunit\u00e9s pour les entreprises de promouvoir les droits de l&rsquo;enfant dans l&rsquo;exploitation mini\u00e8re artisanale et \u00e0 petite \u00e9chelle du cobalt<\/h4>\n          <p>Publi\u00e9 par Save the Children et r\u00e9dig\u00e9 en collaboration avec le Centre for Child Rights and Business &#8211; tous deux membres de l&rsquo;ACE &#8211; ce rapport confirme \u00e0 quel point les conditions de travail et les salaires insuffisants dans l&rsquo;EMAPE multiplient les risques pour les enfants et les jeunes qui sont d\u00e9j\u00e0 confront\u00e9s \u00e0 la r\u00e9alit\u00e9 de la pauvret\u00e9 : mauvaises conditions de vie, soins de sant\u00e9 et \u00e9ducation insuffisants, travail des enfants, violence \u00e0 l&rsquo;encontre des enfants ainsi qu&rsquo;un manque g\u00e9n\u00e9ral d&rsquo;opportunit\u00e9s d&#8217;emplois d\u00e9cents. Le rapport met en lumi\u00e8re la situation actuelle des enfants dans les communaut\u00e9s EMAPE du cobalt et les possibilit\u00e9s pour les entreprises d&rsquo;am\u00e9liorer les droits des enfants.<\/p>\n          <a href=\"https:\/\/faircobaltalliance.org\/app\/uploads\/2023\/03\/Opportunities-for-Businesses-to-Promote-Child-Rights-in-Cobalt-ASM_2021-Study.pdf\" class=\"button\" target=\"_blank\">T\u00e9l\u00e9charger<\/a>\n        <\/div>\n      <\/div>\n                      <div class=\"download-item\">\n                  <div class=\"download-item__image\">\n              <img decoding=\"async\" src=\"https:\/\/faircobaltalliance.org\/app\/uploads\/2023\/02\/FCA-Annual-Report-Cover-Photo-French-260x368.jpg\" alt=\"\">\n           <\/div>\n        \n        <div class=\"download-item__text\">\n          <h4 class=\"download-item__title\">Rapport sur l\u2019impact et les finances de 2022<\/h4>\n          <p>Lanc\u00e9e en ao\u00fbt 2020, l&rsquo;ACE reste engag\u00e9e \u00e0 assurer un d\u00e9veloppement \u00e9quitable et inclusif du secteur du cobalt en RD Congo. En tant qu&rsquo;intervenant international dans le secteur du cobalt, nous cherchons \u00e0 soutenir les gouvernement, les soci\u00e9t\u00e9s locales et nationales afin de garantir leur vision de la conservation des valeurs au sein des communaut\u00e9s locales. La RD du Congo joue un r\u00f4le unique et important dans le domaine des min\u00e9raux critiques. En effet, elle d\u00e9tient de nombreux min\u00e9raux essentiels \u00e0 la transition \u00e9nerg\u00e9tique, puisqu&rsquo;elle contr\u00f4le plus de 70 % de la production mondiale de cobalt, des r\u00e9serves de lithium, de graphite et de cuivre, pour n&rsquo;en citer que quelques-uns.<\/p>\n          <a href=\"https:\/\/faircobaltalliance.org\/app\/uploads\/2023\/02\/fac-report-annual-2022_final_fr.pdf\" class=\"button\" target=\"_blank\">T\u00e9l\u00e9charger<\/a>\n        <\/div>\n      <\/div>\n                      <div class=\"download-item\">\n                  <div class=\"download-item__image\">\n              <img decoding=\"async\" src=\"https:\/\/faircobaltalliance.org\/app\/uploads\/2022\/03\/2021-Impact-and-Finance-Report-Cover-French-260x377.png\" alt=\"\">\n           <\/div>\n        \n        <div class=\"download-item__text\">\n          <h4 class=\"download-item__title\">Rapport sur l\u2019impact et les finances de 2021<\/h4>\n          <p>Au fur et \u00e0 mesure que la demande de cobalt augmente et que notre d\u00e9pendance \u00e0 son \u00e9gard devient plus \u00e9vidente, la n\u00e9cessit\u00e9 de s\u2019assurer que les march\u00e9s ont acc\u00e8s \u00e0 des sources fiables et responsables se renforce. L\u2019objectif de l\u2019ACE est que la R\u00e9publique D\u00e9mocratique du Congo soit connue comme l\u2019une de ces sources responsables.<\/p>\n          <a href=\"https:\/\/faircobaltalliance.org\/app\/uploads\/2022\/03\/Rapport-sur-limpact-et-les-finances-de-2021.pdf\" class=\"button\" target=\"_blank\">T\u00e9l\u00e9charger<\/a>\n        <\/div>\n      <\/div>\n                      <div class=\"download-item\">\n                  <div class=\"download-item__image\">\n              <img decoding=\"async\" src=\"https:\/\/faircobaltalliance.org\/app\/uploads\/2021\/09\/Articles-of-Governance-260x368.jpg\" alt=\"\">\n           <\/div>\n        \n        <div class=\"download-item__text\">\n          <h4 class=\"download-item__title\">Articles de gouvernance <\/h4>\n          <p>Si vous souhaitez en savoir plus sur la mani\u00e8re dont nous sommes gouvern\u00e9s, notre structure, ou les normes \u00e9lev\u00e9es que nous nous imposons, veuillez trouver ces informations ici.<\/p>\n          <a href=\"https:\/\/faircobaltalliance.org\/app\/uploads\/2021\/09\/20210401-FCA-Articles-of-Governance-AoG-v.1.1.pdf\" class=\"button\" target=\"_blank\">T\u00e9l\u00e9charger<\/a>\n        <\/div>\n      <\/div>\n                      <div class=\"download-item\">\n                  <div class=\"download-item__image\">\n              <img decoding=\"async\" src=\"https:\/\/faircobaltalliance.org\/app\/uploads\/2021\/09\/FCA-Terms-of-Reference-ToR-v.1.2-1-260x368.jpg\" alt=\"\">\n           <\/div>\n        \n        <div class=\"download-item__text\">\n          <h4 class=\"download-item__title\">Termes de r\u00e9f\u00e9rence <\/h4>\n          <p>Notre mandat d\u00e9finit notre vision et nos objectifs, notre \u00e9nonc\u00e9 de mission, l&rsquo;\u00e9tendue de notre travail et nos r\u00e9sultats attendus. Ce document a \u00e9t\u00e9 cr\u00e9\u00e9 en collaboration avec les parties prenantes concern\u00e9es afin de s&rsquo;assurer que le travail de l\u2019ACE est clairement d\u00e9fini.<\/p>\n          <a href=\"https:\/\/faircobaltalliance.org\/app\/uploads\/2021\/09\/20210401-FCA-Terms-of-Reference-ToR-v.1.2.pdf\" class=\"button\" target=\"_blank\">T\u00e9l\u00e9charger<\/a>\n        <\/div>\n      <\/div>\n                      <div class=\"download-item\">\n                  <div class=\"download-item__image\">\n              <img decoding=\"async\" src=\"https:\/\/faircobaltalliance.org\/app\/uploads\/2021\/09\/Draft-ASM-Cobalt-Framework_Cadre-normative-du-cobalt-dexploitation-artisanale-260x368.jpg\" alt=\"\">\n           <\/div>\n        \n        <div class=\"download-item__text\">\n          <h4 class=\"download-item__title\">Projet de cadre ESG<\/h4>\n          <p>Le cadre EMAPE Cobalt a \u00e9t\u00e9 d\u00e9velopp\u00e9, consult\u00e9 et soutenu par les acteurs de la cha\u00eene d&rsquo;approvisionnement en cobalt, les gouvernements, les organisations internationales, les organisations non gouvernementales et les parties prenantes congolaises concern\u00e9es. Le d\u00e9veloppement du cadre a \u00e9t\u00e9 un effort conjoint entre l&rsquo;Initiative pour un Cobalt Responsable (RCI), l&rsquo;Initiative pour des Min\u00e9raux Responsables (RMI) et l\u2019Alliance du Cobalt Equitable- avec le soutien du Partenariat d&rsquo;Action Cobalt (CAP) de la GBA.<\/p>\n          <a href=\"https:\/\/faircobaltalliance.org\/app\/uploads\/2021\/09\/Draft-ASM-Cobalt-Framework_Cadre-normative-du-cobalt-dexploitation-artisanale.xlsx\" class=\"button\" target=\"_blank\">T\u00e9l\u00e9charger<\/a>\n        <\/div>\n      <\/div>\n                      <div class=\"download-item\">\n                  <div class=\"download-item__image\">\n              <img decoding=\"async\" src=\"https:\/\/faircobaltalliance.org\/app\/uploads\/2021\/09\/The-ASM-Cobalt-Framework-Vision--260x368.jpg\" alt=\"\">\n           <\/div>\n        \n        <div class=\"download-item__text\">\n          <h4 class=\"download-item__title\">La vision du cadre de l&rsquo;EMAPE Cobalt<\/h4>\n                    <a href=\"https:\/\/faircobaltalliance.org\/app\/uploads\/2021\/09\/ASM-Cobalt-Framework-Vision-and-Approach_June2021.pdf\" class=\"button\" target=\"_blank\">T\u00e9l\u00e9charger<\/a>\n        <\/div>\n      <\/div>\n                      <div class=\"download-item\">\n                  <div class=\"download-item__image\">\n              <img decoding=\"async\" src=\"https:\/\/faircobaltalliance.org\/app\/uploads\/2021\/09\/Digging-for-Change-Cover-2-260x368.png\" alt=\"\">\n           <\/div>\n        \n        <div class=\"download-item__text\">\n          <h4 class=\"download-item__title\">Rapport de recherche : Digging for Change (2020)<\/h4>\n          <p>Command\u00e9 par les membres fondateurs de l\u2019ACE, Digging for Change fait le point sur les probl\u00e8mes li\u00e9s aux sites de mines artisanales de cobalt, en utilisant l&rsquo;exemple de deux sites en particulier : Kasulu et Kamilombe.<\/p>\n<p>Les recommandations du rapport, compil\u00e9es par une \u00e9quipe multidisciplinaire d&rsquo;experts, ont jet\u00e9 les bases de la cr\u00e9ation de la Fair Cobalt Alliance telle qu&rsquo;elle existe aujourd&rsquo;hui.<\/p>\n<p>Le rapport complet est disponible en anglais, un r\u00e9sum\u00e9 est disponible en fran\u00e7ais.<\/p>\n          <a href=\"https:\/\/faircobaltalliance.org\/app\/uploads\/2021\/09\/Digging-for-Change-Towards-a-Responsible-Cobalt-Supply-Chain-V1.0.pdf\" class=\"button\" target=\"_blank\">T\u00e9l\u00e9charger<\/a>\n        <\/div>\n      <\/div>\n                      <div class=\"download-item\">\n                  <div class=\"download-item__image\">\n              <img decoding=\"async\" src=\"https:\/\/faircobaltalliance.org\/app\/uploads\/2024\/12\/ASR-French-Picture-260x368.jpeg\" alt=\"\">\n           <\/div>\n        \n        <div class=\"download-item__text\">\n          <h4 class=\"download-item__title\"><\/h4>\n                    <a href=\"\" class=\"button\" target=\"_blank\">Download<\/a>\n        <\/div>\n      <\/div>\n          <\/div>\n<\/div>\n","protected":false},"excerpt":{"rendered":"","protected":false},"author":1,"featured_media":0,"parent":35,"menu_order":3,"comment_status":"closed","ping_status":"closed","template":"","meta":{"_acf_changed":false,"footnotes":""},"class_list":["post-210","page","type-page","status-publish","hentry"],"acf":[],"yoast_head":"<!-- This site is optimized with the Yoast SEO plugin v27.4 - https:\/\/yoast.com\/product\/yoast-seo-wordpress\/ -->\n<title>Recherche et Outils - The Fair Cobalt Alliance<\/title>\n<meta name=\"robots\" content=\"index, follow, max-snippet:-1, max-image-preview:large, max-video-preview:-1\" \/>\n<link rel=\"canonical\" href=\"https:\/\/faircobaltalliance.org\/fr\/informations\/recherche-et-outils\/\" \/>\n<meta property=\"og:locale\" content=\"fr_FR\" \/>\n<meta property=\"og:type\" content=\"article\" \/>\n<meta property=\"og:title\" content=\"Recherche et Outils - The Fair Cobalt Alliance\" \/>\n<meta property=\"og:url\" content=\"https:\/\/faircobaltalliance.org\/fr\/informations\/recherche-et-outils\/\" \/>\n<meta property=\"og:site_name\" content=\"The Fair Cobalt Alliance\" \/>\n<meta property=\"article:modified_time\" content=\"2025-04-23T07:52:30+00:00\" \/>\n<meta name=\"twitter:card\" content=\"summary_large_image\" \/>\n<script type=\"application\/ld+json\" class=\"yoast-schema-graph\">{\"@context\":\"https:\\\/\\\/schema.org\",\"@graph\":[{\"@type\":\"WebPage\",\"@id\":\"https:\\\/\\\/faircobaltalliance.org\\\/fr\\\/informations\\\/recherche-et-outils\\\/\",\"url\":\"https:\\\/\\\/faircobaltalliance.org\\\/fr\\\/informations\\\/recherche-et-outils\\\/\",\"name\":\"Recherche et Outils - The Fair Cobalt Alliance\",\"isPartOf\":{\"@id\":\"https:\\\/\\\/www.faircobaltalliance.org\\\/#website\"},\"datePublished\":\"2021-09-09T12:47:50+00:00\",\"dateModified\":\"2025-04-23T07:52:30+00:00\",\"breadcrumb\":{\"@id\":\"https:\\\/\\\/faircobaltalliance.org\\\/fr\\\/informations\\\/recherche-et-outils\\\/#breadcrumb\"},\"inLanguage\":\"fr-FR\",\"potentialAction\":[{\"@type\":\"ReadAction\",\"target\":[\"https:\\\/\\\/faircobaltalliance.org\\\/fr\\\/informations\\\/recherche-et-outils\\\/\"]}]},{\"@type\":\"BreadcrumbList\",\"@id\":\"https:\\\/\\\/faircobaltalliance.org\\\/fr\\\/informations\\\/recherche-et-outils\\\/#breadcrumb\",\"itemListElement\":[{\"@type\":\"ListItem\",\"position\":1,\"name\":\"Informations\",\"item\":\"https:\\\/\\\/www.faircobaltalliance.org\\\/fr\\\/informations\\\/\"},{\"@type\":\"ListItem\",\"position\":2,\"name\":\"Recherche et Outils\"}]},{\"@type\":\"WebSite\",\"@id\":\"https:\\\/\\\/www.faircobaltalliance.org\\\/#website\",\"url\":\"https:\\\/\\\/www.faircobaltalliance.org\\\/\",\"name\":\"The Fair Cobalt Alliance\",\"description\":\"Through collaboration - change is possible\",\"potentialAction\":[{\"@type\":\"SearchAction\",\"target\":{\"@type\":\"EntryPoint\",\"urlTemplate\":\"https:\\\/\\\/www.faircobaltalliance.org\\\/?s={search_term_string}\"},\"query-input\":{\"@type\":\"PropertyValueSpecification\",\"valueRequired\":true,\"valueName\":\"search_term_string\"}}],\"inLanguage\":\"fr-FR\"}]}<\/script>\n<!-- \/ Yoast SEO plugin. -->","yoast_head_json":{"title":"Recherche et Outils - The Fair Cobalt Alliance","robots":{"index":"index","follow":"follow","max-snippet":"max-snippet:-1","max-image-preview":"max-image-preview:large","max-video-preview":"max-video-preview:-1"},"canonical":"https:\/\/faircobaltalliance.org\/fr\/informations\/recherche-et-outils\/","og_locale":"fr_FR","og_type":"article","og_title":"Recherche et Outils - The Fair Cobalt Alliance","og_url":"https:\/\/faircobaltalliance.org\/fr\/informations\/recherche-et-outils\/","og_site_name":"The Fair Cobalt Alliance","article_modified_time":"2025-04-23T07:52:30+00:00","twitter_card":"summary_large_image","schema":{"@context":"https:\/\/schema.org","@graph":[{"@type":"WebPage","@id":"https:\/\/faircobaltalliance.org\/fr\/informations\/recherche-et-outils\/","url":"https:\/\/faircobaltalliance.org\/fr\/informations\/recherche-et-outils\/","name":"Recherche et Outils - The Fair Cobalt Alliance","isPartOf":{"@id":"https:\/\/www.faircobaltalliance.org\/#website"},"datePublished":"2021-09-09T12:47:50+00:00","dateModified":"2025-04-23T07:52:30+00:00","breadcrumb":{"@id":"https:\/\/faircobaltalliance.org\/fr\/informations\/recherche-et-outils\/#breadcrumb"},"inLanguage":"fr-FR","potentialAction":[{"@type":"ReadAction","target":["https:\/\/faircobaltalliance.org\/fr\/informations\/recherche-et-outils\/"]}]},{"@type":"BreadcrumbList","@id":"https:\/\/faircobaltalliance.org\/fr\/informations\/recherche-et-outils\/#breadcrumb","itemListElement":[{"@type":"ListItem","position":1,"name":"Informations","item":"https:\/\/www.faircobaltalliance.org\/fr\/informations\/"},{"@type":"ListItem","position":2,"name":"Recherche et Outils"}]},{"@type":"WebSite","@id":"https:\/\/www.faircobaltalliance.org\/#website","url":"https:\/\/www.faircobaltalliance.org\/","name":"The Fair Cobalt Alliance","description":"Through collaboration - change is possible","potentialAction":[{"@type":"SearchAction","target":{"@type":"EntryPoint","urlTemplate":"https:\/\/www.faircobaltalliance.org\/?s={search_term_string}"},"query-input":{"@type":"PropertyValueSpecification","valueRequired":true,"valueName":"search_term_string"}}],"inLanguage":"fr-FR"}]}},"_links":{"self":[{"href":"https:\/\/faircobaltalliance.org\/fr\/wp-json\/wp\/v2\/pages\/210","targetHints":{"allow":["GET"]}}],"collection":[{"href":"https:\/\/faircobaltalliance.org\/fr\/wp-json\/wp\/v2\/pages"}],"about":[{"href":"https:\/\/faircobaltalliance.org\/fr\/wp-json\/wp\/v2\/types\/page"}],"author":[{"embeddable":true,"href":"https:\/\/faircobaltalliance.org\/fr\/wp-json\/wp\/v2\/users\/1"}],"replies":[{"embeddable":true,"href":"https:\/\/faircobaltalliance.org\/fr\/wp-json\/wp\/v2\/comments?post=210"}],"version-history":[{"count":22,"href":"https:\/\/faircobaltalliance.org\/fr\/wp-json\/wp\/v2\/pages\/210\/revisions"}],"predecessor-version":[{"id":7301,"href":"https:\/\/faircobaltalliance.org\/fr\/wp-json\/wp\/v2\/pages\/210\/revisions\/7301"}],"up":[{"embeddable":true,"href":"https:\/\/faircobaltalliance.org\/fr\/wp-json\/wp\/v2\/pages\/35"}],"wp:attachment":[{"href":"https:\/\/faircobaltalliance.org\/fr\/wp-json\/wp\/v2\/media?parent=210"}],"curies":[{"name":"wp","href":"https:\/\/api.w.org\/{rel}","templated":true}]}}