{"id":31,"date":"2021-09-06T15:14:18","date_gmt":"2021-09-06T14:14:33","guid":{"rendered":"https:\/\/www.faircobaltalliance.org\/?page_id=31"},"modified":"2022-03-01T12:27:01","modified_gmt":"2022-03-01T12:27:01","slug":"approche-fr","status":"publish","type":"page","link":"https:\/\/faircobaltalliance.org\/fr\/approche-fr\/","title":{"rendered":"Approche"},"content":{"rendered":"<div class=\"wide-list-section user-text has-bg\">\n    <div class=\"wrapper\">\n       \n    <\/div>\n<\/div>\n\n\n\n\n<section class=\"hero user-text\">\n    <div class=\"hero__blocker\"><\/div>\n    <div class=\"hero__image\">\n        <div class=\"hero__image--desktop\" style=\"background-image: url(https:\/\/faircobaltalliance.org\/app\/uploads\/2021\/09\/Cobalt-bag-1280x617.jpg)\" alt=\"\"><\/div>\n        <div class=\"hero__image--mobile\" style=\"background-image:  url(https:\/\/faircobaltalliance.org\/app\/uploads\/2021\/09\/Cobalt-bag-768x430.jpg);\" alt=\"\"><\/div>\n    <\/div>\n    <div class=\"hero__container\">\n        <div class=\"hero__content\">\n                            <h1 class=\"hero__title\">Notre approche <\/h1>\n                                        <p class=\"hero__description\">r\u00e9aliser le changement par une collaboration \u00e0 tous les niveaux de la cha\u00eene d&rsquo;approvisionement<\/p>\n                    <\/div>\n    <\/div>\n<\/section>\n\n\n\n\n<section class=\"text-block user-text       \">\n    <div class=\"wrapper\">\n        <h5>Au cours des derni\u00e8res ann\u00e9es, la sensibilisation aux d\u00e9fis du secteur congolais de l&rsquo;ASM cobalt s&rsquo;est fortement accrue. Les ONG, les organismes de r\u00e9glementation et les m\u00e9dias internationaux se sont int\u00e9ress\u00e9s \u00e0 l&rsquo;association syst\u00e9matique de ce secteur au travail des enfants et aux mauvaises conditions de travail.<\/h5>\n<p>De nombreuses entreprises interm\u00e9diaires et en aval tentent activement de se dissocier de l&rsquo;ASM, de l&rsquo;approvisionnement en RDC ou m\u00eame du cobalt en g\u00e9n\u00e9ral. Quelques entreprises et initiatives, cependant, sont pionni\u00e8res dans l&rsquo;engagement avec les communaut\u00e9s EMAPE du cobalt par le biais de projets ax\u00e9s sur la lutte contre le travail des enfants dans les communaut\u00e9s du cobalt. En cherchant \u00e0 savoir ce qui peut \u00eatre fait pour obtenir des am\u00e9liorations durables, nous avons rapidement r\u00e9alis\u00e9 que l&rsquo;ampleur et la complexit\u00e9 des probl\u00e8mes ne peuvent \u00eatre r\u00e9solus par un seul acteur agissant isol\u00e9ment. De plus, nous avons r\u00e9alis\u00e9 qu&rsquo;un impact durable n\u00e9cessite une approche holistique s&rsquo;attaquant aux causes profondes sous-jacentes : une pauvret\u00e9 g\u00e9n\u00e9ralis\u00e9e et un manque de soutien au secteur ASM pour le formaliser et le professionnaliser.<\/p>\n<p>Les membres de l\u2019ACE et nos partenaires collaborent et mettent en commun leurs ressources pour la mise en \u0153uvre de projets et d&rsquo;interventions au niveau local, en partant du principe que les acteurs de la cha\u00eene d&rsquo;approvisionnement doivent unir leurs forces pour contribuer de mani\u00e8re significative \u00e0 une r\u00e9ponse holistique aux probl\u00e8mes actuels.<\/p>\n<p>Nous sommes tous d&rsquo;accord que les conditions actuelles du secteur du cobalt de l&rsquo;ASM sont inacceptables, mais cela ne signifie pas que nous devons nous en d\u00e9tourner. En appliquant une approche progressive et inclusive au d\u00e9veloppement du secteur, l&rsquo;ASM peut devenir un moteur du d\u00e9veloppement \u00e9conomique local qui apporte des changements et des opportunit\u00e9s nouvelles et passionnantes aux mineurs et \u00e0 leurs communaut\u00e9s. Plut\u00f4t que d&#8217;emp\u00eacher des communaut\u00e9s enti\u00e8res d&rsquo;acc\u00e9der \u00e0 ce qui est actuellement leur principal moyen de subsistance, nous voulons contribuer \u00e0 son \u00e9panouissement.<\/p>\n    <\/div>\n<\/section>\n\n\n\n\n<section class=\"full-width-image\">\n    <picture>\n        <source srcset=\"https:\/\/faircobaltalliance.org\/app\/uploads\/2021\/09\/thinking-of-solutions-1280x500.jpg)\" media=\"(min-width: 768px)\">\n        <source srcset=\"https:\/\/faircobaltalliance.org\/app\/uploads\/2021\/09\/thinking-of-solutions-768x300.jpg)\" media=\"(min-width: 0px)\">\n        <img decoding=\"async\" src=\"https:\/\/faircobaltalliance.org\/app\/uploads\/2021\/09\/thinking-of-solutions-1280x500.jpg\" alt=\"\">\n    <\/picture>\n<\/section>\n\n\n\n\n<section class=\"text-block user-text     has-divider  \">\n    <div class=\"wrapper\">\n        <h2>Notre approche ax\u00e9e sur les solutions<\/h2>\n<p>En r\u00e9unissant les entreprises de la cha\u00eene d&rsquo;approvisionnement en cobalt, les agences de d\u00e9veloppement international, les gouvernements locaux, la soci\u00e9t\u00e9 civile et les partenaires locaux de mise en \u0153uvre, nous cherchons \u00e0 nous \u00e9tablir comme une pierre de touche pour tous ceux qui veulent participer \u00e0 l&rsquo;am\u00e9lioration du secteur ASM et de leurs communaut\u00e9s. Notre objectif est de le faire de mani\u00e8re transparente, de fa\u00e7on \u00e0 ce que nous puissions \u00eatre tenus responsables. Pour guider notre approche, nous nous concentrons sur 5 objectifs.<\/p>\n    <\/div>\n<\/section>\n\n\n<section class=\"icon-list-section  has-divider\">\n    <div class=\"wrapper\">\n                    <h3 class=\"icon-list-section__title\">Nos objectifs<\/h3>\n                         <section class=\"icon-list\">\n                            <div class=\"icon-list__items\">\n                                                                    <div class=\"icon-list__item\">\n                            <img decoding=\"async\" class=\"icon-list__item-icon\" src=\"https:\/\/faircobaltalliance.org\/app\/uploads\/2021\/09\/earth-moving-equipment.svg\">\n                            <h3 class=\"icon-list__item-title\">Am\u00e9lioration des sites miniers <\/h3>\n                            <p>\n                                Pour am\u00e9liorer la sant\u00e9 et la s\u00e9curit\u00e9 des travailleurs ainsi que la transparence du commerce et leurs conditions de paiement, nous soutenons la fourniture d&rsquo;\u00e9quipements de protection individuelle (EPI) ad\u00e9quats, la formation des travailleurs et des pratiques d&rsquo;achat transparentes et \u00e9quitables dans les stations commerciales (ou d\u00e9p\u00f4ts).                            <\/p>\n                                                            <a href=\"https:\/\/www.faircobaltalliance.org\/fr\/approche-fr\/professionnalisation-des-sites-miniers-artisanaux\/\">Apprendre encore plus<\/a>\n                                                    <\/div>\n                                                                        <div class=\"icon-list__item\">\n                            <img decoding=\"async\" class=\"icon-list__item-icon\" src=\"https:\/\/faircobaltalliance.org\/app\/uploads\/2021\/09\/childrens-rights-new.svg\">\n                            <h3 class=\"icon-list__item-title\">Les droits des enfants <\/h3>\n                            <p>\n                                L\u2019ACE travaille avec les coop\u00e9ratives locales et la soci\u00e9t\u00e9 civile pour mettre en place un syst\u00e8me de r\u00e9f\u00e9rence \u00e9volutif sur le travail des enfants. En adoptant une approche bas\u00e9e sur les droits de l&rsquo;enfant, nous cherchons \u00e0 promouvoir la fr\u00e9quentation scolaire, la formation professionnelle et les opportunit\u00e9s d&#8217;emploi pour les jeunes.                            <\/p>\n                                                            <a href=\"https:\/\/www.faircobaltalliance.org\/fr\/approche-fr\/sauvegarde-des-droits-de-lenfant\/\">Apprendre encore plus<\/a>\n                                                    <\/div>\n                                                                        <div class=\"icon-list__item\">\n                            <img decoding=\"async\" class=\"icon-list__item-icon\" src=\"https:\/\/faircobaltalliance.org\/app\/uploads\/2021\/10\/economic-diversification_2-1.svg\">\n                            <h3 class=\"icon-list__item-title\">Diversification \u00e9conomique <\/h3>\n                            <p>\n                                Nous investissons dans des programmes communautaires hors site, con\u00e7us pour cr\u00e9er et diversifier des moyens de subsistance durables accessibles \u00e0 tous les membres de la communaut\u00e9. La pauvret\u00e9 g\u00e9n\u00e9ralis\u00e9e ne peut \u00eatre combattue qu&rsquo;en encourageant l&rsquo;esprit d&rsquo;entreprise et en cr\u00e9ant des opportunit\u00e9s d&#8217;emploi dans la communaut\u00e9 &#8211; en dehors du secteur minier artisanal.                            <\/p>\n                                                            <a href=\"https:\/\/www.faircobaltalliance.org\/fr\/approche-fr\/la-diversification-economique\/\">Apprendre encore plus<\/a>\n                                                    <\/div>\n                                                                        <div class=\"icon-list__item\">\n                            <img decoding=\"async\" class=\"icon-list__item-icon\" src=\"https:\/\/faircobaltalliance.org\/app\/uploads\/2021\/09\/monitoring-our-impact-.svg\">\n                            <h3 class=\"icon-list__item-title\">Suivi de notre impact <\/h3>\n                            <p>\n                                Notre objectif est d&rsquo;avoir un impact mesurable sur les communaut\u00e9s mini\u00e8res dans lesquelles nous nous engageons. \u00c0 cette fin, nous mesurons continuellement le succ\u00e8s de nos programmes afin de nous assurer que nous maximisons notre port\u00e9e &#8211; et le retour social de notre capital d&rsquo;investissement et de subvention.                            <\/p>\n                                                            <a href=\"https:\/\/www.faircobaltalliance.org\/fr\/approche-fr\/suivi-de-notre-impact\/\">Apprendre encore plus<\/a>\n                                                    <\/div>\n                                                                        <div class=\"icon-list__item\">\n                            <img decoding=\"async\" class=\"icon-list__item-icon\" src=\"https:\/\/faircobaltalliance.org\/app\/uploads\/2021\/10\/Systemic-value-chain-approach.svg\">\n                            <h3 class=\"icon-list__item-title\">Approche syst\u00e9mique de la cha\u00eene de valeur <\/h3>\n                            <p>\n                                Toute organisation op\u00e9rant dans le cadre de la cha\u00eene d&rsquo;approvisionnement mondiale en cobalt &#8211; ou associ\u00e9e \u00e0 celle-ci &#8211; doit examiner comment elle peut contribuer au mieux \u00e0 la solution. En adoptant une approche holistique, int\u00e9grant chaque \u00e9tape de la cha\u00eene d&rsquo;approvisionnement, nous pouvons identifier les causes profondes et \u00e9laborer des solutions efficaces pour r\u00e9soudre les probl\u00e8mes en amont.                            <\/p>\n                                                            <a href=\"https:\/\/www.faircobaltalliance.org\/fr\/collaboration-dans-la-chaine-dapprovisionnement\/\">Apprendre encore plus<\/a>\n                                                    <\/div>\n                                        <\/div>\n                    <\/section>\n    <\/div>\n<\/section>\n\n\n\n\n<section class=\"text-block user-text       \">\n    <div class=\"wrapper\">\n        <h2>Le cobalt \u00e9quitable<\/h2>\n<p><strong>L\u2019ACE est fond\u00e9e sur la notion de responsabilit\u00e9 conjointe des acteurs de la cha\u00eene d&rsquo;approvisionnement. <\/strong><\/p>\n<p>Il est donc important de promouvoir l&rsquo;acceptation formelle du \u00ab\u00a0cobalt \u00e9quitable\u00a0\u00bb produit de mani\u00e8re responsable, que nous d\u00e9finissons comme le cobalt provenant de mines qui se sont engag\u00e9es \u00e0 une am\u00e9lioration continue et limit\u00e9e dans le temps, comme indiqu\u00e9 dans notre cadre de gestion holistique &#8211; actuellement en cours de consultation internationale (<a href=\"https:\/\/www.asm-cobalt.org\" target=\"_blank\" rel=\"noopener\">www.asm-cobalt.org<\/a>). En outre, elles devraient d\u00e9j\u00e0 r\u00e9pondre aux attentes minimales en mati\u00e8re d&rsquo;exploitation l\u00e9gale et de respect des droits de l&rsquo;homme et des enfants. L&rsquo;acceptation du march\u00e9 devrait naturellement conduire \u00e0 l&rsquo;int\u00e9gration d&rsquo;un approvisionnement \u00e9quitable en cobalt dans les cha\u00eenes d&rsquo;approvisionnement mondiales, en aspirant \u00e0 faire de l&rsquo;approvisionnement aupr\u00e8s de l&rsquo;ASM un objectif d&rsquo;approvisionnement responsable intersectoriel.<\/p>\n    <\/div>\n<\/section>\n\n\n<div class=\"wide-list-section user-text has-bg\">\n    <div class=\"wrapper\">\n       \n    <\/div>\n<\/div>\n\n\n\n\n<section class=\"text-block user-text      has-bg \">\n    <div class=\"wrapper\">\n        <h2>R\u00e9aliser un changement durable<\/h2>\n<p>L&rsquo;approche \u00e0 trois volets de l\u2019ACE pour favoriser le d\u00e9veloppement communautaire et la professionnalisation des sites miniers artisanaux est bas\u00e9e sur notre th\u00e9orie du changement, d\u00e9velopp\u00e9e pour la premi\u00e8re fois lors de la recherche qui a abouti \u00e0 notre rapport \u00ab\u00a0Digging for Change\u00a0\u00bb [ajouter un lien vers le rapport, s&rsquo;ouvrant dans un nouvel onglet]. En promouvant une approche holistique, notre programme vise \u00e0 accro\u00eetre l&rsquo;approvisionnement en cobalt ASM \u00e9quitable accept\u00e9 par l&rsquo;industrie, contribuant ainsi de mani\u00e8re mesurable au d\u00e9veloppement des communaut\u00e9s mini\u00e8res locales.<\/p>\n    <\/div>\n<\/section>\n\n\n\n\n<section class=\"text-block user-text remove-top-padding     has-bg is-wide\">\n    <div class=\"wrapper\">\n        <p><img loading=\"lazy\" decoding=\"async\" class=\"aligncenter wp-image-2577 size-full\" src=\"https:\/\/www.faircobaltalliance.org\/wp-content\/uploads\/2021\/10\/Achieving-lasting-Change-F-3.png\" alt=\"\" width=\"1984\" height=\"975\" srcset=\"https:\/\/faircobaltalliance.org\/app\/uploads\/2021\/10\/Achieving-lasting-Change-F-3.png 1984w, https:\/\/faircobaltalliance.org\/app\/uploads\/2021\/10\/Achieving-lasting-Change-F-3-300x147.png 300w, https:\/\/faircobaltalliance.org\/app\/uploads\/2021\/10\/Achieving-lasting-Change-F-3-1024x503.png 1024w, https:\/\/faircobaltalliance.org\/app\/uploads\/2021\/10\/Achieving-lasting-Change-F-3-1536x755.png 1536w, https:\/\/faircobaltalliance.org\/app\/uploads\/2021\/10\/Achieving-lasting-Change-F-3-260x128.png 260w\" sizes=\"auto, (max-width: 1984px) 100vw, 1984px\" \/><\/p>\n<p><img loading=\"lazy\" decoding=\"async\" class=\"aligncenter wp-image-2268 size-full\" src=\"https:\/\/www.faircobaltalliance.org\/wp-content\/uploads\/2021\/10\/Achieving-lasting-Change-F-2-1.gif\" alt=\"\" width=\"2340\" height=\"818\" \/><\/p>\n    <\/div>\n<\/section>\n\n\n    <section class=\"testimonial-section user-text \">\n        <div class=\"wrapper\">\n                                            <div class=\"testimonial\">\n                    <span class=\"quote-icon\"><svg xmlns=\"http:\/\/www.w3.org\/2000\/svg\" viewBox=\"0 0 43.43 41.26\">\n    <g style=\"isolation:isolate\">\n        <g style=\"isolation:isolate\">\n            <path d=\"M16.93,7.82q-5.32,1-7.48,7.71a21.15,21.15,0,0,0-1.08,6.56,4.16,4.16,0,0,0,0,.66c0,.18.06.58.11,1.19h8.41V40.76H.5V25.25Q.5,13.84,5.05,7.66A16.9,16.9,0,0,1,16.93.57Zm26,0a8.66,8.66,0,0,0-6.44,4.78A19.55,19.55,0,0,0,34.29,22c0,.31,0,.62,0,.93a5,5,0,0,0,.19,1h8.41V40.76H26.42V25.25A34.23,34.23,0,0,1,30.28,8.86Q34.14,1.64,42.93.57Z\" fill=\"none\" stroke=\"#707070\" \/>\n        <\/g>\n    <\/g>\n<\/svg><\/span>\n                    <figure class=\"quote\">\n                        <blockquote>\n                            <p>Le London Metal Exchange est encourag\u00e9 par le travail de l&rsquo;Alliance du Cobalt \u00c9quitable , car nous partageons l&rsquo;objectif commun d&rsquo;am\u00e9liorer les conditions de travail et les moyens de subsistance des communaut\u00e9s de cobalt congolaises. R\u00e9unir les participants de la cha\u00eene d&rsquo;approvisionnement en cobalt pour coordonner les actions locales est essentiel pour cr\u00e9er un changement durable.<\/p>\n                        <\/blockquote>\n                        <figcaption>\n                            Nicole Hanson, Directeur de l&rsquo;Approvisionnement Responsable au LME                        <\/figcaption>\n                    <\/figure>\n                <\/div>\n                    <\/div>\n    <\/section>\n","protected":false},"excerpt":{"rendered":"","protected":false},"author":1,"featured_media":0,"parent":0,"menu_order":6,"comment_status":"closed","ping_status":"closed","template":"","meta":{"_acf_changed":false,"footnotes":""},"class_list":["post-31","page","type-page","status-publish","hentry"],"acf":[],"yoast_head":"<!-- This site is optimized with the Yoast SEO plugin v27.3 - https:\/\/yoast.com\/product\/yoast-seo-wordpress\/ -->\n<title>Approche - The Fair Cobalt Alliance<\/title>\n<meta name=\"robots\" content=\"index, follow, max-snippet:-1, max-image-preview:large, max-video-preview:-1\" \/>\n<link rel=\"canonical\" href=\"https:\/\/www.faircobaltalliance.org\/fr\/approche-fr\/\" \/>\n<meta property=\"og:locale\" content=\"fr_FR\" \/>\n<meta property=\"og:type\" content=\"article\" \/>\n<meta property=\"og:title\" content=\"Approche - The Fair Cobalt Alliance\" \/>\n<meta property=\"og:url\" content=\"https:\/\/www.faircobaltalliance.org\/fr\/approche-fr\/\" \/>\n<meta property=\"og:site_name\" content=\"The Fair Cobalt Alliance\" \/>\n<meta property=\"article:modified_time\" content=\"2022-03-01T12:27:01+00:00\" \/>\n<meta name=\"twitter:card\" content=\"summary_large_image\" \/>\n<script type=\"application\/ld+json\" class=\"yoast-schema-graph\">{\"@context\":\"https:\\\/\\\/schema.org\",\"@graph\":[{\"@type\":\"WebPage\",\"@id\":\"https:\\\/\\\/www.faircobaltalliance.org\\\/fr\\\/approche-fr\\\/\",\"url\":\"https:\\\/\\\/www.faircobaltalliance.org\\\/fr\\\/approche-fr\\\/\",\"name\":\"Approche - The Fair Cobalt Alliance\",\"isPartOf\":{\"@id\":\"https:\\\/\\\/www.faircobaltalliance.org\\\/#website\"},\"datePublished\":\"2021-09-06T14:14:33+00:00\",\"dateModified\":\"2022-03-01T12:27:01+00:00\",\"inLanguage\":\"fr-FR\",\"potentialAction\":[{\"@type\":\"ReadAction\",\"target\":[\"https:\\\/\\\/www.faircobaltalliance.org\\\/fr\\\/approche-fr\\\/\"]}]},{\"@type\":\"WebSite\",\"@id\":\"https:\\\/\\\/www.faircobaltalliance.org\\\/#website\",\"url\":\"https:\\\/\\\/www.faircobaltalliance.org\\\/\",\"name\":\"The Fair Cobalt Alliance\",\"description\":\"Through collaboration - change is possible\",\"potentialAction\":[{\"@type\":\"SearchAction\",\"target\":{\"@type\":\"EntryPoint\",\"urlTemplate\":\"https:\\\/\\\/www.faircobaltalliance.org\\\/?s={search_term_string}\"},\"query-input\":{\"@type\":\"PropertyValueSpecification\",\"valueRequired\":true,\"valueName\":\"search_term_string\"}}],\"inLanguage\":\"fr-FR\"}]}<\/script>\n<!-- \/ Yoast SEO plugin. -->","yoast_head_json":{"title":"Approche - The Fair Cobalt Alliance","robots":{"index":"index","follow":"follow","max-snippet":"max-snippet:-1","max-image-preview":"max-image-preview:large","max-video-preview":"max-video-preview:-1"},"canonical":"https:\/\/www.faircobaltalliance.org\/fr\/approche-fr\/","og_locale":"fr_FR","og_type":"article","og_title":"Approche - The Fair Cobalt Alliance","og_url":"https:\/\/www.faircobaltalliance.org\/fr\/approche-fr\/","og_site_name":"The Fair Cobalt Alliance","article_modified_time":"2022-03-01T12:27:01+00:00","twitter_card":"summary_large_image","schema":{"@context":"https:\/\/schema.org","@graph":[{"@type":"WebPage","@id":"https:\/\/www.faircobaltalliance.org\/fr\/approche-fr\/","url":"https:\/\/www.faircobaltalliance.org\/fr\/approche-fr\/","name":"Approche - The Fair Cobalt Alliance","isPartOf":{"@id":"https:\/\/www.faircobaltalliance.org\/#website"},"datePublished":"2021-09-06T14:14:33+00:00","dateModified":"2022-03-01T12:27:01+00:00","inLanguage":"fr-FR","potentialAction":[{"@type":"ReadAction","target":["https:\/\/www.faircobaltalliance.org\/fr\/approche-fr\/"]}]},{"@type":"WebSite","@id":"https:\/\/www.faircobaltalliance.org\/#website","url":"https:\/\/www.faircobaltalliance.org\/","name":"The Fair Cobalt Alliance","description":"Through collaboration - change is possible","potentialAction":[{"@type":"SearchAction","target":{"@type":"EntryPoint","urlTemplate":"https:\/\/www.faircobaltalliance.org\/?s={search_term_string}"},"query-input":{"@type":"PropertyValueSpecification","valueRequired":true,"valueName":"search_term_string"}}],"inLanguage":"fr-FR"}]}},"_links":{"self":[{"href":"https:\/\/faircobaltalliance.org\/fr\/wp-json\/wp\/v2\/pages\/31","targetHints":{"allow":["GET"]}}],"collection":[{"href":"https:\/\/faircobaltalliance.org\/fr\/wp-json\/wp\/v2\/pages"}],"about":[{"href":"https:\/\/faircobaltalliance.org\/fr\/wp-json\/wp\/v2\/types\/page"}],"author":[{"embeddable":true,"href":"https:\/\/faircobaltalliance.org\/fr\/wp-json\/wp\/v2\/users\/1"}],"replies":[{"embeddable":true,"href":"https:\/\/faircobaltalliance.org\/fr\/wp-json\/wp\/v2\/comments?post=31"}],"version-history":[{"count":10,"href":"https:\/\/faircobaltalliance.org\/fr\/wp-json\/wp\/v2\/pages\/31\/revisions"}],"predecessor-version":[{"id":3100,"href":"https:\/\/faircobaltalliance.org\/fr\/wp-json\/wp\/v2\/pages\/31\/revisions\/3100"}],"wp:attachment":[{"href":"https:\/\/faircobaltalliance.org\/fr\/wp-json\/wp\/v2\/media?parent=31"}],"curies":[{"name":"wp","href":"https:\/\/api.w.org\/{rel}","templated":true}]}}