{"id":36,"date":"2021-09-06T15:15:25","date_gmt":"2021-09-06T14:15:25","guid":{"rendered":"https:\/\/www.faircobaltalliance.org\/?page_id=36"},"modified":"2023-06-21T12:23:04","modified_gmt":"2023-06-21T11:23:04","slug":"collaboration-dans-la-chaine-dapprovisionnement","status":"publish","type":"page","link":"https:\/\/faircobaltalliance.org\/fr\/collaboration-dans-la-chaine-dapprovisionnement\/","title":{"rendered":"Collaboration dans la chai\u0301ne"},"content":{"rendered":"\n\n<section class=\"hero user-text\">\n    <div class=\"hero__blocker\"><\/div>\n    <div class=\"hero__image\">\n        <div class=\"hero__image--desktop\" style=\"background-image: url(https:\/\/faircobaltalliance.org\/app\/uploads\/2021\/09\/supply-chain-graphic-Hero-1280x617.jpg)\" alt=\"\"><\/div>\n        <div class=\"hero__image--mobile\" style=\"background-image:  url(https:\/\/faircobaltalliance.org\/app\/uploads\/2021\/09\/supply-chain-graphic-Hero-1280-768x430.jpg);\" alt=\"\"><\/div>\n    <\/div>\n    <div class=\"hero__container\">\n        <div class=\"hero__content\">\n                            <h1 class=\"hero__title\">R\u00e9unir la cha\u00eene d&rsquo;approvisionnement en cobalt<\/h1>\n                                <\/div>\n    <\/div>\n<\/section>\n\n\n\n\n<section class=\"text-block user-text     has-divider  \">\n    <div class=\"wrapper\">\n        <h5>Le cobalt joue un r\u00f4le cl\u00e9 dans la transition vers une \u00e9conomie verte. N\u00e9anmoins, le discours public sur le cobalt a \u00e9t\u00e9 essentiellement n\u00e9gatif, se concentrant, dans une large mesure, sur les impacts n\u00e9gatifs des activit\u00e9s mini\u00e8res. Cela cr\u00e9e une dichotomie entre, d&rsquo;une part, le cobalt en tant que cl\u00e9 pour atteindre un avenir propre et sans carbone et, d&rsquo;autre part, son extraction caract\u00e9ris\u00e9e par le travail des enfants et les probl\u00e8mes de droits de l&rsquo;homme li\u00e9s \u00e0 la pauvret\u00e9.<\/h5>\n<p>C&rsquo;est pourquoi de nombreuses entreprises ont refus\u00e9 de s&rsquo;engager aupr\u00e8s des sites d&rsquo;EMAPE par crainte d&rsquo;\u00eatre associ\u00e9es \u00e0 ces probl\u00e8mes. Cependant, la responsabilit\u00e9 de la cha\u00eene d&rsquo;approvisionnement de s&rsquo;engager et d&rsquo;investir dans l&rsquo;EMAPE constitue la premi\u00e8re \u00e9tape vers un engagement responsable dans l&rsquo;EMAPE. Plut\u00f4t que d&rsquo;\u00e9viter toute association avec l&rsquo;EMAPE, les entreprises devraient canaliser leurs ressources et leur \u00e9nergie dans des programmes qui cr\u00e9ent activement des conditions de travail dignes sur la majorit\u00e9 des sites d&rsquo;EMAPE de cobalt et le d\u00e9veloppement de l&rsquo;\u00e9conomie locale en g\u00e9n\u00e9ral.<\/p>\n    <\/div>\n<\/section>\n\n\n\n\n<section class=\"text-block user-text       \">\n    <div class=\"wrapper\">\n        <h4>Mode de travail dans la cha\u00eene cobalt \u00e9quitable<\/h4>\n<p>\u00c0 l\u2019ACE, nous offrons une plateforme de collaboration dans un environnement pr\u00e9comp\u00e9titif pour les organisations qui souhaitent s&rsquo;impliquer par le biais de l&rsquo;adh\u00e9sion, de partenariats strat\u00e9giques, de dons et, \u00e0 l&rsquo;avenir, de l&rsquo;approvisionnement. Notre plateforme rassemble tous les acteurs concern\u00e9s pour cr\u00e9er les changements que nous voulons tous voir.<\/p>\n<p>Ce qui relie <a href=\"https:\/\/www.faircobaltalliance.org\/fr\/collaboration-dans-la-chaine-dapprovisionnement\/nos-membres\/\">nos membres<\/a>, les donateurs et les partenaires de diff\u00e9rentes positions au sein de la cha\u00eene d&rsquo;approvisionnement en cobalt, c&rsquo;est la ferme conviction qu&rsquo;un changement positif est possible et que la collaboration peut faire progresser le d\u00e9veloppement durable dans les communaut\u00e9s mini\u00e8res. En fait, nous pensons que la collaboration est la SEULE fa\u00e7on d&rsquo;avancer. Gr\u00e2ce \u00e0 la collaboration, l&rsquo;exploitation artisanale du cobalt peut devenir un puissant moteur de d\u00e9veloppement, en transformant les ressources min\u00e9rales en prosp\u00e9rit\u00e9 \u00e0 long terme pour les communaut\u00e9s congolaises.<\/p>\n    <\/div>\n<\/section>\n\n\n\n\n<section class=\"full-width-image\">\n    <picture>\n        <source srcset=\"https:\/\/faircobaltalliance.org\/app\/uploads\/2021\/09\/supply-chain-graphic-truck-1280x500.jpg)\" media=\"(min-width: 768px)\">\n        <source srcset=\"https:\/\/faircobaltalliance.org\/app\/uploads\/2021\/09\/supply-chain-graphic-truck-768x300.jpg)\" media=\"(min-width: 0px)\">\n        <img decoding=\"async\" src=\"https:\/\/faircobaltalliance.org\/app\/uploads\/2021\/09\/supply-chain-graphic-truck-1280x500.jpg\" alt=\"\">\n    <\/picture>\n<\/section>\n\n\n\n\n<section class=\"text-block user-text       \">\n    <div class=\"wrapper\">\n        <p>Nous envisageons un r\u00f4le pour les coop\u00e9ratives sur le terrain, les entreprises tout au long de la cha\u00eene d&rsquo;approvisionnement, des raffineries \u00e0 l&rsquo;automobile et \u00e0 l&rsquo;\u00e9lectronique, les organismes gouvernementaux et les services de r\u00e9glementation, les universitaires et la soci\u00e9t\u00e9 civile dans son ensemble. Nous cherchons \u00e0 mettre en commun les comp\u00e9tences, l&rsquo;expertise et les ressources d&rsquo;un large \u00e9ventail de parties prenantes afin qu&rsquo;elles se compl\u00e8tent. Nous comprenons \u00e9galement que les diff\u00e9rentes parties prenantes ont des besoins diff\u00e9rents et peuvent avoir une perspective diff\u00e9rente sur les complexit\u00e9s entourant ces questions. Gr\u00e2ce \u00e0 une <a href=\"https:\/\/www.faircobaltalliance.org\/fr\/a-propos-de-nous\/gouvernance\/\">gouvernance<\/a> transparente\u00a0et \u00e0 <a href=\"https:\/\/www.faircobaltalliance.org\/fr\/a-propos-de-nous\/rencontrez-l-equipe\/\">une riche exp\u00e9rience<\/a>, nous offrons une source d&rsquo;information fiable pour \u00e9duquer les acteurs de la cha\u00eene d&rsquo;approvisionnement.<\/p>\n    <\/div>\n<\/section>\n\n\n\n\n<section class=\"text-block user-text      has-bg is-wide\">\n    <div class=\"wrapper\">\n        <h4>O\u00f9 que vous soyez dans la cha\u00eene d&rsquo;approvisionnement, vous avez un r\u00f4le \u00e0 jouer.<\/h4>\n<p><img loading=\"lazy\" decoding=\"async\" class=\"aligncenter size-large wp-image-4376\" src=\"https:\/\/www.faircobaltalliance.org\/app\/uploads\/2023\/06\/Supply-Chain-Fr-Copy-1024x313.png\" alt=\"\" width=\"1024\" height=\"313\" srcset=\"https:\/\/faircobaltalliance.org\/app\/uploads\/2023\/06\/Supply-Chain-Fr-Copy-1024x313.png 1024w, https:\/\/faircobaltalliance.org\/app\/uploads\/2023\/06\/Supply-Chain-Fr-Copy-300x92.png 300w, https:\/\/faircobaltalliance.org\/app\/uploads\/2023\/06\/Supply-Chain-Fr-Copy-260x79.png 260w, https:\/\/faircobaltalliance.org\/app\/uploads\/2023\/06\/Supply-Chain-Fr-Copy.png 1228w\" sizes=\"auto, (max-width: 1024px) 100vw, 1024px\" \/><\/p>\n    <\/div>\n<\/section>\n\n\n\n\n<section class=\"text-block user-text   remove-bottom-padding    \">\n    <div class=\"wrapper\">\n        <h5>O\u00f9 que vous soyez dans la cha\u00eene d&rsquo;approvisionnement &#8211; extraction, commerce, fusion, raffinage, fabrication ou vente d&rsquo;\u00e9lectronique grand public ou d&rsquo;automobiles aux clients &#8211; vous avez un r\u00f4le \u00e0 jouer : votre organisation peut aider&#8230;<\/h5>\n    <\/div>\n<\/section>\n\n\n\n<div class=\"wp-block-columns is-layout-flex wp-container-core-columns-is-layout-9d6595d7 wp-block-columns-is-layout-flex\">\n<div class=\"wp-block-column is-layout-flow wp-block-column-is-layout-flow\"><\/div>\n\n\n\n<div class=\"wp-block-column is-layout-flow wp-block-column-is-layout-flow\">\n\n<section class=\"text-block user-text       \">\n    <div class=\"wrapper\">\n        <h4><img loading=\"lazy\" decoding=\"async\" class=\"aligncenter wp-image-4357 size-medium\" src=\"https:\/\/www.faircobaltalliance.org\/app\/uploads\/2023\/06\/Engagement-with-and-investment-in-ASM-by-supply-chain-actors-300x300.png\" alt=\"\" width=\"300\" height=\"300\" srcset=\"https:\/\/faircobaltalliance.org\/app\/uploads\/2023\/06\/Engagement-with-and-investment-in-ASM-by-supply-chain-actors-300x300.png 300w, https:\/\/faircobaltalliance.org\/app\/uploads\/2023\/06\/Engagement-with-and-investment-in-ASM-by-supply-chain-actors-1024x1024.png 1024w, https:\/\/faircobaltalliance.org\/app\/uploads\/2023\/06\/Engagement-with-and-investment-in-ASM-by-supply-chain-actors-150x150.png 150w, https:\/\/faircobaltalliance.org\/app\/uploads\/2023\/06\/Engagement-with-and-investment-in-ASM-by-supply-chain-actors-1536x1536.png 1536w, https:\/\/faircobaltalliance.org\/app\/uploads\/2023\/06\/Engagement-with-and-investment-in-ASM-by-supply-chain-actors-2048x2048.png 2048w, https:\/\/faircobaltalliance.org\/app\/uploads\/2023\/06\/Engagement-with-and-investment-in-ASM-by-supply-chain-actors-340x340.png 340w, https:\/\/faircobaltalliance.org\/app\/uploads\/2023\/06\/Engagement-with-and-investment-in-ASM-by-supply-chain-actors-260x260.png 260w\" sizes=\"auto, (max-width: 300px) 100vw, 300px\" \/>En soutenant notre engagement \u00e0 devenir un fournisseur de cobalt artisanat \u00e9quitable et responsable;<\/h4>\n    <\/div>\n<\/section>\n<\/div>\n\n\n\n<div class=\"wp-block-column is-layout-flow wp-block-column-is-layout-flow\">\n\n<section class=\"text-block user-text       \">\n    <div class=\"wrapper\">\n        <h4><img loading=\"lazy\" decoding=\"async\" class=\"aligncenter wp-image-4358 size-medium\" src=\"https:\/\/www.faircobaltalliance.org\/app\/uploads\/2023\/06\/Fair-ASM-Cobalt-Trade-300x300.png\" alt=\"\" width=\"300\" height=\"300\" srcset=\"https:\/\/faircobaltalliance.org\/app\/uploads\/2023\/06\/Fair-ASM-Cobalt-Trade-300x300.png 300w, https:\/\/faircobaltalliance.org\/app\/uploads\/2023\/06\/Fair-ASM-Cobalt-Trade-1024x1024.png 1024w, https:\/\/faircobaltalliance.org\/app\/uploads\/2023\/06\/Fair-ASM-Cobalt-Trade-150x150.png 150w, https:\/\/faircobaltalliance.org\/app\/uploads\/2023\/06\/Fair-ASM-Cobalt-Trade-1536x1536.png 1536w, https:\/\/faircobaltalliance.org\/app\/uploads\/2023\/06\/Fair-ASM-Cobalt-Trade-2048x2048.png 2048w, https:\/\/faircobaltalliance.org\/app\/uploads\/2023\/06\/Fair-ASM-Cobalt-Trade-340x340.png 340w, https:\/\/faircobaltalliance.org\/app\/uploads\/2023\/06\/Fair-ASM-Cobalt-Trade-260x260.png 260w\" sizes=\"auto, (max-width: 300px) 100vw, 300px\" \/>En soutenant les efforts du gouvernement de la RDC pour cr\u00e9er des zones d&rsquo;exploitation artisanale l\u00e9gale; et,<\/h4>\n    <\/div>\n<\/section>\n<\/div>\n\n\n\n<div class=\"wp-block-column is-layout-flow wp-block-column-is-layout-flow\">\n\n<section class=\"text-block user-text       \">\n    <div class=\"wrapper\">\n        <h4><img loading=\"lazy\" decoding=\"async\" class=\"aligncenter wp-image-4359 size-medium\" src=\"https:\/\/www.faircobaltalliance.org\/app\/uploads\/2023\/06\/On-site-improvements-300x300.png\" alt=\"\" width=\"300\" height=\"300\" srcset=\"https:\/\/faircobaltalliance.org\/app\/uploads\/2023\/06\/On-site-improvements-300x300.png 300w, https:\/\/faircobaltalliance.org\/app\/uploads\/2023\/06\/On-site-improvements-1024x1024.png 1024w, https:\/\/faircobaltalliance.org\/app\/uploads\/2023\/06\/On-site-improvements-150x150.png 150w, https:\/\/faircobaltalliance.org\/app\/uploads\/2023\/06\/On-site-improvements-1536x1536.png 1536w, https:\/\/faircobaltalliance.org\/app\/uploads\/2023\/06\/On-site-improvements-2048x2048.png 2048w, https:\/\/faircobaltalliance.org\/app\/uploads\/2023\/06\/On-site-improvements-340x340.png 340w, https:\/\/faircobaltalliance.org\/app\/uploads\/2023\/06\/On-site-improvements-260x260.png 260w\" sizes=\"auto, (max-width: 300px) 100vw, 300px\" \/>En fournissant un investissement financier ou des contributions en nature sous forme, par exemple, de formation technique et d&rsquo;excavation.<\/h4>\n    <\/div>\n<\/section>\n<\/div>\n\n\n\n<div class=\"wp-block-column is-layout-flow wp-block-column-is-layout-flow\"><\/div>\n<\/div>\n\n\n\n\n<section class=\"text-block user-text remove-top-padding      \">\n    <div class=\"wrapper\">\n        <h5>Nous invitons toutes les organisations \u00e0 rejoindre notre liste croissante de membres et <a href=\"https:\/\/www.faircobaltalliance.org\/fr\/collaboration-dans-la-chaine-dapprovisionnement\/partenaires-locaux\/\">d&rsquo;organisations partenaires<\/a> pour faire partie du changement.<\/h5>\n    <\/div>\n<\/section>\n\n\n<div class=\"call-to-action user-text  \">\n  <div class=\"wrapper\">\n    <h3 class=\"call-to-action__title\">Contactez-nous d\u00e8s aujourd&rsquo;hui pour savoir ce que vous pouvez faire pour soutenir cette collaboration \u00e0 l&rsquo;\u00e9chelle de la cha\u00eene d&rsquo;approvisionnement <\/h3>\n        <a class=\"button\" href=\"https:\/\/www.faircobaltalliance.org\/fr\/collaboration-dans-la-chaine-dapprovisionnement\/rejoindre-l-ace\/\">Rejoignez l\u2019ACE<\/a>\n  <\/div>\n<\/div>\n","protected":false},"excerpt":{"rendered":"","protected":false},"author":1,"featured_media":0,"parent":0,"menu_order":7,"comment_status":"closed","ping_status":"closed","template":"","meta":{"_acf_changed":false,"footnotes":""},"class_list":["post-36","page","type-page","status-publish","hentry"],"acf":[],"yoast_head":"<!-- This site is optimized with the Yoast SEO plugin v27.4 - https:\/\/yoast.com\/product\/yoast-seo-wordpress\/ -->\n<title>Collaboration dans la chai\u0301ne - The Fair Cobalt Alliance<\/title>\n<meta name=\"robots\" content=\"index, follow, max-snippet:-1, max-image-preview:large, max-video-preview:-1\" \/>\n<link rel=\"canonical\" href=\"https:\/\/www.faircobaltalliance.org\/fr\/collaboration-dans-la-chaine-dapprovisionnement\/\" \/>\n<meta property=\"og:locale\" content=\"fr_FR\" \/>\n<meta property=\"og:type\" content=\"article\" \/>\n<meta property=\"og:title\" content=\"Collaboration dans la chai\u0301ne - The Fair Cobalt Alliance\" \/>\n<meta property=\"og:url\" content=\"https:\/\/www.faircobaltalliance.org\/fr\/collaboration-dans-la-chaine-dapprovisionnement\/\" \/>\n<meta property=\"og:site_name\" content=\"The Fair Cobalt Alliance\" \/>\n<meta property=\"article:modified_time\" content=\"2023-06-21T11:23:04+00:00\" \/>\n<meta name=\"twitter:card\" content=\"summary_large_image\" \/>\n<script type=\"application\/ld+json\" class=\"yoast-schema-graph\">{\"@context\":\"https:\\\/\\\/schema.org\",\"@graph\":[{\"@type\":\"WebPage\",\"@id\":\"https:\\\/\\\/www.faircobaltalliance.org\\\/fr\\\/collaboration-dans-la-chaine-dapprovisionnement\\\/\",\"url\":\"https:\\\/\\\/www.faircobaltalliance.org\\\/fr\\\/collaboration-dans-la-chaine-dapprovisionnement\\\/\",\"name\":\"Collaboration dans la chai\u0301ne - The Fair Cobalt Alliance\",\"isPartOf\":{\"@id\":\"https:\\\/\\\/www.faircobaltalliance.org\\\/#website\"},\"datePublished\":\"2021-09-06T14:15:25+00:00\",\"dateModified\":\"2023-06-21T11:23:04+00:00\",\"inLanguage\":\"fr-FR\",\"potentialAction\":[{\"@type\":\"ReadAction\",\"target\":[\"https:\\\/\\\/www.faircobaltalliance.org\\\/fr\\\/collaboration-dans-la-chaine-dapprovisionnement\\\/\"]}]},{\"@type\":\"WebSite\",\"@id\":\"https:\\\/\\\/www.faircobaltalliance.org\\\/#website\",\"url\":\"https:\\\/\\\/www.faircobaltalliance.org\\\/\",\"name\":\"The Fair Cobalt Alliance\",\"description\":\"Through collaboration - change is possible\",\"potentialAction\":[{\"@type\":\"SearchAction\",\"target\":{\"@type\":\"EntryPoint\",\"urlTemplate\":\"https:\\\/\\\/www.faircobaltalliance.org\\\/?s={search_term_string}\"},\"query-input\":{\"@type\":\"PropertyValueSpecification\",\"valueRequired\":true,\"valueName\":\"search_term_string\"}}],\"inLanguage\":\"fr-FR\"}]}<\/script>\n<!-- \/ Yoast SEO plugin. -->","yoast_head_json":{"title":"Collaboration dans la chai\u0301ne - The Fair Cobalt Alliance","robots":{"index":"index","follow":"follow","max-snippet":"max-snippet:-1","max-image-preview":"max-image-preview:large","max-video-preview":"max-video-preview:-1"},"canonical":"https:\/\/www.faircobaltalliance.org\/fr\/collaboration-dans-la-chaine-dapprovisionnement\/","og_locale":"fr_FR","og_type":"article","og_title":"Collaboration dans la chai\u0301ne - The Fair Cobalt Alliance","og_url":"https:\/\/www.faircobaltalliance.org\/fr\/collaboration-dans-la-chaine-dapprovisionnement\/","og_site_name":"The Fair Cobalt Alliance","article_modified_time":"2023-06-21T11:23:04+00:00","twitter_card":"summary_large_image","schema":{"@context":"https:\/\/schema.org","@graph":[{"@type":"WebPage","@id":"https:\/\/www.faircobaltalliance.org\/fr\/collaboration-dans-la-chaine-dapprovisionnement\/","url":"https:\/\/www.faircobaltalliance.org\/fr\/collaboration-dans-la-chaine-dapprovisionnement\/","name":"Collaboration dans la chai\u0301ne - The Fair Cobalt Alliance","isPartOf":{"@id":"https:\/\/www.faircobaltalliance.org\/#website"},"datePublished":"2021-09-06T14:15:25+00:00","dateModified":"2023-06-21T11:23:04+00:00","inLanguage":"fr-FR","potentialAction":[{"@type":"ReadAction","target":["https:\/\/www.faircobaltalliance.org\/fr\/collaboration-dans-la-chaine-dapprovisionnement\/"]}]},{"@type":"WebSite","@id":"https:\/\/www.faircobaltalliance.org\/#website","url":"https:\/\/www.faircobaltalliance.org\/","name":"The Fair Cobalt Alliance","description":"Through collaboration - change is possible","potentialAction":[{"@type":"SearchAction","target":{"@type":"EntryPoint","urlTemplate":"https:\/\/www.faircobaltalliance.org\/?s={search_term_string}"},"query-input":{"@type":"PropertyValueSpecification","valueRequired":true,"valueName":"search_term_string"}}],"inLanguage":"fr-FR"}]}},"_links":{"self":[{"href":"https:\/\/faircobaltalliance.org\/fr\/wp-json\/wp\/v2\/pages\/36","targetHints":{"allow":["GET"]}}],"collection":[{"href":"https:\/\/faircobaltalliance.org\/fr\/wp-json\/wp\/v2\/pages"}],"about":[{"href":"https:\/\/faircobaltalliance.org\/fr\/wp-json\/wp\/v2\/types\/page"}],"author":[{"embeddable":true,"href":"https:\/\/faircobaltalliance.org\/fr\/wp-json\/wp\/v2\/users\/1"}],"replies":[{"embeddable":true,"href":"https:\/\/faircobaltalliance.org\/fr\/wp-json\/wp\/v2\/comments?post=36"}],"version-history":[{"count":14,"href":"https:\/\/faircobaltalliance.org\/fr\/wp-json\/wp\/v2\/pages\/36\/revisions"}],"predecessor-version":[{"id":4381,"href":"https:\/\/faircobaltalliance.org\/fr\/wp-json\/wp\/v2\/pages\/36\/revisions\/4381"}],"wp:attachment":[{"href":"https:\/\/faircobaltalliance.org\/fr\/wp-json\/wp\/v2\/media?parent=36"}],"curies":[{"name":"wp","href":"https:\/\/api.w.org\/{rel}","templated":true}]}}