{"id":4152,"date":"2023-03-23T09:35:16","date_gmt":"2023-03-23T09:35:16","guid":{"rendered":"https:\/\/fca.flywheelstaging.com\/?page_id=4152"},"modified":"2024-09-30T17:44:12","modified_gmt":"2024-09-30T16:44:12","slug":"policies-and-minutes","status":"publish","type":"page","link":"https:\/\/faircobaltalliance.org\/fr\/informations\/policies-and-minutes\/","title":{"rendered":"Politiques et proc\u00e8s-verbal"},"content":{"rendered":"\n\n<section class=\"text-block user-text     has-divider  \">\n    <div class=\"wrapper\">\n        <h1>Politiques et proc\u00e8s-verbal<\/h1>\n<h5>Vous trouverez ci-dessous le compte rendu de la derni\u00e8re r\u00e9union du conseil consultatif<\/h5>\n    <\/div>\n<\/section>\n\n\n<div class=\"downloads-section user-text \">\n  <div class=\"wrapper\">\n                  <div class=\"download-item\">\n                  <div class=\"download-item__image\">\n              <img decoding=\"async\" src=\"https:\/\/faircobaltalliance.org\/app\/uploads\/2024\/09\/Candice-AB-Front-Page-260x367.jpg\" alt=\"\">\n           <\/div>\n        \n        <div class=\"download-item__text\">\n          <h4 class=\"download-item__title\">Conseil consultatif R\u00e9sum\u00e9 de la r\u00e9union tenue le 11 novembre, 2023<\/h4>\n          <p>Lors de la r\u00e9union du conseil consultatif de novembre 2023, les membres ont donn\u00e9 des conseils cl\u00e9s dans plusieurs domaines. Ils ont fait l&rsquo;\u00e9loge du projet pilote des cr\u00e9dits miniers responsables (CMR), mais ont recommand\u00e9 de donner la priorit\u00e9 \u00e0 l&rsquo;assurance d&rsquo;une tierce partie afin d&rsquo;\u00e9viter les all\u00e9gations d&rsquo;\u00e9coblanchiment. Ils ont \u00e9galement soulign\u00e9 la n\u00e9cessit\u00e9 d&rsquo;une communication publique claire pour distinguer les contributions des CMR des frais d&rsquo;adh\u00e9sion \u00e0 l&rsquo;ACE de Fairphone. En ce qui concerne le cadre de suivi et d&rsquo;\u00e9valuation, ils ont soutenu son r\u00f4le dans la mesure de l&rsquo;impact de l&rsquo;ACE, sugg\u00e9rant des \u00e9tudes de revenus plus granulaires. Enfin, ils ont encourag\u00e9 l&rsquo;alignement des strat\u00e9gies futures sur une collaboration sectorielle plus large, tout en conseillant de donner la priorit\u00e9 aux am\u00e9liorations de la s\u00e9curit\u00e9 telles que la pr\u00e9vention des effondrements de mines.<\/p>\n          <a href=\"https:\/\/faircobaltalliance.org\/app\/uploads\/2024\/09\/2023-11-13-FCA-Advisory-Board-Meeting-Summary-French.docx.pdf\" class=\"button\" target=\"_blank\">Download<\/a>\n        <\/div>\n      <\/div>\n                      <div class=\"download-item\">\n                  <div class=\"download-item__image\">\n              <img decoding=\"async\" src=\"https:\/\/faircobaltalliance.org\/app\/uploads\/2024\/09\/Candice-AB-Front-Page-1-260x367.jpg\" alt=\"\">\n           <\/div>\n        \n        <div class=\"download-item__text\">\n          <h4 class=\"download-item__title\">Conseil consultatif R\u00e9sum\u00e9 de la r\u00e9union tenue le 22 juin, 2023<\/h4>\n          <p>Lors de la r\u00e9union du Conseil consultatif de juin 2023, les principaux conseils ont port\u00e9 sur deux sujets majeurs. Tout d&rsquo;abord, les membres ont discut\u00e9 de l&rsquo;initiative des cr\u00e9dits de cobalt de l&rsquo;EMAPE, approuvant son potentiel pour canaliser les investissements dans les sites miniers par le biais d&rsquo;un syst\u00e8me de cr\u00e9dit similaire aux cr\u00e9dits \u00e9nerg\u00e9tiques. Ils ont conseill\u00e9 d&rsquo;affiner les m\u00e9canismes de gouvernance, les revendications cr\u00e9dibles et un mod\u00e8le de tarification qui concilie la durabilit\u00e9 et l&rsquo;engagement commercial. Deuxi\u00e8mement, le cadre de suivi, d&rsquo;\u00e9valuation et d&rsquo;apprentissage (MEAL) a \u00e9t\u00e9 examin\u00e9. Le conseil d&rsquo;administration a encourag\u00e9 la transparence et la collaboration, recommandant en particulier des partenariats avec des instituts de recherche et des organisations de femmes pour renforcer la collecte de donn\u00e9es et am\u00e9liorer les perspectives de genre.<\/p>\n          <a href=\"https:\/\/faircobaltalliance.org\/app\/uploads\/2024\/09\/2023-06-22-FCA-Advisory-Board-Meeting-Summary-French.docx.pdf\" class=\"button\" target=\"_blank\">Download<\/a>\n        <\/div>\n      <\/div>\n                      <div class=\"download-item\">\n                  <div class=\"download-item__image\">\n              <img decoding=\"async\" src=\"https:\/\/faircobaltalliance.org\/app\/uploads\/2023\/03\/downloads-advisory-board-meeting-summery-French-december22-260x368.jpg\" alt=\"\">\n           <\/div>\n        \n        <div class=\"download-item__text\">\n          <h4 class=\"download-item__title\">Conseil consultatif R\u00e9sum\u00e9 de la r\u00e9union tenue le 6 d\u00e9cembre, 2022<\/h4>\n          <p>Lors de la derni\u00e8re r\u00e9union de l&rsquo;ann\u00e9e, les membres du Conseil consultatif ont rencontr\u00e9 le Secr\u00e9tariat de l&rsquo;ACE pour r\u00e9fl\u00e9chir \u00e0 certaines des activit\u00e9s qui se sont d\u00e9roul\u00e9es au cours du dernier semestre, fournir des informations sur le plan de travail propos\u00e9 pour l&rsquo;ann\u00e9e prochaine, y compris l&rsquo;\u00e9largissement des interventions de l&rsquo;ACE sur les sites miniers.<\/p>\n          <a href=\"https:\/\/faircobaltalliance.org\/app\/uploads\/2023\/03\/2022-12-06-FCA-Advisory-Board-Meeting-Summary-CJ-French.pdf\" class=\"button\" target=\"_blank\">T\u00e9l\u00e9charger<\/a>\n        <\/div>\n      <\/div>\n                      <div class=\"download-item\">\n                  <div class=\"download-item__image\">\n              <img decoding=\"async\" src=\"https:\/\/faircobaltalliance.org\/app\/uploads\/2023\/04\/downloads-articles-of-governance-french-november22_V2-260x368.jpg\" alt=\"\">\n           <\/div>\n        \n        <div class=\"download-item__text\">\n          <h4 class=\"download-item__title\">Articles de gouvernance tenue le 24 novembre 2022<\/h4>\n          <p>Ce document d\u00e9taille la structure de gouvernance de L\u2019ACE est une initiative multipartite qui vise (a) \u00e0 transformer l&rsquo;industrie de l&rsquo;exploitation mini\u00e8re artisanale du cobalt (\u00ab\u00a0EMAPE\u00a0\u00bb) pour avoir un impact positif en R\u00e9publique d\u00e9mocratique du Congo (la \u00ab\u00a0RDC\u00a0\u00bb) en canalisant la demande et en augmentant la disponibilit\u00e9 du cobalt EMAPE responsable, (b) \u00e0 s&rsquo;attaquer syst\u00e9matiquement aux causes profondes du travail des enfants et des pratiques dangereuses sur les sites d&rsquo;exploitation mini\u00e8re artisanale du cobalt, et (c) \u00e0 favoriser une transition juste vers une \u00e9conomie diversifi\u00e9e pour stimuler le d\u00e9veloppement durable de la r\u00e9gion.<\/p>\n          <a href=\"https:\/\/faircobaltalliance.org\/app\/uploads\/2023\/04\/FCA-Articles-of-Governance-AoG_FR.pdf\" class=\"button\" target=\"_blank\">T\u00e9l\u00e9charger<\/a>\n        <\/div>\n      <\/div>\n                      <div class=\"download-item\">\n                  <div class=\"download-item__image\">\n              <img decoding=\"async\" src=\"https:\/\/faircobaltalliance.org\/app\/uploads\/2023\/03\/downloads-advisory-board-meeting-summery-french-july22-260x368.jpg\" alt=\"\">\n           <\/div>\n        \n        <div class=\"download-item__text\">\n          <h4 class=\"download-item__title\">Conseil consultatif R\u00e9sum\u00e9 de la r\u00e9union tenue le 13 juillet, 2022<\/h4>\n          <p dir=\"ltr\">Lors de la premi\u00e8re r\u00e9union officielle du conseil consultatif de l&rsquo;ACE apr\u00e8s la r\u00e9union inaugurale d&rsquo;avril 2022, les membres du conseil ont pu donner leur avis sur les axes de travail de l&rsquo;ACE, r\u00e9fl\u00e9chissant ici \u00e0 la conception et \u00e0 l&rsquo;approche des projets initi\u00e9s au d\u00e9but de l&rsquo;ann\u00e9e, notamment la vision strat\u00e9gique 2025 de l&rsquo;ACE.<\/p>\n          <a href=\"https:\/\/faircobaltalliance.org\/app\/uploads\/2023\/03\/2022-07-13-FCA-Advisory-Board-Meeting-Summary-French.pdf\" class=\"button\" target=\"_blank\">T\u00e9l\u00e9charger<\/a>\n        <\/div>\n      <\/div>\n          <\/div>\n<\/div>\n","protected":false},"excerpt":{"rendered":"","protected":false},"author":1,"featured_media":0,"parent":35,"menu_order":3,"comment_status":"closed","ping_status":"closed","template":"","meta":{"_acf_changed":false,"footnotes":""},"class_list":["post-4152","page","type-page","status-publish","hentry"],"acf":[],"yoast_head":"<!-- This site is optimized with the Yoast SEO plugin v27.3 - https:\/\/yoast.com\/product\/yoast-seo-wordpress\/ -->\n<title>Politiques et proc\u00e8s-verbal - The Fair Cobalt Alliance<\/title>\n<meta name=\"robots\" content=\"index, follow, max-snippet:-1, max-image-preview:large, max-video-preview:-1\" \/>\n<link rel=\"canonical\" href=\"https:\/\/www.faircobaltalliance.org\/fr\/informations\/policies-and-minutes\/\" \/>\n<meta property=\"og:locale\" content=\"fr_FR\" \/>\n<meta property=\"og:type\" content=\"article\" \/>\n<meta property=\"og:title\" content=\"Politiques et proc\u00e8s-verbal - The Fair Cobalt Alliance\" \/>\n<meta property=\"og:url\" content=\"https:\/\/www.faircobaltalliance.org\/fr\/informations\/policies-and-minutes\/\" \/>\n<meta property=\"og:site_name\" content=\"The Fair Cobalt Alliance\" \/>\n<meta property=\"article:modified_time\" content=\"2024-09-30T16:44:12+00:00\" \/>\n<meta name=\"twitter:card\" content=\"summary_large_image\" \/>\n<script type=\"application\/ld+json\" class=\"yoast-schema-graph\">{\"@context\":\"https:\\\/\\\/schema.org\",\"@graph\":[{\"@type\":\"WebPage\",\"@id\":\"https:\\\/\\\/www.faircobaltalliance.org\\\/fr\\\/informations\\\/policies-and-minutes\\\/\",\"url\":\"https:\\\/\\\/www.faircobaltalliance.org\\\/fr\\\/informations\\\/policies-and-minutes\\\/\",\"name\":\"Politiques et proc\u00e8s-verbal - The Fair Cobalt Alliance\",\"isPartOf\":{\"@id\":\"https:\\\/\\\/www.faircobaltalliance.org\\\/#website\"},\"datePublished\":\"2023-03-23T09:35:16+00:00\",\"dateModified\":\"2024-09-30T16:44:12+00:00\",\"breadcrumb\":{\"@id\":\"https:\\\/\\\/www.faircobaltalliance.org\\\/fr\\\/informations\\\/policies-and-minutes\\\/#breadcrumb\"},\"inLanguage\":\"fr-FR\",\"potentialAction\":[{\"@type\":\"ReadAction\",\"target\":[\"https:\\\/\\\/www.faircobaltalliance.org\\\/fr\\\/informations\\\/policies-and-minutes\\\/\"]}]},{\"@type\":\"BreadcrumbList\",\"@id\":\"https:\\\/\\\/www.faircobaltalliance.org\\\/fr\\\/informations\\\/policies-and-minutes\\\/#breadcrumb\",\"itemListElement\":[{\"@type\":\"ListItem\",\"position\":1,\"name\":\"Informations\",\"item\":\"https:\\\/\\\/www.faircobaltalliance.org\\\/fr\\\/informations\\\/\"},{\"@type\":\"ListItem\",\"position\":2,\"name\":\"Politiques et proc\u00e8s-verbal\"}]},{\"@type\":\"WebSite\",\"@id\":\"https:\\\/\\\/www.faircobaltalliance.org\\\/#website\",\"url\":\"https:\\\/\\\/www.faircobaltalliance.org\\\/\",\"name\":\"The Fair Cobalt Alliance\",\"description\":\"Through collaboration - change is possible\",\"potentialAction\":[{\"@type\":\"SearchAction\",\"target\":{\"@type\":\"EntryPoint\",\"urlTemplate\":\"https:\\\/\\\/www.faircobaltalliance.org\\\/?s={search_term_string}\"},\"query-input\":{\"@type\":\"PropertyValueSpecification\",\"valueRequired\":true,\"valueName\":\"search_term_string\"}}],\"inLanguage\":\"fr-FR\"}]}<\/script>\n<!-- \/ Yoast SEO plugin. -->","yoast_head_json":{"title":"Politiques et proc\u00e8s-verbal - The Fair Cobalt Alliance","robots":{"index":"index","follow":"follow","max-snippet":"max-snippet:-1","max-image-preview":"max-image-preview:large","max-video-preview":"max-video-preview:-1"},"canonical":"https:\/\/www.faircobaltalliance.org\/fr\/informations\/policies-and-minutes\/","og_locale":"fr_FR","og_type":"article","og_title":"Politiques et proc\u00e8s-verbal - The Fair Cobalt Alliance","og_url":"https:\/\/www.faircobaltalliance.org\/fr\/informations\/policies-and-minutes\/","og_site_name":"The Fair Cobalt Alliance","article_modified_time":"2024-09-30T16:44:12+00:00","twitter_card":"summary_large_image","schema":{"@context":"https:\/\/schema.org","@graph":[{"@type":"WebPage","@id":"https:\/\/www.faircobaltalliance.org\/fr\/informations\/policies-and-minutes\/","url":"https:\/\/www.faircobaltalliance.org\/fr\/informations\/policies-and-minutes\/","name":"Politiques et proc\u00e8s-verbal - The Fair Cobalt Alliance","isPartOf":{"@id":"https:\/\/www.faircobaltalliance.org\/#website"},"datePublished":"2023-03-23T09:35:16+00:00","dateModified":"2024-09-30T16:44:12+00:00","breadcrumb":{"@id":"https:\/\/www.faircobaltalliance.org\/fr\/informations\/policies-and-minutes\/#breadcrumb"},"inLanguage":"fr-FR","potentialAction":[{"@type":"ReadAction","target":["https:\/\/www.faircobaltalliance.org\/fr\/informations\/policies-and-minutes\/"]}]},{"@type":"BreadcrumbList","@id":"https:\/\/www.faircobaltalliance.org\/fr\/informations\/policies-and-minutes\/#breadcrumb","itemListElement":[{"@type":"ListItem","position":1,"name":"Informations","item":"https:\/\/www.faircobaltalliance.org\/fr\/informations\/"},{"@type":"ListItem","position":2,"name":"Politiques et proc\u00e8s-verbal"}]},{"@type":"WebSite","@id":"https:\/\/www.faircobaltalliance.org\/#website","url":"https:\/\/www.faircobaltalliance.org\/","name":"The Fair Cobalt Alliance","description":"Through collaboration - change is possible","potentialAction":[{"@type":"SearchAction","target":{"@type":"EntryPoint","urlTemplate":"https:\/\/www.faircobaltalliance.org\/?s={search_term_string}"},"query-input":{"@type":"PropertyValueSpecification","valueRequired":true,"valueName":"search_term_string"}}],"inLanguage":"fr-FR"}]}},"_links":{"self":[{"href":"https:\/\/faircobaltalliance.org\/fr\/wp-json\/wp\/v2\/pages\/4152","targetHints":{"allow":["GET"]}}],"collection":[{"href":"https:\/\/faircobaltalliance.org\/fr\/wp-json\/wp\/v2\/pages"}],"about":[{"href":"https:\/\/faircobaltalliance.org\/fr\/wp-json\/wp\/v2\/types\/page"}],"author":[{"embeddable":true,"href":"https:\/\/faircobaltalliance.org\/fr\/wp-json\/wp\/v2\/users\/1"}],"replies":[{"embeddable":true,"href":"https:\/\/faircobaltalliance.org\/fr\/wp-json\/wp\/v2\/comments?post=4152"}],"version-history":[{"count":13,"href":"https:\/\/faircobaltalliance.org\/fr\/wp-json\/wp\/v2\/pages\/4152\/revisions"}],"predecessor-version":[{"id":6128,"href":"https:\/\/faircobaltalliance.org\/fr\/wp-json\/wp\/v2\/pages\/4152\/revisions\/6128"}],"up":[{"embeddable":true,"href":"https:\/\/faircobaltalliance.org\/fr\/wp-json\/wp\/v2\/pages\/35"}],"wp:attachment":[{"href":"https:\/\/faircobaltalliance.org\/fr\/wp-json\/wp\/v2\/media?parent=4152"}],"curies":[{"name":"wp","href":"https:\/\/api.w.org\/{rel}","templated":true}]}}